{"id":19332,"date":"2024-09-10T15:32:23","date_gmt":"2024-09-10T12:32:23","guid":{"rendered":"https:\/\/toolhouse.fi\/?post_type=product&#038;p=19332"},"modified":"2025-10-21T11:17:43","modified_gmt":"2025-10-21T08:17:43","slug":"bransle-och-vakuum-trycktestare","status":"publish","type":"product","link":"https:\/\/toolhouse.fi\/sv\/produkt\/bransle-och-vakuum-trycktestare\/","title":{"rendered":"Br\u00e4nsle- och vakuum trycktestare"},"content":{"rendered":"","protected":false},"excerpt":{"rendered":"<p>Vakuum och br\u00e4nslepumptestare f\u00f6r att testa mekaniska br\u00e4nslepumpar, br\u00e4nsleledningar och f\u00f6r t\u00e4thetsprovning av gasspj\u00e4ll, inloppsr\u00f6r, vakuumslangar, etc.<\/p>\n<p>&nbsp;<\/p>\n<ul>\n<li>innefattar flexibel slang, adaptrar samt f\u00f6rvaringsl\u00e5da.<\/li>\n<li>Tryck \/ vakuumm\u00e4tare med krok och st\u00f6tskydd i gummi<\/li>\n<\/ul>\n<p><b>Tekniska data<\/b><\/p>\n<ul>\n<li>Tryck m\u00e4tomr\u00e5de &#8211; 0 till 1 kg \/ cm (0-14 psig)<\/li>\n<li>Vacuum &#8211; 0-25 i HG (0-70 cm HG)<\/li>\n<li>Tryck \/ vakuumm\u00e4tare med st\u00f6tskydd i gummi &#8211; \u00d8 100 mm<\/li>\n<li>Tillverkare: Geko<\/li>\n<\/ul>\n","protected":false},"featured_media":19569,"template":"","meta":{"_acf_changed":false,"_seopress_robots_primary_cat":"none","_seopress_titles_title":"","_seopress_titles_desc":"","_seopress_robots_index":""},"product_cat":[338,582],"product_tag":[],"class_list":{"0":"post-19332","1":"product","2":"type-product","3":"status-publish","4":"has-post-thumbnail","6":"product_cat-fordonsverktyg","7":"product_cat-motorverktyg","8":"product_shipping_class-tillbehor-790","10":"first","11":"instock","12":"taxable","13":"shipping-taxable","14":"purchasable","15":"product-type-simple","swatches":"rey-swatches","show_selected":""},"acf":[],"_links":{"self":[{"href":"https:\/\/toolhouse.fi\/sv\/wp-json\/wp\/v2\/product\/19332","targetHints":{"allow":["GET"]}}],"collection":[{"href":"https:\/\/toolhouse.fi\/sv\/wp-json\/wp\/v2\/product"}],"about":[{"href":"https:\/\/toolhouse.fi\/sv\/wp-json\/wp\/v2\/types\/product"}],"version-history":[{"count":1,"href":"https:\/\/toolhouse.fi\/sv\/wp-json\/wp\/v2\/product\/19332\/revisions"}],"predecessor-version":[{"id":19571,"href":"https:\/\/toolhouse.fi\/sv\/wp-json\/wp\/v2\/product\/19332\/revisions\/19571"}],"wp:featuredmedia":[{"embeddable":true,"href":"https:\/\/toolhouse.fi\/sv\/wp-json\/wp\/v2\/media\/19569"}],"wp:attachment":[{"href":"https:\/\/toolhouse.fi\/sv\/wp-json\/wp\/v2\/media?parent=19332"}],"wp:term":[{"taxonomy":"product_cat","embeddable":true,"href":"https:\/\/toolhouse.fi\/sv\/wp-json\/wp\/v2\/product_cat?post=19332"},{"taxonomy":"product_tag","embeddable":true,"href":"https:\/\/toolhouse.fi\/sv\/wp-json\/wp\/v2\/product_tag?post=19332"}],"curies":[{"name":"wp","href":"https:\/\/api.w.org\/{rel}","templated":true}]}}