{"id":1942,"date":"2020-11-29T12:28:47","date_gmt":"2020-11-29T10:28:47","guid":{"rendered":"https:\/\/toolhouse.fi\/?post_type=product&#038;p=1942"},"modified":"2025-04-24T18:21:28","modified_gmt":"2025-04-24T15:21:28","slug":"tr-412-ventil-100st","status":"publish","type":"product","link":"https:\/\/toolhouse.fi\/sv\/produkt\/tr-412-ventil-100st\/","title":{"rendered":"Tr 412 ventil 100st"},"content":{"rendered":"","protected":false},"excerpt":{"rendered":"<p><span style=\"color: inherit; font-family: inherit; font-size: var(--h3-font-size); font-weight: var(--font-weight-bold); background-color: var(--body-bg-color);\">TR 412 \u2013 100 st EPDM<\/span><\/p>\n<section id=\"projector_photos\" class=\"photos col-12 col-md-6 col-lg-7 d-flex align-items-start mb-2 mb-md-4\">\n<div id=\"photos_nav\" class=\"photos__nav d-none d-md-flex flex-md-column\" data-more-slides=\"6\"><\/div>\n<\/section>\n<ul>\n<li>Passar de flesta st\u00e5l och l\u00e4ttmetallf\u00e4lgar.<\/li>\n<li>Kompletta med ventiln\u00e5l och kork.<\/li>\n<li>K\u00e4rna och ventiln\u00e5l av m\u00e4ssing.<\/li>\n<li>Tillverkade i EPDM-gummi och m\u00e4ssing f\u00f6r extra h\u00e5llbarhet<\/li>\n<li>Tillverkade i Tyskland &amp; T\u00dcV-godk\u00e4nda<\/li>\n<li>Tillverkare: Tip-Topol<\/li>\n<li>F\u00e4lgh\u00e5l 11,3mm<\/li>\n<li>Totall\u00e4ngd 35mm, utstick 25mm<\/li>\n<\/ul>\n","protected":false},"featured_media":25330,"template":"","meta":{"_acf_changed":false,"_seopress_robots_primary_cat":"none","_seopress_titles_title":"","_seopress_titles_desc":"","_seopress_robots_index":""},"product_cat":[18,294],"product_tag":[],"class_list":{"0":"post-1942","1":"product","2":"type-product","3":"status-publish","4":"has-post-thumbnail","6":"product_cat-dackarbete","7":"product_cat-dackventiler","8":"product_shipping_class-tillbehor-590","10":"first","11":"outofstock","12":"taxable","13":"shipping-taxable","14":"purchasable","15":"product-type-simple","swatches":"rey-swatches","show_selected":""},"acf":[],"_links":{"self":[{"href":"https:\/\/toolhouse.fi\/sv\/wp-json\/wp\/v2\/product\/1942","targetHints":{"allow":["GET"]}}],"collection":[{"href":"https:\/\/toolhouse.fi\/sv\/wp-json\/wp\/v2\/product"}],"about":[{"href":"https:\/\/toolhouse.fi\/sv\/wp-json\/wp\/v2\/types\/product"}],"version-history":[{"count":2,"href":"https:\/\/toolhouse.fi\/sv\/wp-json\/wp\/v2\/product\/1942\/revisions"}],"predecessor-version":[{"id":25334,"href":"https:\/\/toolhouse.fi\/sv\/wp-json\/wp\/v2\/product\/1942\/revisions\/25334"}],"wp:featuredmedia":[{"embeddable":true,"href":"https:\/\/toolhouse.fi\/sv\/wp-json\/wp\/v2\/media\/25330"}],"wp:attachment":[{"href":"https:\/\/toolhouse.fi\/sv\/wp-json\/wp\/v2\/media?parent=1942"}],"wp:term":[{"taxonomy":"product_cat","embeddable":true,"href":"https:\/\/toolhouse.fi\/sv\/wp-json\/wp\/v2\/product_cat?post=1942"},{"taxonomy":"product_tag","embeddable":true,"href":"https:\/\/toolhouse.fi\/sv\/wp-json\/wp\/v2\/product_tag?post=1942"}],"curies":[{"name":"wp","href":"https:\/\/api.w.org\/{rel}","templated":true}]}}