{"id":19480,"date":"2024-09-10T15:32:45","date_gmt":"2024-09-10T12:32:45","guid":{"rendered":"https:\/\/toolhouse.fi\/?post_type=product&#038;p=19480"},"modified":"2025-06-30T12:59:27","modified_gmt":"2025-06-30T09:59:27","slug":"bromsluftare-tryckluft","status":"publish","type":"product","link":"https:\/\/toolhouse.fi\/sv\/produkt\/bromsluftare-tryckluft\/","title":{"rendered":"Bromsluftare tryckluft"},"content":{"rendered":"","protected":false},"excerpt":{"rendered":"<p>L\u00e4ttanv\u00e4nd tryckluftsdriven luftare f\u00f6r broms och koppling.<\/p>\n<ul>\n<li>P\u00e5fyllningsflaska med kran och fyra adaptrar f\u00f6r bromsv\u00e4tskebeh\u00e5llaren.<\/li>\n<li>200cm slang<\/li>\n<li>Adapter 2st<\/li>\n<li>Bromsluftare med 1\/4&#8243; anslutning.<\/li>\n<\/ul>\n<ul>\n<li>Beh\u00e5llare: 0.75 liter<\/li>\n<li>P\u00e5fyllningsbeh\u00e5llare 0,75 liter<\/li>\n<li>Luftf\u00f6rbrukning 180 L\/min<\/li>\n<li>Vacuum: 60%<\/li>\n<li>Tillverkare: Geko<\/li>\n<\/ul>\n","protected":false},"featured_media":19587,"template":"","meta":{"_acf_changed":false,"_seopress_robots_primary_cat":"","_seopress_titles_title":"","_seopress_titles_desc":"","_seopress_robots_index":""},"product_cat":[584,338,330],"product_tag":[],"class_list":{"0":"post-19480","1":"product","2":"type-product","3":"status-publish","4":"has-post-thumbnail","6":"product_cat-bromsverktyg","7":"product_cat-fordonsverktyg","8":"product_cat-tryckluft-ovrigt","9":"product_shipping_class-tillbehor-790","11":"first","12":"instock","13":"taxable","14":"shipping-taxable","15":"purchasable","16":"product-type-simple","swatches":"rey-swatches","show_selected":""},"acf":[],"_links":{"self":[{"href":"https:\/\/toolhouse.fi\/sv\/wp-json\/wp\/v2\/product\/19480","targetHints":{"allow":["GET"]}}],"collection":[{"href":"https:\/\/toolhouse.fi\/sv\/wp-json\/wp\/v2\/product"}],"about":[{"href":"https:\/\/toolhouse.fi\/sv\/wp-json\/wp\/v2\/types\/product"}],"version-history":[{"count":1,"href":"https:\/\/toolhouse.fi\/sv\/wp-json\/wp\/v2\/product\/19480\/revisions"}],"predecessor-version":[{"id":19589,"href":"https:\/\/toolhouse.fi\/sv\/wp-json\/wp\/v2\/product\/19480\/revisions\/19589"}],"wp:featuredmedia":[{"embeddable":true,"href":"https:\/\/toolhouse.fi\/sv\/wp-json\/wp\/v2\/media\/19587"}],"wp:attachment":[{"href":"https:\/\/toolhouse.fi\/sv\/wp-json\/wp\/v2\/media?parent=19480"}],"wp:term":[{"taxonomy":"product_cat","embeddable":true,"href":"https:\/\/toolhouse.fi\/sv\/wp-json\/wp\/v2\/product_cat?post=19480"},{"taxonomy":"product_tag","embeddable":true,"href":"https:\/\/toolhouse.fi\/sv\/wp-json\/wp\/v2\/product_tag?post=19480"}],"curies":[{"name":"wp","href":"https:\/\/api.w.org\/{rel}","templated":true}]}}