{"id":19482,"date":"2024-09-10T15:32:45","date_gmt":"2024-09-10T12:32:45","guid":{"rendered":"https:\/\/toolhouse.fi\/?post_type=product&#038;p=19482"},"modified":"2026-05-07T13:40:55","modified_gmt":"2026-05-07T10:40:55","slug":"kabelskotang-0-5-6mm","status":"publish","type":"product","link":"https:\/\/toolhouse.fi\/sv\/produkt\/kabelskotang-0-5-6mm\/","title":{"rendered":"Kabelskot\u00e5ng 0.5-6mm"},"content":{"rendered":"","protected":false},"excerpt":{"rendered":"<p>F\u00f6r oisolerade kabelskor med storlek fr\u00e5n 0.5 till 6.0 mm\u00b2.<\/p>\n<ul>\n<li>0.5-6.0 mm\u00b2\/20-10 AWG.<\/li>\n<li>Justerbart presstryck.<\/li>\n<li>L\u00e4ngd: 222 mm<\/li>\n<li>Vikt: 0,6 kg<\/li>\n<li>Tillverkare: Geko<\/li>\n<\/ul>\n","protected":false},"featured_media":19613,"template":"","meta":{"_acf_changed":false,"_seopress_robots_primary_cat":"","_seopress_titles_title":"","_seopress_titles_desc":"","_seopress_robots_index":""},"product_cat":[578,336],"product_tag":[],"class_list":{"0":"post-19482","1":"product","2":"type-product","3":"status-publish","4":"has-post-thumbnail","6":"product_cat-handverktyg","7":"product_cat-verktyg","8":"product_shipping_class-tillbehor-790","10":"first","11":"instock","12":"taxable","13":"shipping-taxable","14":"purchasable","15":"product-type-simple","swatches":"rey-swatches","show_selected":""},"acf":[],"_links":{"self":[{"href":"https:\/\/toolhouse.fi\/sv\/wp-json\/wp\/v2\/product\/19482","targetHints":{"allow":["GET"]}}],"collection":[{"href":"https:\/\/toolhouse.fi\/sv\/wp-json\/wp\/v2\/product"}],"about":[{"href":"https:\/\/toolhouse.fi\/sv\/wp-json\/wp\/v2\/types\/product"}],"version-history":[{"count":1,"href":"https:\/\/toolhouse.fi\/sv\/wp-json\/wp\/v2\/product\/19482\/revisions"}],"predecessor-version":[{"id":32824,"href":"https:\/\/toolhouse.fi\/sv\/wp-json\/wp\/v2\/product\/19482\/revisions\/32824"}],"wp:featuredmedia":[{"embeddable":true,"href":"https:\/\/toolhouse.fi\/sv\/wp-json\/wp\/v2\/media\/19613"}],"wp:attachment":[{"href":"https:\/\/toolhouse.fi\/sv\/wp-json\/wp\/v2\/media?parent=19482"}],"wp:term":[{"taxonomy":"product_cat","embeddable":true,"href":"https:\/\/toolhouse.fi\/sv\/wp-json\/wp\/v2\/product_cat?post=19482"},{"taxonomy":"product_tag","embeddable":true,"href":"https:\/\/toolhouse.fi\/sv\/wp-json\/wp\/v2\/product_tag?post=19482"}],"curies":[{"name":"wp","href":"https:\/\/api.w.org\/{rel}","templated":true}]}}