{"id":19489,"date":"2024-09-10T15:32:45","date_gmt":"2024-09-10T12:32:45","guid":{"rendered":"https:\/\/toolhouse.fi\/?post_type=product&#038;p=19489"},"modified":"2025-11-13T11:29:05","modified_gmt":"2025-11-13T09:29:05","slug":"lyftblock-1000kg","status":"publish","type":"product","link":"https:\/\/toolhouse.fi\/sv\/produkt\/lyftblock-1000kg\/","title":{"rendered":"Lyftblock 1000kg"},"content":{"rendered":"<table class=\"infotable__table infotable__table--default infotable__table--default--striped infotable__table__width--2\" cellspacing=\"0\">\n<tbody>\n<tr>\n<td>Tillverkare<\/p>\n<p>Max kapacitet<\/td>\n<td>Tvardy<\/p>\n<p>1000 kg<\/td>\n<\/tr>\n<tr>\n<td>Lyfth\u00f6jd<\/td>\n<td>3 m<\/td>\n<\/tr>\n<tr>\n<td>Roterbara krokar<\/td>\n<td>Ja<\/td>\n<\/tr>\n<tr>\n<td><\/td>\n<td><\/td>\n<\/tr>\n<tr>\n<td>K\u00e4ttingdiameter<\/td>\n<td>6 mm (lyftk\u00e4tting)<\/td>\n<\/tr>\n<tr>\n<td>Vikt<\/td>\n<td>9,9 kg<\/td>\n<\/tr>\n<tr>\n<td>CE-m\u00e4rkt<\/td>\n<td>Ja<\/td>\n<\/tr>\n<\/tbody>\n<\/table>\n","protected":false},"excerpt":{"rendered":"<p>Robust och s\u00e4kert lyftblock som \u00e4r l\u00e4tt att anv\u00e4nda.<\/p>\n<p>H\u00e4rdade krokar och kedja i G80 st\u00e5l.<\/p>\n","protected":false},"featured_media":19725,"template":"","meta":{"_acf_changed":false,"_seopress_robots_primary_cat":"none","_seopress_titles_title":"","_seopress_titles_desc":"","_seopress_robots_index":""},"product_cat":[21,750],"product_tag":[],"class_list":{"0":"post-19489","1":"product","2":"type-product","3":"status-publish","4":"has-post-thumbnail","6":"product_cat-verkstadsutrustning","7":"product_cat-vinschar","8":"product_shipping_class-frakt149e","10":"first","11":"instock","12":"taxable","13":"shipping-taxable","14":"purchasable","15":"product-type-simple","swatches":"rey-swatches","show_selected":""},"acf":[],"_links":{"self":[{"href":"https:\/\/toolhouse.fi\/sv\/wp-json\/wp\/v2\/product\/19489","targetHints":{"allow":["GET"]}}],"collection":[{"href":"https:\/\/toolhouse.fi\/sv\/wp-json\/wp\/v2\/product"}],"about":[{"href":"https:\/\/toolhouse.fi\/sv\/wp-json\/wp\/v2\/types\/product"}],"version-history":[{"count":1,"href":"https:\/\/toolhouse.fi\/sv\/wp-json\/wp\/v2\/product\/19489\/revisions"}],"predecessor-version":[{"id":19727,"href":"https:\/\/toolhouse.fi\/sv\/wp-json\/wp\/v2\/product\/19489\/revisions\/19727"}],"wp:featuredmedia":[{"embeddable":true,"href":"https:\/\/toolhouse.fi\/sv\/wp-json\/wp\/v2\/media\/19725"}],"wp:attachment":[{"href":"https:\/\/toolhouse.fi\/sv\/wp-json\/wp\/v2\/media?parent=19489"}],"wp:term":[{"taxonomy":"product_cat","embeddable":true,"href":"https:\/\/toolhouse.fi\/sv\/wp-json\/wp\/v2\/product_cat?post=19489"},{"taxonomy":"product_tag","embeddable":true,"href":"https:\/\/toolhouse.fi\/sv\/wp-json\/wp\/v2\/product_tag?post=19489"}],"curies":[{"name":"wp","href":"https:\/\/api.w.org\/{rel}","templated":true}]}}