{"id":19490,"date":"2024-09-10T15:32:45","date_gmt":"2024-09-10T12:32:45","guid":{"rendered":"https:\/\/toolhouse.fi\/?post_type=product&#038;p=19490"},"modified":"2025-08-26T12:14:16","modified_gmt":"2025-08-26T09:14:16","slug":"dragblock-4000-kg","status":"publish","type":"product","link":"https:\/\/toolhouse.fi\/sv\/produkt\/dragblock-4000-kg\/","title":{"rendered":"Dragblock 4000 kg"},"content":{"rendered":"<table class=\"infotable__table infotable__table--default infotable__table--default--striped infotable__table__width--2\" cellspacing=\"0\">\n<tbody>\n<tr>\n<td>Tillverkare<\/p>\n<p>Max kapacitet<\/td>\n<td>Geko<br \/>\n4000 kg<\/td>\n<\/tr>\n<tr>\n<td>Vajerl\u00e4ngd<\/td>\n<td>250 cm<\/td>\n<\/tr>\n<tr>\n<td>Vajerdiameter<\/td>\n<td>6 mm<\/td>\n<\/tr>\n<tr>\n<td>Dubbla kugghjul<\/td>\n<td>Ja<\/td>\n<\/tr>\n<tr>\n<td>S\u00e4kerhetssp\u00e4rr<\/td>\n<td>Ja<\/td>\n<\/tr>\n<tr>\n<td>Utv\u00e4xling<\/td>\n<td>15:1<\/td>\n<\/tr>\n<tr>\n<td>CE-m\u00e4rkt<\/td>\n<td>Ja<\/td>\n<\/tr>\n<\/tbody>\n<\/table>\n","protected":false},"excerpt":{"rendered":"<p>Kraftigt dragblock som drar 4 ton.<\/p>\n<p>Utrustad med, dubbla kugghjul f\u00f6r h\u00f6g s\u00e4kerhet samt stor kraft.<\/p>\n<p>Grov 6 mm vajer med l\u00e4ngd p\u00e5 250 cm.<\/p>\n<p>Tillverkad i f\u00f6rzinkat st\u00e5l.<\/p>\n","protected":false},"featured_media":19734,"template":"","meta":{"_acf_changed":false,"_seopress_robots_primary_cat":"none","_seopress_titles_title":"","_seopress_titles_desc":"","_seopress_robots_index":""},"product_cat":[349,21,750],"product_tag":[],"class_list":{"0":"post-19490","1":"product","2":"type-product","3":"status-publish","4":"has-post-thumbnail","6":"product_cat-ovrigt","7":"product_cat-verkstadsutrustning","8":"product_cat-vinschar","9":"product_shipping_class-frakt149e","11":"first","12":"instock","13":"taxable","14":"shipping-taxable","15":"purchasable","16":"product-type-simple","swatches":"rey-swatches","show_selected":""},"acf":[],"_links":{"self":[{"href":"https:\/\/toolhouse.fi\/sv\/wp-json\/wp\/v2\/product\/19490","targetHints":{"allow":["GET"]}}],"collection":[{"href":"https:\/\/toolhouse.fi\/sv\/wp-json\/wp\/v2\/product"}],"about":[{"href":"https:\/\/toolhouse.fi\/sv\/wp-json\/wp\/v2\/types\/product"}],"version-history":[{"count":1,"href":"https:\/\/toolhouse.fi\/sv\/wp-json\/wp\/v2\/product\/19490\/revisions"}],"predecessor-version":[{"id":19736,"href":"https:\/\/toolhouse.fi\/sv\/wp-json\/wp\/v2\/product\/19490\/revisions\/19736"}],"wp:featuredmedia":[{"embeddable":true,"href":"https:\/\/toolhouse.fi\/sv\/wp-json\/wp\/v2\/media\/19734"}],"wp:attachment":[{"href":"https:\/\/toolhouse.fi\/sv\/wp-json\/wp\/v2\/media?parent=19490"}],"wp:term":[{"taxonomy":"product_cat","embeddable":true,"href":"https:\/\/toolhouse.fi\/sv\/wp-json\/wp\/v2\/product_cat?post=19490"},{"taxonomy":"product_tag","embeddable":true,"href":"https:\/\/toolhouse.fi\/sv\/wp-json\/wp\/v2\/product_tag?post=19490"}],"curies":[{"name":"wp","href":"https:\/\/api.w.org\/{rel}","templated":true}]}}