{"id":19492,"date":"2024-09-10T15:32:45","date_gmt":"2024-09-10T12:32:45","guid":{"rendered":"https:\/\/toolhouse.fi\/?post_type=product&#038;p=19492"},"modified":"2026-03-03T15:15:07","modified_gmt":"2026-03-03T13:15:07","slug":"handvinsch-med-rem-1134kg-10m","status":"publish","type":"product","link":"https:\/\/toolhouse.fi\/sv\/produkt\/handvinsch-med-rem-1134kg-10m\/","title":{"rendered":"Handvinsch med rem 1134kg 10m"},"content":{"rendered":"","protected":false},"excerpt":{"rendered":"<p>Kraftig handvinsch fr\u00e5n Geko, tillverkad i lackerad st\u00e5lpl\u00e5t.<\/p>\n<ul>\n<li>2\u00a0 utv\u00e4xlingar<\/li>\n<li>Kapacitet 1134 kg<\/li>\n<li>Bredd p\u00e5 rem 50 mm.<\/li>\n<li>L\u00e4ngd p\u00e5 rem 10 m.<\/li>\n<li>Standard f\u00e4sth\u00e5l i bottenplattan f\u00f6r t.ex b\u00e5ttrailer.<\/li>\n<li>Fri utdragning av remmen.<\/li>\n<li>Fungerar \u00e5t b\u00e5da h\u00e5llen<\/li>\n<li>L\u00e5ssp\u00e4rr 2-v\u00e4gs<\/li>\n<li>Krok med fj\u00e4drande bygel<\/li>\n<li>Vikt : 5kg<\/li>\n<li>Tillverkare: Geko<\/li>\n<\/ul>\n","protected":false},"featured_media":19752,"template":"","meta":{"_acf_changed":false,"_seopress_robots_primary_cat":"none","_seopress_titles_title":"","_seopress_titles_desc":"","_seopress_robots_index":""},"product_cat":[21,750],"product_tag":[],"class_list":{"0":"post-19492","1":"product","2":"type-product","3":"status-publish","4":"has-post-thumbnail","6":"product_cat-verkstadsutrustning","7":"product_cat-vinschar","8":"product_shipping_class-frakt149e","10":"first","11":"instock","12":"taxable","13":"shipping-taxable","14":"purchasable","15":"product-type-simple","swatches":"rey-swatches","show_selected":""},"acf":[],"_links":{"self":[{"href":"https:\/\/toolhouse.fi\/sv\/wp-json\/wp\/v2\/product\/19492","targetHints":{"allow":["GET"]}}],"collection":[{"href":"https:\/\/toolhouse.fi\/sv\/wp-json\/wp\/v2\/product"}],"about":[{"href":"https:\/\/toolhouse.fi\/sv\/wp-json\/wp\/v2\/types\/product"}],"version-history":[{"count":1,"href":"https:\/\/toolhouse.fi\/sv\/wp-json\/wp\/v2\/product\/19492\/revisions"}],"predecessor-version":[{"id":19754,"href":"https:\/\/toolhouse.fi\/sv\/wp-json\/wp\/v2\/product\/19492\/revisions\/19754"}],"wp:featuredmedia":[{"embeddable":true,"href":"https:\/\/toolhouse.fi\/sv\/wp-json\/wp\/v2\/media\/19752"}],"wp:attachment":[{"href":"https:\/\/toolhouse.fi\/sv\/wp-json\/wp\/v2\/media?parent=19492"}],"wp:term":[{"taxonomy":"product_cat","embeddable":true,"href":"https:\/\/toolhouse.fi\/sv\/wp-json\/wp\/v2\/product_cat?post=19492"},{"taxonomy":"product_tag","embeddable":true,"href":"https:\/\/toolhouse.fi\/sv\/wp-json\/wp\/v2\/product_tag?post=19492"}],"curies":[{"name":"wp","href":"https:\/\/api.w.org\/{rel}","templated":true}]}}