{"id":19497,"date":"2024-09-10T15:32:46","date_gmt":"2024-09-10T12:32:46","guid":{"rendered":"https:\/\/toolhouse.fi\/?post_type=product&#038;p=19497"},"modified":"2026-03-31T21:46:20","modified_gmt":"2026-03-31T18:46:20","slug":"brytjarn-4-st","status":"publish","type":"product","link":"https:\/\/toolhouse.fi\/sv\/produkt\/brytjarn-4-st\/","title":{"rendered":"Brytj\u00e4rn 4 st"},"content":{"rendered":"","protected":false},"excerpt":{"rendered":"<p>Beh\u00e4ndiga brytj\u00e4rn tillverkade i CRV-st\u00e5l.<\/p>\n<p>L\u00e4ngder:<\/p>\n<ul>\n<li>200mm<\/li>\n<li>300mm<\/li>\n<li>450mm<\/li>\n<li>600mm<\/li>\n<\/ul>\n<p>Geko premium<\/p>\n","protected":false},"featured_media":19794,"template":"","meta":{"_acf_changed":false,"_seopress_robots_primary_cat":"none","_seopress_titles_title":"","_seopress_titles_desc":"","_seopress_robots_index":""},"product_cat":[338,578,349,336,585],"product_tag":[],"class_list":{"0":"post-19497","1":"product","2":"type-product","3":"status-publish","4":"has-post-thumbnail","6":"product_cat-fordonsverktyg","7":"product_cat-handverktyg","8":"product_cat-ovrigt","9":"product_cat-verktyg","10":"product_cat-verktyg-for-underrede-och-transmission","11":"product_shipping_class-frakt149e","13":"first","14":"instock","15":"taxable","16":"shipping-taxable","17":"purchasable","18":"product-type-simple","swatches":"rey-swatches","show_selected":""},"acf":[],"_links":{"self":[{"href":"https:\/\/toolhouse.fi\/sv\/wp-json\/wp\/v2\/product\/19497","targetHints":{"allow":["GET"]}}],"collection":[{"href":"https:\/\/toolhouse.fi\/sv\/wp-json\/wp\/v2\/product"}],"about":[{"href":"https:\/\/toolhouse.fi\/sv\/wp-json\/wp\/v2\/types\/product"}],"version-history":[{"count":1,"href":"https:\/\/toolhouse.fi\/sv\/wp-json\/wp\/v2\/product\/19497\/revisions"}],"predecessor-version":[{"id":19796,"href":"https:\/\/toolhouse.fi\/sv\/wp-json\/wp\/v2\/product\/19497\/revisions\/19796"}],"wp:featuredmedia":[{"embeddable":true,"href":"https:\/\/toolhouse.fi\/sv\/wp-json\/wp\/v2\/media\/19794"}],"wp:attachment":[{"href":"https:\/\/toolhouse.fi\/sv\/wp-json\/wp\/v2\/media?parent=19497"}],"wp:term":[{"taxonomy":"product_cat","embeddable":true,"href":"https:\/\/toolhouse.fi\/sv\/wp-json\/wp\/v2\/product_cat?post=19497"},{"taxonomy":"product_tag","embeddable":true,"href":"https:\/\/toolhouse.fi\/sv\/wp-json\/wp\/v2\/product_tag?post=19497"}],"curies":[{"name":"wp","href":"https:\/\/api.w.org\/{rel}","templated":true}]}}