{"id":1951,"date":"2020-11-29T13:45:31","date_gmt":"2020-11-29T11:45:31","guid":{"rendered":"https:\/\/toolhouse.fi\/?post_type=product&#038;p=1951"},"modified":"2026-04-15T15:26:36","modified_gmt":"2026-04-15T12:26:36","slug":"pelarborrmaskin-cormak-32","status":"publish","type":"product","link":"https:\/\/toolhouse.fi\/sv\/produkt\/pelarborrmaskin-cormak-32\/","title":{"rendered":"Pelarborrmaskin Cormak 32"},"content":{"rendered":"<p><strong><em>L\u00e4nk till produktvideo:<\/em><\/strong><\/p>\n<p><iframe title=\"Cormak 32 pylv\u00e4sporakone, kierteen teko.\" width=\"1410\" height=\"793\" src=\"https:\/\/www.youtube.com\/embed\/AqttsqFRUAU?feature=oembed\" frameborder=\"0\" allow=\"accelerometer; autoplay; clipboard-write; encrypted-media; gyroscope; picture-in-picture; web-share\" referrerpolicy=\"strict-origin-when-cross-origin\" allowfullscreen><\/iframe><\/p>\n<p>&nbsp;<\/p>\n<p><strong>L\u00e4nk till tillverkarens produktvideo:<\/strong> <a style=\"font-size: 14.4px;\" href=\"https:\/\/www.youtube.com\/watch?v=xyGtyIYV-TY\">https:\/\/www.youtube.com\/watch?v=xyGtyIYV-TY<\/a><\/p>\n<table border=\"1\" width=\"500\" cellspacing=\"0\" cellpadding=\"0\">\n<tbody>\n<tr>\n<td>St\u00f6rsta borrdiameter<\/td>\n<td>\n<p align=\"center\"><strong>32\u00a0mm<\/strong><\/p>\n<\/td>\n<\/tr>\n<tr>\n<td>Chuck kapacitet<\/td>\n<td>\n<p align=\"center\"><strong>16 mm<\/strong><\/p>\n<\/td>\n<\/tr>\n<tr>\n<td>Morsekona<\/td>\n<td>\n<p align=\"center\"><strong>MK4<\/strong><\/p>\n<\/td>\n<\/tr>\n<tr>\n<td>Avst\u00e5nd fr\u00e5n pelaren till spindeln<\/td>\n<td>\n<p align=\"center\"><strong>254 mm<\/strong><\/p>\n<\/td>\n<\/tr>\n<tr>\n<td>Spindel slagl\u00e4ngd<\/td>\n<td>\n<p align=\"center\"><strong>120 mm<\/strong><\/p>\n<\/td>\n<\/tr>\n<tr>\n<td>St\u00f6rsta avst\u00e5nd fr\u00e5n bord till spindel<\/td>\n<td>\n<p align=\"center\"><strong>595\u00a0mm<\/strong><\/p>\n<\/td>\n<\/tr>\n<tr>\n<td>Sp\u00e4nning<\/td>\n<td>\n<p align=\"center\"><strong>3-fas 400v<\/strong><\/p>\n<\/td>\n<\/tr>\n<tr>\n<td>Avst\u00e5nd basplatta till chuck<\/td>\n<td>\n<p align=\"center\"><strong>1075 mm<\/strong><\/p>\n<\/td>\n<\/tr>\n<tr>\n<td>Bord m\u00e5tt<\/td>\n<td>\n<p align=\"center\"><b>475\u00d7425 mm<\/b><\/p>\n<\/td>\n<\/tr>\n<tr>\n<td>Pelardiameter<\/td>\n<td>\n<p align=\"center\"><strong>92 mm<\/strong><\/p>\n<\/td>\n<\/tr>\n<tr>\n<td>Motoreffekt<\/td>\n<td>\n<p align=\"center\"><strong>1.5 kW<\/strong><\/p>\n<\/td>\n<\/tr>\n<tr>\n<td>M\u00e5tt<\/td>\n<td>\n<p align=\"center\"><b>1670\u00d7760\u00d7475\u00a0mm<\/b><\/p>\n<\/td>\n<\/tr>\n<tr>\n<td>Nettovikt<\/td>\n<td>\n<p align=\"center\"><strong>144 kg<\/strong><\/p>\n<\/td>\n<\/tr>\n<\/tbody>\n<\/table>\n<h3>Varvtal<\/h3>\n<table border=\"1\" cellpadding=\"4\">\n<tbody>\n<tr>\n<td>Motor effekt<\/td>\n<td colspan=\"17\">Spindel hastighet (min<sup>-1<\/sup>)<\/td>\n<\/tr>\n<tr>\n<td>1400 min<sup>-1<\/sup><\/td>\n<td>120<\/td>\n<td>200<\/td>\n<td>250<\/td>\n<td>360<\/td>\n<td>400<\/td>\n<td>450<\/td>\n<td>950<\/td>\n<td>1280<\/td>\n<td>1520<\/td>\n<td>1840<\/td>\n<td>2440<\/td>\n<td>3480<\/td>\n<\/tr>\n<tr>\n<td>700 min<sup>-1<\/sup><\/td>\n<td>60<\/td>\n<td>100<\/td>\n<td>120<\/td>\n<td>180<\/td>\n<td>200<\/td>\n<td>220<\/td>\n<td>470<\/td>\n<td>640<\/td>\n<td>760<\/td>\n<td>920<\/td>\n<td>1120<\/td>\n<td>1740<\/td>\n<\/tr>\n<\/tbody>\n<\/table>\n","protected":false},"excerpt":{"rendered":"<h3>Cormak 32 \u00e4r en mycket stabil pelarborrmaskin med stort varvtalsomr\u00e5de.<\/h3>\n<p>&nbsp;<\/p>\n<p>De st\u00f6rsta f\u00f6rdelarna \u00e4r:<\/p>\n<p>Varvtalsomr\u00e5de mellan<strong>\u00a060 \u2013 3480 rpm<\/strong>! Vilket g\u00f6r att Cormak 32 \u00e4r idealisk f\u00f6r metall och f\u00f6rst\u00e5s \u00e4ven andra material.<\/p>\n<p>H\u00f6ger och v\u00e4nster rotation vilket m\u00f6jligg\u00f6r att tex g\u00e4nga i metall.<\/p>\n<p>Motor med tv\u00e5 hastigheter p\u00e5 1500w.<\/p>\n<p>Borrkapacitet p\u00e5 hela 32mm.<\/p>\n<p>Morsekona\u00a0<strong>MK 4<\/strong><\/p>\n<p>Snabbchuck som klarar 16mm borr.<\/p>\n<p>Tilt och sv\u00e4ngbart bord.<\/p>\n<p>Stort slipat bord med T sp\u00e5r, M12\/14mm.<\/p>\n<p>Belysning.<\/p>\n<p>T sp\u00e5r \u00e4ven i basplattan.<\/p>\n<p>Kylning.<\/p>\n<p>N\u00f6dstopp.<\/p>\n<p>Remskivor i gjutj\u00e4rn.<\/p>\n<p>Ce-m\u00e4rkt.<\/p>\n<p>Garanti 1 \u00e5r.<\/p>\n<p>Tillverkad i Eu.<\/p>\n<p>&nbsp;<\/p>\n<p>&nbsp;<\/p>\n","protected":false},"featured_media":6382,"template":"","meta":{"_acf_changed":false,"_seopress_robots_primary_cat":"none","_seopress_titles_title":"","_seopress_titles_desc":"","_seopress_robots_index":""},"product_cat":[255],"product_tag":[],"class_list":{"0":"post-1951","1":"product","2":"type-product","3":"status-publish","4":"has-post-thumbnail","6":"product_cat-pelarborrmaskiner","7":"product_shipping_class-w-220-230","9":"first","10":"instock","11":"taxable","12":"shipping-taxable","13":"purchasable","14":"product-type-simple","swatches":"rey-swatches","show_selected":""},"acf":[],"_links":{"self":[{"href":"https:\/\/toolhouse.fi\/sv\/wp-json\/wp\/v2\/product\/1951","targetHints":{"allow":["GET"]}}],"collection":[{"href":"https:\/\/toolhouse.fi\/sv\/wp-json\/wp\/v2\/product"}],"about":[{"href":"https:\/\/toolhouse.fi\/sv\/wp-json\/wp\/v2\/types\/product"}],"version-history":[{"count":1,"href":"https:\/\/toolhouse.fi\/sv\/wp-json\/wp\/v2\/product\/1951\/revisions"}],"predecessor-version":[{"id":18585,"href":"https:\/\/toolhouse.fi\/sv\/wp-json\/wp\/v2\/product\/1951\/revisions\/18585"}],"wp:featuredmedia":[{"embeddable":true,"href":"https:\/\/toolhouse.fi\/sv\/wp-json\/wp\/v2\/media\/6382"}],"wp:attachment":[{"href":"https:\/\/toolhouse.fi\/sv\/wp-json\/wp\/v2\/media?parent=1951"}],"wp:term":[{"taxonomy":"product_cat","embeddable":true,"href":"https:\/\/toolhouse.fi\/sv\/wp-json\/wp\/v2\/product_cat?post=1951"},{"taxonomy":"product_tag","embeddable":true,"href":"https:\/\/toolhouse.fi\/sv\/wp-json\/wp\/v2\/product_tag?post=1951"}],"curies":[{"name":"wp","href":"https:\/\/api.w.org\/{rel}","templated":true}]}}