{"id":19644,"date":"2024-09-10T15:33:07","date_gmt":"2024-09-10T12:33:07","guid":{"rendered":"https:\/\/toolhouse.fi\/?post_type=product&#038;p=19644"},"modified":"2026-05-07T13:44:32","modified_gmt":"2026-05-07T10:44:32","slug":"hal-och-falstang","status":"publish","type":"product","link":"https:\/\/toolhouse.fi\/sv\/produkt\/hal-och-falstang\/","title":{"rendered":"H\u00e5l och falst\u00e5ng"},"content":{"rendered":"","protected":false},"excerpt":{"rendered":"<p>Kombi h\u00e5l \/ falst\u00e5ng med vridbart huvud och h\u00e4rdade backar.<\/p>\n<ul>\n<li>H\u00e5ldiameter: 5mm<\/li>\n<li>K\u00e4ftbredd: 21mm<\/li>\n<li>K\u00e4ftdjup: 23mm<\/li>\n<li>Falsdjup: 11mm<\/li>\n<li>Max 1mm st\u00e5lpl\u00e5t<\/li>\n<li>Vikt: 1,05 kg<\/li>\n<li>L\u00e4ngd: 285 mm<\/li>\n<li>Tillverkare: Geko<\/li>\n<\/ul>\n","protected":false},"featured_media":19814,"template":"","meta":{"_acf_changed":false,"_seopress_robots_primary_cat":"none","_seopress_titles_title":"","_seopress_titles_desc":"","_seopress_robots_index":""},"product_cat":[338,583,349,615],"product_tag":[],"class_list":{"0":"post-19644","1":"product","2":"type-product","3":"status-publish","4":"has-post-thumbnail","6":"product_cat-fordonsverktyg","7":"product_cat-karosseriverktyg","8":"product_cat-ovrigt","9":"product_cat-svetstillbehor","10":"product_shipping_class-tillbehor-790","12":"first","13":"instock","14":"sale","15":"taxable","16":"shipping-taxable","17":"purchasable","18":"product-type-simple","swatches":"rey-swatches","show_selected":""},"acf":[],"_links":{"self":[{"href":"https:\/\/toolhouse.fi\/sv\/wp-json\/wp\/v2\/product\/19644","targetHints":{"allow":["GET"]}}],"collection":[{"href":"https:\/\/toolhouse.fi\/sv\/wp-json\/wp\/v2\/product"}],"about":[{"href":"https:\/\/toolhouse.fi\/sv\/wp-json\/wp\/v2\/types\/product"}],"version-history":[{"count":1,"href":"https:\/\/toolhouse.fi\/sv\/wp-json\/wp\/v2\/product\/19644\/revisions"}],"predecessor-version":[{"id":32828,"href":"https:\/\/toolhouse.fi\/sv\/wp-json\/wp\/v2\/product\/19644\/revisions\/32828"}],"wp:featuredmedia":[{"embeddable":true,"href":"https:\/\/toolhouse.fi\/sv\/wp-json\/wp\/v2\/media\/19814"}],"wp:attachment":[{"href":"https:\/\/toolhouse.fi\/sv\/wp-json\/wp\/v2\/media?parent=19644"}],"wp:term":[{"taxonomy":"product_cat","embeddable":true,"href":"https:\/\/toolhouse.fi\/sv\/wp-json\/wp\/v2\/product_cat?post=19644"},{"taxonomy":"product_tag","embeddable":true,"href":"https:\/\/toolhouse.fi\/sv\/wp-json\/wp\/v2\/product_tag?post=19644"}],"curies":[{"name":"wp","href":"https:\/\/api.w.org\/{rel}","templated":true}]}}