{"id":19647,"date":"2024-09-10T15:33:08","date_gmt":"2024-09-10T12:33:08","guid":{"rendered":"https:\/\/toolhouse.fi\/?post_type=product&#038;p=19647"},"modified":"2024-10-22T15:01:21","modified_gmt":"2024-10-22T12:01:21","slug":"gangsats-metrisk-40-delar","status":"publish","type":"product","link":"https:\/\/toolhouse.fi\/sv\/produkt\/gangsats-metrisk-40-delar\/","title":{"rendered":"G\u00e4ngsats metrisk 40 delar"},"content":{"rendered":"","protected":false},"excerpt":{"rendered":"<p><b>Keltin <\/b>g\u00e4ngsats i 40 delar.<\/p>\n<p>Inneh\u00e5ller Metriska g\u00e4ngtappar och g\u00e4ngsnitt, M3 \u2013 M12 samt 1\/8NPT27.<\/p>\n<ul>\n<li>M3 x 0.5<\/li>\n<li>M3 x 0.6<\/li>\n<li>M4 x 0.7<\/li>\n<li>M4 x 0.75<\/li>\n<li>M5 x 0.8<\/li>\n<li>M5 x 0.9<\/li>\n<li>M6 x 0.75<\/li>\n<li>M6x1.0<\/li>\n<li>M7 x 0.75<\/li>\n<li>M7 x 1.0<\/li>\n<li>M8 x 1.0<\/li>\n<li>M8 x 1.25<\/li>\n<li>M10x1.25<\/li>\n<li>M10x1.5<\/li>\n<li>M12x1.5<\/li>\n<li>M12x1.75<\/li>\n<li>1\/8NPT27<\/li>\n<\/ul>\n<p>&nbsp;<\/p>\n","protected":false},"featured_media":19835,"template":"","meta":{"_acf_changed":false,"_seopress_robots_primary_cat":"","_seopress_titles_title":"","_seopress_titles_desc":"","_seopress_robots_index":""},"product_cat":[580,336],"product_tag":[],"class_list":{"0":"post-19647","1":"product","2":"type-product","3":"status-publish","4":"has-post-thumbnail","6":"product_cat-gangverktyg","7":"product_cat-verktyg","8":"product_shipping_class-tillbehor-790","10":"first","11":"instock","12":"taxable","13":"shipping-taxable","14":"purchasable","15":"product-type-simple","swatches":"rey-swatches","show_selected":""},"acf":[],"_links":{"self":[{"href":"https:\/\/toolhouse.fi\/sv\/wp-json\/wp\/v2\/product\/19647","targetHints":{"allow":["GET"]}}],"collection":[{"href":"https:\/\/toolhouse.fi\/sv\/wp-json\/wp\/v2\/product"}],"about":[{"href":"https:\/\/toolhouse.fi\/sv\/wp-json\/wp\/v2\/types\/product"}],"version-history":[{"count":2,"href":"https:\/\/toolhouse.fi\/sv\/wp-json\/wp\/v2\/product\/19647\/revisions"}],"predecessor-version":[{"id":20153,"href":"https:\/\/toolhouse.fi\/sv\/wp-json\/wp\/v2\/product\/19647\/revisions\/20153"}],"wp:featuredmedia":[{"embeddable":true,"href":"https:\/\/toolhouse.fi\/sv\/wp-json\/wp\/v2\/media\/19835"}],"wp:attachment":[{"href":"https:\/\/toolhouse.fi\/sv\/wp-json\/wp\/v2\/media?parent=19647"}],"wp:term":[{"taxonomy":"product_cat","embeddable":true,"href":"https:\/\/toolhouse.fi\/sv\/wp-json\/wp\/v2\/product_cat?post=19647"},{"taxonomy":"product_tag","embeddable":true,"href":"https:\/\/toolhouse.fi\/sv\/wp-json\/wp\/v2\/product_tag?post=19647"}],"curies":[{"name":"wp","href":"https:\/\/api.w.org\/{rel}","templated":true}]}}