{"id":19649,"date":"2024-09-10T15:33:08","date_gmt":"2024-09-10T12:33:08","guid":{"rendered":"https:\/\/toolhouse.fi\/?post_type=product&#038;p=19649"},"modified":"2026-05-15T19:00:52","modified_gmt":"2026-05-15T16:00:52","slug":"icarsoft-cr-max-bt","status":"publish","type":"product","link":"https:\/\/toolhouse.fi\/sv\/produkt\/icarsoft-cr-max-bt\/","title":{"rendered":"ICarsoft CR MAX BT"},"content":{"rendered":"<p><strong>Version <\/strong>3.0<strong> Operativsystem<\/strong> Android 8.1.0 <strong>Processor<\/strong> 4 k\u00e4rnig 1.3 ghz <strong>Minne<\/strong> 16 gb <strong>Sk\u00e4rm<\/strong> 7-tums lcd peksk\u00e4rm med 1024&#215;600 pixlar <strong>Anslutning<\/strong> USB-C \/ USB-A(till inspektionskamera)\u00a0\/ obd ii <strong>Batteri<\/strong> 3,7 v \/ 5000mah litiumpolymerbatteri. R\u00e4cker till ca 5 timmars anv\u00e4ndning <strong>Batteriladdare<\/strong> 5v \/ 2a <strong>Energif\u00f6rbrukning<\/strong> 500ma <strong>Anv\u00e4ndningstemp<\/strong> 0 till 40 \u00b0 c <strong>Lagringstemp<\/strong> -20 till 70 \u00b0 c <strong>M\u00e5tt (b * h * d)<\/strong> 240mm*150mm*35mm <strong>Nettovikt<\/strong> 750g <img alt=\"\" fetchpriority=\"high\" decoding=\"async\" class=\"alignright wp-image-7555 \" src=\"https:\/\/toolhouse.fi\/wp-content\/uploads\/2022\/03\/cr-max-icarsoft-1-1024x471.jpg\" alt=\"\" width=\"583\" height=\"268\" srcset=\"https:\/\/toolhouse.fi\/wp-content\/uploads\/2022\/03\/cr-max-icarsoft-1-1024x471.jpg 1024w, https:\/\/toolhouse.fi\/wp-content\/uploads\/2022\/03\/cr-max-icarsoft-1-300x138.jpg 300w, https:\/\/toolhouse.fi\/wp-content\/uploads\/2022\/03\/cr-max-icarsoft-1-1000x460.jpg 1000w, https:\/\/toolhouse.fi\/wp-content\/uploads\/2022\/03\/cr-max-icarsoft-1-768x353.jpg 768w, https:\/\/toolhouse.fi\/wp-content\/uploads\/2022\/03\/cr-max-icarsoft-1-400x184.jpg 400w, https:\/\/toolhouse.fi\/wp-content\/uploads\/2022\/03\/cr-max-icarsoft-1-700x322.jpg 700w, https:\/\/toolhouse.fi\/wp-content\/uploads\/2022\/03\/cr-max-icarsoft-1.jpg 1070w\" sizes=\"(max-width: 583px) 100vw, 583px\" \/><\/p>\n<h3>ICARSOFT CR MAX BT INNEH\u00c5LL<\/h3>\n<ul>\n<li>iCarsoft CR MAX BT<\/li>\n<li>Bluetooth-modul f\u00f6r tr\u00e5dl\u00f6s diagnostik<\/li>\n<li>Extern str\u00f6madapter<\/li>\n<li>OBDII huvudkabel<\/li>\n<li>Anv\u00e4ndarmanual<\/li>\n<li>Snabbguide<\/li>\n<li>Datakabel<\/li>\n<li>V\u00e4ska<\/li>\n<\/ul>\n","protected":false},"excerpt":{"rendered":"<h3><strong><span style=\"font-size: 100%;\">ICarsoft CR MAX BT \u00e4r ett professionellt diagnosverktyg, kompatibelt med \u00f6ver 40 bilm\u00e4rken.<\/span><\/strong><\/h3>\n<p><span style=\"font-size: 100%;\">CR MAX BT V 3.0 \u00e4r Icarsofts toppmodell, kopplas tr\u00e5dl\u00f6st till fordonet via bluetooth.CR MAX BT \u00e4r utrustad med 7-tums peksk\u00e4rm, och integrerat diagnosprogram med fullst\u00e4ndig ECU-diagnos f\u00f6r alla tillg\u00e4ngliga system.<\/span> <span style=\"font-size: 100%;\">Android 8.1.0 operativsystem och fyrk\u00e4rnig processor f\u00f6r blixtsnabb diagnostisering.<\/span> <span style=\"font-size: 100%;\">Automatiska programuppdateringar, kostnadsfritt.<\/span> <span style=\"font-size: 100%;\">Visar livedata som text eller grafiskt f\u00f6r att enkelt granska data, Utf\u00f6r servicefunktioner och anv\u00e4nd aktiveringstest (Actuation Test) och testk\u00f6r komponenter f\u00f6r att hitta \u00e4ven de sv\u00e5raste felen.<\/span><\/p>\n<h3><strong>Diagnostikfunktioner<\/strong><\/h3>\n<ul>\n<li><span style=\"font-size: 100%;\">L\u00e4ser och raderar felkoder f\u00f6r alla tillg\u00e4ngliga system<\/span><\/li>\n<li>L\u00e4ser\u00a0och raderar allm\u00e4nna (P0, P2, P3 och U0), tillverkarspecifika (P1, P3 och U1) permanenta och v\u00e4ntande diagnostiska felkoder.<\/li>\n<li>Visa realtidsdata i text, diagram och analogt f\u00f6r enkel datagranskning av givarv\u00e4rden (live data)<\/li>\n<li>St\u00f6der frysramar f\u00f6r felkodsfunktioner (freeze frame)<\/li>\n<li>Identifierar automatiskt och snabbt fordonet (Auto VIN)<\/li>\n<li><span style=\"font-size: 100%;\"> Funktions och komponenttester, provk\u00f6r rel\u00e4er, solenoider, motorer, st\u00e4lldon, mm (Actuation Test \/ Bi-directory Test)<\/span><\/li>\n<li>Mm<\/li>\n<\/ul>\n<h3><strong>Servicefunktioner<\/strong><\/h3>\n<ul>\n<li><span style=\"font-size: 100%;\">Omfattande t\u00e4ckning av OBD oml\u00e4rning<\/span><\/li>\n<li><span style=\"font-size: 100%;\">Elektronisk parkeringsbroms- systemunderh\u00e5ll, inaktivering och \u00e5teraktivering (EPB)<\/span><\/li>\n<li><span style=\"font-size: 100%;\">Batterihanteringssystem-registrerar nytt batteri vid batteribyte (BMS)<\/span><\/li>\n<li><span style=\"font-size: 100%;\">Elektroniskt gasreglage-oml\u00e4rning av gasspj\u00e4llsventilens kontrollv\u00e4rde vid nollning eller utbyte.(ETC)<\/span><\/li>\n<li><span style=\"font-size: 100%;\">Styrvinkel kalibrering (SAS)<\/span><\/li>\n<li><span style=\"font-size: 100%;\">ABS-luftning (ABS Bleeding)\u00a0<\/span><\/li>\n<li><span style=\"font-size: 100%;\">Injektorkodning oml\u00e4rning\/kodning vid injektorbyte (Injector c<\/span>oding)<\/li>\n<li><span style=\"font-size: 100%;\">Oljeservice\/service\u00e5terst\u00e4llning: (Oil reset)<\/span><\/li>\n<li><span style=\"font-size: 100%;\">Dieselpartikelfilter-Regenereringssystem (DPF)<\/span><\/li>\n<li><span style=\"font-size: 100%;\">TPMS programmering-sensor test och byte (TPMS)<\/span><\/li>\n<li><span style=\"font-size: 100%;\">\u00c5terst\u00e4llning\/kalibrering av adaptiv belysning (AFS)<\/span><\/li>\n<li><span style=\"font-size: 100%;\">Luftfj\u00e4dring justering\/\u00e5terst\u00e4llning\u00a0(Air Suspension)<\/span><\/li>\n<li><span style=\"font-size: 100%;\">\u00c5terst\u00e4llning av v\u00e4xell\u00e5da, \u00e5terst\u00e4ller adaptiv inl\u00e4rning (Gearbox Reset)<\/span><\/li>\n<li><span style=\"font-size: 100%;\">Service av luftkonditionering: Kalibrering av luftkonditioneringsrelaterade styrenheter, s\u00e5som kalibrering av luftfl\u00f6det osv.(Air Conditioner)<\/span><\/li>\n<li><span style=\"font-size: 100%;\">Sj\u00e4lvl\u00e4rande luftfilterprocess efter byte av luftfilter.(Air Filter)<\/span><\/li>\n<li><span style=\"font-size: 100%;\">Aktiveringsfunktion f\u00f6r br\u00e4nslepump, aktivers vid pumpbyte.(Fuel Pump)<\/span><\/li>\n<li>(Body Stability)<\/li>\n<li>(Engine Control)<\/li>\n<li>(Seat)<\/li>\n<li>(WIN RD ROOF)<\/li>\n<li>Tomg\u00e5ngsjustering (Engine Idle)<\/li>\n<li>BCM (Body stability)<\/li>\n<li>TCM (Trans adaption)<\/li>\n<\/ul>\n<h3><strong>\u00d6vrigt<\/strong><\/h3>\n<ul>\n<li>USB-A kontakt f\u00f6r inspektionskamera<\/li>\n<li><span style=\"font-size: 100%;\">Integrerat DTC-bibliotek f\u00f6r att sl\u00e5 upp koder.<\/span><\/li>\n<li><span style=\"font-size: 100%;\">Automatisk kostnadsfri programuppdatering, CR MAX s\u00f6ker automatiskt efter uppdateringar n\u00e4r den ansluts till internet.<\/span><\/li>\n<li><span style=\"font-size: 100%;\">Flerspr\u00e5kiga menyer (delvis \u00f6versatt till svenska och finska.<\/span><\/li>\n<li><span style=\"font-size: 100%; color: #555555;\">Observera att vissa funktioner kanske inte \u00e4r tillg\u00e4ngliga p\u00e5 alla m\u00e4rken \/ modeller.<\/span><\/li>\n<\/ul>\n<p><span style=\"font-size: 100%;\"><strong>iCarsoft CR Max \u00e4r kompatibel med f\u00f6ljande m\u00e4rken.<\/strong><\/span> \u00a0 <span style=\"font-size: 100%;\"><strong>Europeiska tillverkare<\/strong>: Alfa Romeo \/ Audi \/ BMW \/ Citro\u00ebn \/ Dacia \/ Fiat \/ Ford EU \/ GM \/ Holden \/ Jaguar \/ Lancia \/ LandRover \/ Mercedes-Benz \/ Mini \/ Opel \/ Peugeot \/ Porsche \/ Renault \/ Saab \/ Seat \/ Skoda \/ Smart \/ Vauxhall \/ Volkswagen \/ Volvo<\/span> <span style=\"font-size: 100%;\"><strong>Asiatiska tillverkare<\/strong>:\u00a0 Acura \/ Daewoo \/ Honda \/ Hyundai | \/ Infiniti \/ Isuzu \/ Kia \/ Lexus \/ Mazda \/ Mitsubishi \/ Nissan \/ Scion \/ Subaru \/ Suzuki \/ Toyota<\/span> <span style=\"font-size: 100%;\"><strong>Amerikanska tillverkare<\/strong>: Chrysler \/ Ford US \/ GM<\/span> <span style=\"font-size: 100%;\"><strong>Australiska tillverkare<\/strong>: Ford AUS \/ Holden<\/span><\/p>\n","protected":false},"featured_media":19851,"template":"","meta":{"_acf_changed":false,"_seopress_robots_primary_cat":"none","_seopress_titles_title":"","_seopress_titles_desc":"","_seopress_robots_index":""},"product_cat":[226,608],"product_tag":[],"class_list":{"0":"post-19649","1":"product","2":"type-product","3":"status-publish","4":"has-post-thumbnail","6":"product_cat-felkodslasare","7":"product_cat-person-paketbil","8":"product_shipping_class-tillbehor-490","10":"first","11":"instock","12":"sale","13":"taxable","14":"shipping-taxable","15":"purchasable","16":"product-type-simple","swatches":"rey-swatches","show_selected":""},"acf":[],"_links":{"self":[{"href":"https:\/\/toolhouse.fi\/sv\/wp-json\/wp\/v2\/product\/19649","targetHints":{"allow":["GET"]}}],"collection":[{"href":"https:\/\/toolhouse.fi\/sv\/wp-json\/wp\/v2\/product"}],"about":[{"href":"https:\/\/toolhouse.fi\/sv\/wp-json\/wp\/v2\/types\/product"}],"version-history":[{"count":0,"href":"https:\/\/toolhouse.fi\/sv\/wp-json\/wp\/v2\/product\/19649\/revisions"}],"wp:featuredmedia":[{"embeddable":true,"href":"https:\/\/toolhouse.fi\/sv\/wp-json\/wp\/v2\/media\/19851"}],"wp:attachment":[{"href":"https:\/\/toolhouse.fi\/sv\/wp-json\/wp\/v2\/media?parent=19649"}],"wp:term":[{"taxonomy":"product_cat","embeddable":true,"href":"https:\/\/toolhouse.fi\/sv\/wp-json\/wp\/v2\/product_cat?post=19649"},{"taxonomy":"product_tag","embeddable":true,"href":"https:\/\/toolhouse.fi\/sv\/wp-json\/wp\/v2\/product_tag?post=19649"}],"curies":[{"name":"wp","href":"https:\/\/api.w.org\/{rel}","templated":true}]}}