{"id":19650,"date":"2024-09-10T15:33:08","date_gmt":"2024-09-10T12:33:08","guid":{"rendered":"https:\/\/toolhouse.fi\/?post_type=product&#038;p=19650"},"modified":"2026-04-30T09:37:21","modified_gmt":"2026-04-30T06:37:21","slug":"px-4000xe-4t-12m-230v","status":"publish","type":"product","link":"https:\/\/toolhouse.fi\/sv\/produkt\/px-4000xe-4t-12m-230v\/","title":{"rendered":"Px-4000xe 4T 1,2M 230V."},"content":{"rendered":"<table width=\"667\">\n<tbody>\n<tr>\n<td colspan=\"3\" width=\"667\"><strong>Tekniska data<\/strong><\/td>\n<\/tr>\n<tr>\n<td width=\"346\">&nbsp;<\/p>\n<p>Modell<\/td>\n<td colspan=\"2\" width=\"321\">&nbsp;<\/p>\n<p>Px-4000xe<\/td>\n<\/tr>\n<tr>\n<td width=\"346\">Lyftkapacitet<\/td>\n<td colspan=\"2\" width=\"321\">4000kg<\/td>\n<\/tr>\n<tr>\n<td width=\"346\">Maximal\u00a0 lyfth\u00f6jd<\/td>\n<td colspan=\"2\" width=\"321\">1200mm<\/td>\n<\/tr>\n<tr>\n<td width=\"346\">Lyft \/ s\u00e4nktid<\/td>\n<td colspan=\"2\" width=\"321\">27sek<\/td>\n<\/tr>\n<tr>\n<td width=\"346\">L\u00e4gsta h\u00f6jd<\/td>\n<td colspan=\"2\" width=\"321\">105mm<\/td>\n<\/tr>\n<tr>\n<td width=\"346\">Bredd<\/td>\n<td colspan=\"2\" width=\"321\">1835mm<\/td>\n<\/tr>\n<tr>\n<td width=\"346\">Plattformsl\u00e4ngd<\/p>\n<p>Plattformsl\u00e4ngd med ramper uppf\u00e4llda<\/td>\n<td colspan=\"2\" width=\"321\">1570 mm<\/p>\n<p>2140 mm<\/td>\n<\/tr>\n<tr>\n<td width=\"346\">Plattformsbredd<\/td>\n<td colspan=\"2\" width=\"321\">530 mm<\/td>\n<\/tr>\n<tr>\n<td width=\"346\">Str\u00f6mk\u00e4lla<\/td>\n<td colspan=\"2\" width=\"321\">230v<\/td>\n<\/tr>\n<tr>\n<td width=\"346\">Motoreffekt<\/td>\n<td colspan=\"2\" width=\"321\">2,2 KW<\/td>\n<\/tr>\n<tr>\n<td width=\"346\">Ce m\u00e4rkt:<\/p>\n<p>Garanti:<\/td>\n<td colspan=\"2\" width=\"321\">Ja<\/p>\n<p>12 M\u00e5nader<\/td>\n<\/tr>\n<tr>\n<td width=\"346\">Bullerniv\u00e5<\/td>\n<td colspan=\"2\" width=\"321\">\u226470 dB(A)<\/td>\n<\/tr>\n<tr>\n<td width=\"346\">Nettovikt<\/td>\n<td colspan=\"2\" width=\"321\">650kg<\/td>\n<\/tr>\n<\/tbody>\n<\/table>\n","protected":false},"excerpt":{"rendered":"<p>&nbsp;<\/p>\n<p><strong>Px-4000xe <\/strong>\u00e4r samma lyft som Px-4000xu men med elstyrda s\u00e4kerhetsl\u00e5s i st\u00e4llet f\u00f6r med tryckluft.<\/p>\n<p>Px-4000xe flyttbar l\u00e5glyft som lyfter 1,2 meter och hela 4000kg.<\/p>\n<p>Lyften \u00e4r l\u00e4ttanv\u00e4nd och s\u00e4ker med automatiska s\u00e4kerhetsl\u00e5s.<\/p>\n<p>Ramperna \u00e4r l\u00e5sbara i uppf\u00e4llt l\u00e4ge vilket underl\u00e4ttar betydligt n\u00e4r du lyfter lite st\u00f6rre fordon.<\/p>\n<p>Px-4000 beh\u00f6ver ej f\u00e4stas i golvet och flyttas l\u00e4tt av en person med den medf\u00f6ljande hjulserien.<\/p>\n<ul>\n<li>F\u00e4rg: r\u00f6d\/ svart<\/li>\n<li>Hydraulisk<\/li>\n<li>Lyftkapacitet 4000kg<\/li>\n<li>Lyfth\u00f6jd 1200mm<\/li>\n<li>L\u00e4gsta h\u00f6jd 105mm<\/li>\n<li>Automatiska 24V elstyrda l\u00e5s<\/li>\n<li>Flyttbar<\/li>\n<li>Beh\u00f6ver ej f\u00e4stas i golvet<\/li>\n<li>Hjulserie medf\u00f6ljer<\/li>\n<li>Ramperna \u00e4r l\u00e5sbara i uppf\u00e4llt l\u00e4ge<\/li>\n<li>Gummidynor 4st<\/li>\n<li>Alla reservdelar tillg\u00e4ngliga<\/li>\n<li>230V<\/li>\n<li>12 m\u00e5naders garanti<\/li>\n<li>CE-m\u00e4rkt<\/li>\n<\/ul>\n<p><img alt=\"\" fetchpriority=\"high\" decoding=\"async\" class=\"size-medium wp-image-5726 alignright\" src=\"https:\/\/toolhouse.fi\/wp-content\/uploads\/2021\/11\/saksinostin-3500kg-5-300x300.jpg\" alt=\"\" width=\"300\" height=\"300\" srcset=\"https:\/\/toolhouse.fi\/wp-content\/uploads\/2021\/11\/saksinostin-3500kg-5-300x300.jpg 300w, https:\/\/toolhouse.fi\/wp-content\/uploads\/2021\/11\/saksinostin-3500kg-5-100x100.jpg 100w, https:\/\/toolhouse.fi\/wp-content\/uploads\/2021\/11\/saksinostin-3500kg-5-510x510.jpg 510w, https:\/\/toolhouse.fi\/wp-content\/uploads\/2021\/11\/saksinostin-3500kg-5-150x150.jpg 150w, https:\/\/toolhouse.fi\/wp-content\/uploads\/2021\/11\/saksinostin-3500kg-5-768x768.jpg 768w, https:\/\/toolhouse.fi\/wp-content\/uploads\/2021\/11\/saksinostin-3500kg-5-400x400.jpg 400w, https:\/\/toolhouse.fi\/wp-content\/uploads\/2021\/11\/saksinostin-3500kg-5-700x700.jpg 700w, https:\/\/toolhouse.fi\/wp-content\/uploads\/2021\/11\/saksinostin-3500kg-5.jpg 800w\" sizes=\"(max-width: 300px) 100vw, 300px\" \/><\/p>\n<p>&nbsp;<\/p>\n<p>&nbsp;<\/p>\n<h3>\u00a0L\u00e5g profil och stor lyftkraft<\/h3>\n<p>Tack vare den geniala designen p\u00e5 lyftl\u00e4nkaget s\u00e5 klarar Px-4000xe att lyfta med full kapacitet p\u00e5<\/p>\n<p>4000kg, redan fr\u00e5n nerf\u00e4llt l\u00e4ge.<\/p>\n<h3><\/h3>\n<p>&nbsp;<\/p>\n<p>Px-4000xe 230V\u00a0\u00a0kr\u00e4ver 16A C s\u00e4kring(tr\u00f6g).<\/p>\n","protected":false},"featured_media":19870,"template":"","meta":{"_acf_changed":false,"_seopress_robots_primary_cat":"none","_seopress_titles_title":"","_seopress_titles_desc":"","_seopress_robots_index":""},"product_cat":[458,20,280],"product_tag":[],"class_list":{"0":"post-19650","1":"product","2":"type-product","3":"status-publish","4":"has-post-thumbnail","6":"product_cat-fordonslyftar","7":"product_cat-lyftteknik","8":"product_cat-saxlyft-laglyft","9":"product_shipping_class-frakt149e","11":"first","12":"instock","13":"sale","14":"taxable","15":"shipping-taxable","16":"purchasable","17":"product-type-simple","swatches":"rey-swatches","show_selected":""},"acf":[],"_links":{"self":[{"href":"https:\/\/toolhouse.fi\/sv\/wp-json\/wp\/v2\/product\/19650","targetHints":{"allow":["GET"]}}],"collection":[{"href":"https:\/\/toolhouse.fi\/sv\/wp-json\/wp\/v2\/product"}],"about":[{"href":"https:\/\/toolhouse.fi\/sv\/wp-json\/wp\/v2\/types\/product"}],"version-history":[{"count":5,"href":"https:\/\/toolhouse.fi\/sv\/wp-json\/wp\/v2\/product\/19650\/revisions"}],"predecessor-version":[{"id":30809,"href":"https:\/\/toolhouse.fi\/sv\/wp-json\/wp\/v2\/product\/19650\/revisions\/30809"}],"wp:featuredmedia":[{"embeddable":true,"href":"https:\/\/toolhouse.fi\/sv\/wp-json\/wp\/v2\/media\/19870"}],"wp:attachment":[{"href":"https:\/\/toolhouse.fi\/sv\/wp-json\/wp\/v2\/media?parent=19650"}],"wp:term":[{"taxonomy":"product_cat","embeddable":true,"href":"https:\/\/toolhouse.fi\/sv\/wp-json\/wp\/v2\/product_cat?post=19650"},{"taxonomy":"product_tag","embeddable":true,"href":"https:\/\/toolhouse.fi\/sv\/wp-json\/wp\/v2\/product_tag?post=19650"}],"curies":[{"name":"wp","href":"https:\/\/api.w.org\/{rel}","templated":true}]}}