{"id":19653,"date":"2024-09-10T15:33:08","date_gmt":"2024-09-10T12:33:08","guid":{"rendered":"https:\/\/toolhouse.fi\/?post_type=product&#038;p=19653"},"modified":"2026-05-12T16:11:34","modified_gmt":"2026-05-12T13:11:34","slug":"bladmatt-0-05-1-0mm","status":"publish","type":"product","link":"https:\/\/toolhouse.fi\/sv\/produkt\/bladmatt-0-05-1-0mm\/","title":{"rendered":"Bladm\u00e5tt 0.05-1.0mm"},"content":{"rendered":"","protected":false},"excerpt":{"rendered":"<p>Geko bladm\u00e5tt med h\u00e4rdade och polerade blad.<\/p>\n<ul>\n<li>20 blad: 0,05 \/ 0,10 \/ 0,15 \/ 0,20 \/ 0,25 \/ 0,30 \/ 0,35 \/ 0,40 \/ 0,45 \/ 0,50 \/ 0,55 \/ 0,60 \/ 0,65 \/ 0,70 \/ 0,75 \/ 0,80 \/ 0,85 \/ 0,90 \/ 0,95 \/ 1,00mm<\/li>\n<li>Bladl\u00e4ngd 100mm<\/li>\n<\/ul>\n","protected":false},"featured_media":19911,"template":"","meta":{"_acf_changed":false,"_seopress_robots_primary_cat":"none","_seopress_titles_title":"","_seopress_titles_desc":"","_seopress_robots_index":""},"product_cat":[338,577,336],"product_tag":[],"class_list":{"0":"post-19653","1":"product","2":"type-product","3":"status-publish","4":"has-post-thumbnail","6":"product_cat-fordonsverktyg","7":"product_cat-matverktyg","8":"product_cat-verktyg","9":"product_shipping_class-tillbehor-490","11":"first","12":"instock","13":"taxable","14":"shipping-taxable","15":"purchasable","16":"product-type-simple","swatches":"rey-swatches","show_selected":""},"acf":[],"_links":{"self":[{"href":"https:\/\/toolhouse.fi\/sv\/wp-json\/wp\/v2\/product\/19653","targetHints":{"allow":["GET"]}}],"collection":[{"href":"https:\/\/toolhouse.fi\/sv\/wp-json\/wp\/v2\/product"}],"about":[{"href":"https:\/\/toolhouse.fi\/sv\/wp-json\/wp\/v2\/types\/product"}],"version-history":[{"count":1,"href":"https:\/\/toolhouse.fi\/sv\/wp-json\/wp\/v2\/product\/19653\/revisions"}],"predecessor-version":[{"id":32936,"href":"https:\/\/toolhouse.fi\/sv\/wp-json\/wp\/v2\/product\/19653\/revisions\/32936"}],"wp:featuredmedia":[{"embeddable":true,"href":"https:\/\/toolhouse.fi\/sv\/wp-json\/wp\/v2\/media\/19911"}],"wp:attachment":[{"href":"https:\/\/toolhouse.fi\/sv\/wp-json\/wp\/v2\/media?parent=19653"}],"wp:term":[{"taxonomy":"product_cat","embeddable":true,"href":"https:\/\/toolhouse.fi\/sv\/wp-json\/wp\/v2\/product_cat?post=19653"},{"taxonomy":"product_tag","embeddable":true,"href":"https:\/\/toolhouse.fi\/sv\/wp-json\/wp\/v2\/product_tag?post=19653"}],"curies":[{"name":"wp","href":"https:\/\/api.w.org\/{rel}","templated":true}]}}