{"id":19654,"date":"2024-09-10T15:33:08","date_gmt":"2024-09-10T12:33:08","guid":{"rendered":"https:\/\/toolhouse.fi\/?post_type=product&#038;p=19654"},"modified":"2024-10-22T16:10:15","modified_gmt":"2024-10-22T13:10:15","slug":"halstans-2-22mm-15st","status":"publish","type":"product","link":"https:\/\/toolhouse.fi\/sv\/produkt\/halstans-2-22mm-15st\/","title":{"rendered":"H\u00e5lstans 2-22mm 15st"},"content":{"rendered":"","protected":false},"excerpt":{"rendered":"<p>Geko h\u00e5lstansar 2 &#8211; 22mm.<\/p>\n<p>&nbsp;<\/p>\n<p>Inneh\u00e5ller 15 h\u00e5lstansar i storlekarna:<\/p>\n<p><span style=\"color: #333333;\">2 mm; 2.5mm; 3.2mm; 4mm; 4.8mm; 5.5mm; 6.4mm; 8mm; 9.5mm; 11.1mm; 12.7mm; 14mm; 15.8mm, 19mm; 22mm<\/span><\/p>\n<p>Anv\u00e4nds till h\u00e5ltagning i gummi, packningar, l\u00e4der, vinyl, tyg m.m.<\/p>\n<p>&nbsp;<\/p>\n","protected":false},"featured_media":19916,"template":"","meta":{"_acf_changed":false,"_seopress_robots_primary_cat":"","_seopress_titles_title":"","_seopress_titles_desc":"","_seopress_robots_index":""},"product_cat":[578,349,336],"product_tag":[],"class_list":{"0":"post-19654","1":"product","2":"type-product","3":"status-publish","4":"has-post-thumbnail","6":"product_cat-handverktyg","7":"product_cat-ovrigt","8":"product_cat-verktyg","9":"product_shipping_class-tillbehor-790","11":"first","12":"instock","13":"taxable","14":"shipping-taxable","15":"purchasable","16":"product-type-simple","swatches":"rey-swatches","show_selected":""},"acf":[],"_links":{"self":[{"href":"https:\/\/toolhouse.fi\/sv\/wp-json\/wp\/v2\/product\/19654","targetHints":{"allow":["GET"]}}],"collection":[{"href":"https:\/\/toolhouse.fi\/sv\/wp-json\/wp\/v2\/product"}],"about":[{"href":"https:\/\/toolhouse.fi\/sv\/wp-json\/wp\/v2\/types\/product"}],"version-history":[{"count":1,"href":"https:\/\/toolhouse.fi\/sv\/wp-json\/wp\/v2\/product\/19654\/revisions"}],"predecessor-version":[{"id":19918,"href":"https:\/\/toolhouse.fi\/sv\/wp-json\/wp\/v2\/product\/19654\/revisions\/19918"}],"wp:featuredmedia":[{"embeddable":true,"href":"https:\/\/toolhouse.fi\/sv\/wp-json\/wp\/v2\/media\/19916"}],"wp:attachment":[{"href":"https:\/\/toolhouse.fi\/sv\/wp-json\/wp\/v2\/media?parent=19654"}],"wp:term":[{"taxonomy":"product_cat","embeddable":true,"href":"https:\/\/toolhouse.fi\/sv\/wp-json\/wp\/v2\/product_cat?post=19654"},{"taxonomy":"product_tag","embeddable":true,"href":"https:\/\/toolhouse.fi\/sv\/wp-json\/wp\/v2\/product_tag?post=19654"}],"curies":[{"name":"wp","href":"https:\/\/api.w.org\/{rel}","templated":true}]}}