{"id":19655,"date":"2024-09-10T15:33:08","date_gmt":"2024-09-10T12:33:08","guid":{"rendered":"https:\/\/toolhouse.fi\/?post_type=product&#038;p=19655"},"modified":"2026-05-07T13:47:28","modified_gmt":"2026-05-07T10:47:28","slug":"halstans-28-8mm-6st","status":"publish","type":"product","link":"https:\/\/toolhouse.fi\/sv\/produkt\/halstans-28-8mm-6st\/","title":{"rendered":"H\u00e5lstans 2,8 &#8211; 8mm 6st"},"content":{"rendered":"","protected":false},"excerpt":{"rendered":"<p>Geko h\u00e5lstansar 2,8 \u2013 6mm.<\/p>\n<p>&nbsp;<\/p>\n<p>Inneh\u00e5ller 6 h\u00e5lstansar i storlekarna:<\/p>\n<p><span style=\"color: #282828;\">2.8mm(1\/8&#8243;); 3.7mm(5\/32&#8243;); 4.6mm(3\/16&#8243;); 5.7mm(7\/32&#8243;); 7mm(1\/4&#8243;); 8mm(5\/16&#8243;).<\/span><\/p>\n<p>Anv\u00e4nds till h\u00e5ltagning i gummi, packningar, l\u00e4der, vinyl, tyg m.m.<\/p>\n","protected":false},"featured_media":19921,"template":"","meta":{"_acf_changed":false,"_seopress_robots_primary_cat":"","_seopress_titles_title":"","_seopress_titles_desc":"","_seopress_robots_index":""},"product_cat":[578,349,336],"product_tag":[],"class_list":{"0":"post-19655","1":"product","2":"type-product","3":"status-publish","4":"has-post-thumbnail","6":"product_cat-handverktyg","7":"product_cat-ovrigt","8":"product_cat-verktyg","9":"product_shipping_class-tillbehor-490","11":"first","12":"instock","13":"taxable","14":"shipping-taxable","15":"purchasable","16":"product-type-simple","swatches":"rey-swatches","show_selected":""},"acf":[],"_links":{"self":[{"href":"https:\/\/toolhouse.fi\/sv\/wp-json\/wp\/v2\/product\/19655","targetHints":{"allow":["GET"]}}],"collection":[{"href":"https:\/\/toolhouse.fi\/sv\/wp-json\/wp\/v2\/product"}],"about":[{"href":"https:\/\/toolhouse.fi\/sv\/wp-json\/wp\/v2\/types\/product"}],"version-history":[{"count":1,"href":"https:\/\/toolhouse.fi\/sv\/wp-json\/wp\/v2\/product\/19655\/revisions"}],"predecessor-version":[{"id":32831,"href":"https:\/\/toolhouse.fi\/sv\/wp-json\/wp\/v2\/product\/19655\/revisions\/32831"}],"wp:featuredmedia":[{"embeddable":true,"href":"https:\/\/toolhouse.fi\/sv\/wp-json\/wp\/v2\/media\/19921"}],"wp:attachment":[{"href":"https:\/\/toolhouse.fi\/sv\/wp-json\/wp\/v2\/media?parent=19655"}],"wp:term":[{"taxonomy":"product_cat","embeddable":true,"href":"https:\/\/toolhouse.fi\/sv\/wp-json\/wp\/v2\/product_cat?post=19655"},{"taxonomy":"product_tag","embeddable":true,"href":"https:\/\/toolhouse.fi\/sv\/wp-json\/wp\/v2\/product_tag?post=19655"}],"curies":[{"name":"wp","href":"https:\/\/api.w.org\/{rel}","templated":true}]}}