{"id":20162,"date":"2024-09-19T14:36:42","date_gmt":"2024-09-19T11:36:42","guid":{"rendered":"https:\/\/toolhouse.fi\/?post_type=product&#038;p=20162"},"modified":"2026-03-19T19:02:55","modified_gmt":"2026-03-19T17:02:55","slug":"studsfri-hammare","status":"publish","type":"product","link":"https:\/\/toolhouse.fi\/sv\/produkt\/studsfri-hammare\/","title":{"rendered":"Studsfri hammare 660g"},"content":{"rendered":"","protected":false},"excerpt":{"rendered":"<p>Geko studsfri hammare, gummikl\u00e4dd och ih\u00e5lig k\u00e4rna fylld med st\u00e5lkulor.<\/p>\n<ul>\n<li>Vikt: 660g<\/li>\n<li>L\u00e4ngd: 300 mm<\/li>\n<li>Bredd: 45 mm<\/li>\n<li>L\u00e4ngd p\u00e5 huvud: 100 mm<\/li>\n<\/ul>\n","protected":false},"featured_media":20163,"template":"","meta":{"_acf_changed":false,"_seopress_robots_primary_cat":"none","_seopress_titles_title":"","_seopress_titles_desc":"","_seopress_robots_index":""},"product_cat":[578,336,21],"product_tag":[],"class_list":{"0":"post-20162","1":"product","2":"type-product","3":"status-publish","4":"has-post-thumbnail","6":"product_cat-handverktyg","7":"product_cat-verktyg","8":"product_cat-verkstadsutrustning","9":"product_shipping_class-tillbehor-790","11":"first","12":"instock","13":"taxable","14":"shipping-taxable","15":"purchasable","16":"product-type-simple","swatches":"rey-swatches","show_selected":""},"acf":[],"_links":{"self":[{"href":"https:\/\/toolhouse.fi\/sv\/wp-json\/wp\/v2\/product\/20162","targetHints":{"allow":["GET"]}}],"collection":[{"href":"https:\/\/toolhouse.fi\/sv\/wp-json\/wp\/v2\/product"}],"about":[{"href":"https:\/\/toolhouse.fi\/sv\/wp-json\/wp\/v2\/types\/product"}],"version-history":[{"count":5,"href":"https:\/\/toolhouse.fi\/sv\/wp-json\/wp\/v2\/product\/20162\/revisions"}],"predecessor-version":[{"id":29700,"href":"https:\/\/toolhouse.fi\/sv\/wp-json\/wp\/v2\/product\/20162\/revisions\/29700"}],"wp:featuredmedia":[{"embeddable":true,"href":"https:\/\/toolhouse.fi\/sv\/wp-json\/wp\/v2\/media\/20163"}],"wp:attachment":[{"href":"https:\/\/toolhouse.fi\/sv\/wp-json\/wp\/v2\/media?parent=20162"}],"wp:term":[{"taxonomy":"product_cat","embeddable":true,"href":"https:\/\/toolhouse.fi\/sv\/wp-json\/wp\/v2\/product_cat?post=20162"},{"taxonomy":"product_tag","embeddable":true,"href":"https:\/\/toolhouse.fi\/sv\/wp-json\/wp\/v2\/product_tag?post=20162"}],"curies":[{"name":"wp","href":"https:\/\/api.w.org\/{rel}","templated":true}]}}