{"id":20295,"date":"2024-10-02T10:18:05","date_gmt":"2024-10-02T07:18:05","guid":{"rendered":"https:\/\/toolhouse.fi\/?post_type=product&#038;p=20295"},"modified":"2024-10-30T10:11:51","modified_gmt":"2024-10-30T08:11:51","slug":"tryckluftsfordelare-1-2%e2%80%b3","status":"publish","type":"product","link":"https:\/\/toolhouse.fi\/sv\/produkt\/tryckluftsfordelare-1-2%e2%80%b3\/","title":{"rendered":"Tryckluftsf\u00f6rdelare 1\/2\u2033"},"content":{"rendered":"","protected":false},"excerpt":{"rendered":"<p>Tryckluftsf\u00f6rdelaren ger ett extra luftuttag p\u00e5 t.ex. d\u00e4ckmaskin eller kompressor.<\/p>\n<p>RQS 1\/2\u2033 kopplingar.<\/p>\n","protected":false},"featured_media":20296,"template":"","meta":{"_acf_changed":false,"_seopress_robots_primary_cat":"none","_seopress_titles_title":"","_seopress_titles_desc":"","_seopress_robots_index":""},"product_cat":[330],"product_tag":[],"class_list":{"0":"post-20295","1":"product","2":"type-product","3":"status-publish","4":"has-post-thumbnail","6":"product_cat-tryckluft-ovrigt","8":"first","9":"instock","10":"taxable","11":"shipping-taxable","12":"purchasable","13":"product-type-simple","swatches":"rey-swatches","show_selected":""},"acf":[],"_links":{"self":[{"href":"https:\/\/toolhouse.fi\/sv\/wp-json\/wp\/v2\/product\/20295","targetHints":{"allow":["GET"]}}],"collection":[{"href":"https:\/\/toolhouse.fi\/sv\/wp-json\/wp\/v2\/product"}],"about":[{"href":"https:\/\/toolhouse.fi\/sv\/wp-json\/wp\/v2\/types\/product"}],"version-history":[{"count":1,"href":"https:\/\/toolhouse.fi\/sv\/wp-json\/wp\/v2\/product\/20295\/revisions"}],"predecessor-version":[{"id":20300,"href":"https:\/\/toolhouse.fi\/sv\/wp-json\/wp\/v2\/product\/20295\/revisions\/20300"}],"wp:featuredmedia":[{"embeddable":true,"href":"https:\/\/toolhouse.fi\/sv\/wp-json\/wp\/v2\/media\/20296"}],"wp:attachment":[{"href":"https:\/\/toolhouse.fi\/sv\/wp-json\/wp\/v2\/media?parent=20295"}],"wp:term":[{"taxonomy":"product_cat","embeddable":true,"href":"https:\/\/toolhouse.fi\/sv\/wp-json\/wp\/v2\/product_cat?post=20295"},{"taxonomy":"product_tag","embeddable":true,"href":"https:\/\/toolhouse.fi\/sv\/wp-json\/wp\/v2\/product_tag?post=20295"}],"curies":[{"name":"wp","href":"https:\/\/api.w.org\/{rel}","templated":true}]}}