{"id":20324,"date":"2024-10-02T11:52:05","date_gmt":"2024-10-02T08:52:05","guid":{"rendered":"https:\/\/toolhouse.fi\/?post_type=product&#038;p=20324"},"modified":"2026-05-07T13:49:09","modified_gmt":"2026-05-07T10:49:09","slug":"dacktrycksmatare","status":"publish","type":"product","link":"https:\/\/toolhouse.fi\/sv\/produkt\/dacktrycksmatare\/","title":{"rendered":"D\u00e4cktrycksm\u00e4tare"},"content":{"rendered":"","protected":false},"excerpt":{"rendered":"<p>D\u00e4cktrycksm\u00e4tare f\u00f6r lastbil, mc, personbil.<\/p>\n<p>&nbsp;<\/p>\n<ul>\n<li>M\u00e4tomr\u00e5de: 0.5 \u2013 7.5 bar<\/li>\n<li>L\u00e4ngd: 200mm<\/li>\n<li>Tillverkare: Geko<\/li>\n<\/ul>\n","protected":false},"featured_media":20315,"template":"","meta":{"_acf_changed":false,"_seopress_robots_primary_cat":"","_seopress_titles_title":"","_seopress_titles_desc":"","_seopress_robots_index":""},"product_cat":[319,330],"product_tag":[],"class_list":{"0":"post-20324","1":"product","2":"type-product","3":"status-publish","4":"has-post-thumbnail","6":"product_cat-luftpafyllare","7":"product_cat-tryckluft-ovrigt","9":"first","10":"instock","11":"taxable","12":"shipping-taxable","13":"purchasable","14":"product-type-simple","swatches":"rey-swatches","show_selected":""},"acf":[],"_links":{"self":[{"href":"https:\/\/toolhouse.fi\/sv\/wp-json\/wp\/v2\/product\/20324","targetHints":{"allow":["GET"]}}],"collection":[{"href":"https:\/\/toolhouse.fi\/sv\/wp-json\/wp\/v2\/product"}],"about":[{"href":"https:\/\/toolhouse.fi\/sv\/wp-json\/wp\/v2\/types\/product"}],"version-history":[{"count":1,"href":"https:\/\/toolhouse.fi\/sv\/wp-json\/wp\/v2\/product\/20324\/revisions"}],"predecessor-version":[{"id":32832,"href":"https:\/\/toolhouse.fi\/sv\/wp-json\/wp\/v2\/product\/20324\/revisions\/32832"}],"wp:featuredmedia":[{"embeddable":true,"href":"https:\/\/toolhouse.fi\/sv\/wp-json\/wp\/v2\/media\/20315"}],"wp:attachment":[{"href":"https:\/\/toolhouse.fi\/sv\/wp-json\/wp\/v2\/media?parent=20324"}],"wp:term":[{"taxonomy":"product_cat","embeddable":true,"href":"https:\/\/toolhouse.fi\/sv\/wp-json\/wp\/v2\/product_cat?post=20324"},{"taxonomy":"product_tag","embeddable":true,"href":"https:\/\/toolhouse.fi\/sv\/wp-json\/wp\/v2\/product_tag?post=20324"}],"curies":[{"name":"wp","href":"https:\/\/api.w.org\/{rel}","templated":true}]}}