{"id":21078,"date":"2024-10-30T18:01:16","date_gmt":"2024-10-30T16:01:16","guid":{"rendered":"https:\/\/toolhouse.fi\/?post_type=product&#038;p=21078"},"modified":"2025-10-07T15:44:28","modified_gmt":"2025-10-07T12:44:28","slug":"riktsats-4-ton","status":"publish","type":"product","link":"https:\/\/toolhouse.fi\/sv\/produkt\/riktsats-4-ton\/","title":{"rendered":"Riktsats 4 ton"},"content":{"rendered":"","protected":false},"excerpt":{"rendered":"<p>Komplett karosseriserie med 4 tons kraft.<\/p>\n<p>Pumpen kan anv\u00e4ndas b\u00e5de horisontellt och vertikalt.<\/p>\n<ul>\n<li>Hydraulpump 4 ton<\/li>\n<li>Hydraulcylinder 4 ton<\/li>\n<li>Slagl\u00e4ngd: 125 mm<\/li>\n<li>Cylinder minimil\u00e4ngd: 330 mm<\/li>\n<li>Cylinder maxl\u00e4ngd: 455 mm<\/li>\n<li>Flexibel hydraulsang<\/li>\n<li>4st f\u00f6rl\u00e4ngningsst\u00e4nger: 100, 150, 300, 400 mm<\/li>\n<li>Skarvdel<\/li>\n<li>Spridarkil hydraulisk 500kg<\/li>\n<li>Gummihuvud<\/li>\n<li>R\u00e4flad platta<\/li>\n<li>Tryckplatta<\/li>\n<li>90\u00b0 V-formad tryckplatta<\/li>\n<li>R\u00e4fflad sadel<\/li>\n<li>Kil<\/li>\n<li>Utv\u00e4ndig g\u00e4ngadapter<\/li>\n<li>F\u00f6rvaringsl\u00e5da<\/li>\n<li>Vikt 20 kg<\/li>\n<li>Ce-godk\u00e4nd<\/li>\n<li>Garanti 12 m\u00e5nader<\/li>\n<li>Tillverkare: Geko<\/li>\n<\/ul>\n","protected":false},"featured_media":21099,"template":"","meta":{"_acf_changed":false,"_seopress_robots_primary_cat":"none","_seopress_titles_title":"","_seopress_titles_desc":"","_seopress_robots_index":""},"product_cat":[338,137,463,21],"product_tag":[],"class_list":{"0":"post-21078","1":"product","2":"type-product","3":"status-publish","4":"has-post-thumbnail","6":"product_cat-fordonsverktyg","7":"product_cat-hydraulpressar","8":"product_cat-riktverktyg","9":"product_cat-verkstadsutrustning","10":"product_shipping_class-k-160","12":"first","13":"instock","14":"sale","15":"taxable","16":"shipping-taxable","17":"purchasable","18":"product-type-simple","swatches":"rey-swatches","show_selected":""},"acf":[],"_links":{"self":[{"href":"https:\/\/toolhouse.fi\/sv\/wp-json\/wp\/v2\/product\/21078","targetHints":{"allow":["GET"]}}],"collection":[{"href":"https:\/\/toolhouse.fi\/sv\/wp-json\/wp\/v2\/product"}],"about":[{"href":"https:\/\/toolhouse.fi\/sv\/wp-json\/wp\/v2\/types\/product"}],"version-history":[{"count":3,"href":"https:\/\/toolhouse.fi\/sv\/wp-json\/wp\/v2\/product\/21078\/revisions"}],"predecessor-version":[{"id":21188,"href":"https:\/\/toolhouse.fi\/sv\/wp-json\/wp\/v2\/product\/21078\/revisions\/21188"}],"wp:featuredmedia":[{"embeddable":true,"href":"https:\/\/toolhouse.fi\/sv\/wp-json\/wp\/v2\/media\/21099"}],"wp:attachment":[{"href":"https:\/\/toolhouse.fi\/sv\/wp-json\/wp\/v2\/media?parent=21078"}],"wp:term":[{"taxonomy":"product_cat","embeddable":true,"href":"https:\/\/toolhouse.fi\/sv\/wp-json\/wp\/v2\/product_cat?post=21078"},{"taxonomy":"product_tag","embeddable":true,"href":"https:\/\/toolhouse.fi\/sv\/wp-json\/wp\/v2\/product_tag?post=21078"}],"curies":[{"name":"wp","href":"https:\/\/api.w.org\/{rel}","templated":true}]}}