{"id":21192,"date":"2024-10-31T18:27:18","date_gmt":"2024-10-31T16:27:18","guid":{"rendered":"https:\/\/toolhouse.fi\/?post_type=product&#038;p=21192"},"modified":"2025-12-01T00:04:05","modified_gmt":"2025-11-30T22:04:05","slug":"batteriladdare-6-12v-10a","status":"publish","type":"product","link":"https:\/\/toolhouse.fi\/sv\/produkt\/batteriladdare-6-12v-10a\/","title":{"rendered":"Batteriladdare 6\/12V 10A"},"content":{"rendered":"","protected":false},"excerpt":{"rendered":"<p>Automatisk smart batteriladdare utformad f\u00f6r att ladda AGM-, GEL-, blysyra- (6V\/12V) samt LiFePO4 batterier (endast 12V) med kapacitet p\u00e5 4 Ah till 200 Ah.<\/p>\n<p>Enheten har en tydlig LCD-display och en inbyggd voltm\u00e4tare. Laddaren \u00e4r avsedd f\u00f6r batterier som anv\u00e4nds i bilar, motorcyklar, mopeder, vattenskotrar, b\u00e5tar mm.<\/p>\n<p>Automatisk laddning: efter full laddning g\u00e5r den \u00f6ver till underh\u00e5llsl\u00e4ge. Batteriet \u00e4r skyddat mot urladdning och redo att anv\u00e4ndas n\u00e4r som helst.<\/p>\n<p>Produktegenskaper:<\/p>\n<ul>\n<li>H\u00f6gkvalitativt utf\u00f6rande<\/li>\n<li>L\u00e4mplig f\u00f6r 6V och 12V batterier<\/li>\n<li>St\u00f6djer batterier med kapacitet fr\u00e5n 4 Ah till 200 Ah<\/li>\n<li>Laddningsstr\u00f6m: 10A<\/li>\n<li>6 driftsl\u00e4gen: 12V blysyra, AGM-batteri, 12V gelbatteri, 12V LiFePO4, 6V blysyra, 12V str\u00f6mf\u00f6rs\u00f6rjningsl\u00e4ge<\/li>\n<li>Automatisk laddningsl\u00e4ge: vid mycket l\u00e5g sp\u00e4nning startar pulsad laddning med l\u00e5g str\u00f6m, vilket m\u00f6jligg\u00f6r s\u00e4ker laddning och reng\u00f6ring av blysyraplattorna. Efter att ha uppn\u00e5tt l\u00e4mplig laddningsniv\u00e5 g\u00e5r enheten \u00f6ver till snabb laddningsl\u00e4ge.<\/li>\n<\/ul>\n<p>Tekniska specifikationer:<\/p>\n<ul>\n<li>Str\u00f6mf\u00f6rs\u00f6rjning: 230V \/ 50Hz<\/li>\n<li>Maximal laddningsstr\u00f6m: 10A<\/li>\n<li>St\u00f6dd batterikapacitet: 4-200 Ah<\/li>\n<li>St\u00f6dda batterier: Blysyra \/ AGM \/ Gel \/ LiFePO4<\/li>\n<li>Skyddsklass: IP65 (vattent\u00e4t)<\/li>\n<li>Str\u00f6mkabelns l\u00e4ngd: 160 cm<\/li>\n<li>Kabell\u00e4ngd -\/+ : 170 cm<\/li>\n<li>Tillverkare: Geko<\/li>\n<\/ul>\n","protected":false},"featured_media":21203,"template":"","meta":{"_acf_changed":false,"_seopress_robots_primary_cat":"none","_seopress_titles_title":"","_seopress_titles_desc":"","_seopress_robots_index":""},"product_cat":[342,21],"product_tag":[],"class_list":{"0":"post-21192","1":"product","2":"type-product","3":"status-publish","4":"has-post-thumbnail","6":"product_cat-batteriladdare","7":"product_cat-verkstadsutrustning","9":"first","10":"instock","11":"taxable","12":"shipping-taxable","13":"purchasable","14":"product-type-simple","swatches":"rey-swatches","show_selected":""},"acf":[],"_links":{"self":[{"href":"https:\/\/toolhouse.fi\/sv\/wp-json\/wp\/v2\/product\/21192","targetHints":{"allow":["GET"]}}],"collection":[{"href":"https:\/\/toolhouse.fi\/sv\/wp-json\/wp\/v2\/product"}],"about":[{"href":"https:\/\/toolhouse.fi\/sv\/wp-json\/wp\/v2\/types\/product"}],"version-history":[{"count":2,"href":"https:\/\/toolhouse.fi\/sv\/wp-json\/wp\/v2\/product\/21192\/revisions"}],"predecessor-version":[{"id":21251,"href":"https:\/\/toolhouse.fi\/sv\/wp-json\/wp\/v2\/product\/21192\/revisions\/21251"}],"wp:featuredmedia":[{"embeddable":true,"href":"https:\/\/toolhouse.fi\/sv\/wp-json\/wp\/v2\/media\/21203"}],"wp:attachment":[{"href":"https:\/\/toolhouse.fi\/sv\/wp-json\/wp\/v2\/media?parent=21192"}],"wp:term":[{"taxonomy":"product_cat","embeddable":true,"href":"https:\/\/toolhouse.fi\/sv\/wp-json\/wp\/v2\/product_cat?post=21192"},{"taxonomy":"product_tag","embeddable":true,"href":"https:\/\/toolhouse.fi\/sv\/wp-json\/wp\/v2\/product_tag?post=21192"}],"curies":[{"name":"wp","href":"https:\/\/api.w.org\/{rel}","templated":true}]}}