{"id":21268,"date":"2024-11-03T14:35:31","date_gmt":"2024-11-03T12:35:31","guid":{"rendered":"https:\/\/toolhouse.fi\/?post_type=product&#038;p=21268"},"modified":"2026-03-03T15:18:39","modified_gmt":"2026-03-03T13:18:39","slug":"lageravdragarsats-invandig-10-32mm","status":"publish","type":"product","link":"https:\/\/toolhouse.fi\/sv\/produkt\/lageravdragarsats-invandig-10-32mm\/","title":{"rendered":"Lageravdragarsats inv\u00e4ndig 10-32mm"},"content":{"rendered":"<p>Lageravdragarsats f\u00f6r demontering av inv\u00e4ndiga lager, bussningar mm.<\/p>\n<p>Genom att skruva lageradaptern medsols s\u00e5 expanderar den och biter fast i lagret,<\/p>\n<p>d\u00e4refter g\u00e5r det enkelt att dra ut lagret med glidhammaren.<\/p>\n<p>&nbsp;<\/p>\n<p><strong>Satsen inneh\u00e5ller:\u00a0<\/strong><\/p>\n<ul>\n<li>Glidhammare: l\u00e4ngd 360 mm, vikt 1,4kg, g\u00e4nga M14x2.<\/li>\n<\/ul>\n<p><strong>Expansionshylsor f\u00f6r lager med innerdiameter:<\/strong><\/p>\n<ul>\n<li>10-14 mm<\/li>\n<li>15-19 mm<\/li>\n<li>18-25 mm<\/li>\n<li>25-32 mm<\/li>\n<\/ul>\n<p>Material:\u00a0 krommolybdenst\u00e5l.<\/p>\n<p>Tillverkare: Geko<\/p>\n","protected":false},"excerpt":{"rendered":"<p>Lageravdragarsats f\u00f6r demontering av inv\u00e4ndiga lager, bussningar mm. Genom att skruva lageradaptern medsols s\u00e5 expanderar den och biter fast i lagret, d\u00e4refter g\u00e5r det enkelt att dra ut lagret med glidhammaren. &nbsp; Satsen inneh\u00e5ller:\u00a0 Glidhammare: l\u00e4ngd 360 mm, vikt 1,4kg, g\u00e4nga M14x2. Expansionshylsor f\u00f6r lager med innerdiameter: 10-14 mm 15-19 mm 18-25 mm 25-32 mm [&hellip;]<\/p>\n","protected":false},"featured_media":21276,"template":"","meta":{"_acf_changed":false,"_seopress_robots_primary_cat":"none","_seopress_titles_title":"","_seopress_titles_desc":"","_seopress_robots_index":""},"product_cat":[588,336,21],"product_tag":[],"class_list":{"0":"post-21268","1":"product","2":"type-product","3":"status-publish","4":"has-post-thumbnail","6":"product_cat-avdragare","7":"product_cat-verktyg","8":"product_cat-verkstadsutrustning","10":"first","11":"instock","12":"taxable","13":"shipping-taxable","14":"purchasable","15":"product-type-simple","swatches":"rey-swatches","show_selected":""},"acf":[],"_links":{"self":[{"href":"https:\/\/toolhouse.fi\/sv\/wp-json\/wp\/v2\/product\/21268","targetHints":{"allow":["GET"]}}],"collection":[{"href":"https:\/\/toolhouse.fi\/sv\/wp-json\/wp\/v2\/product"}],"about":[{"href":"https:\/\/toolhouse.fi\/sv\/wp-json\/wp\/v2\/types\/product"}],"version-history":[{"count":3,"href":"https:\/\/toolhouse.fi\/sv\/wp-json\/wp\/v2\/product\/21268\/revisions"}],"predecessor-version":[{"id":21311,"href":"https:\/\/toolhouse.fi\/sv\/wp-json\/wp\/v2\/product\/21268\/revisions\/21311"}],"wp:featuredmedia":[{"embeddable":true,"href":"https:\/\/toolhouse.fi\/sv\/wp-json\/wp\/v2\/media\/21276"}],"wp:attachment":[{"href":"https:\/\/toolhouse.fi\/sv\/wp-json\/wp\/v2\/media?parent=21268"}],"wp:term":[{"taxonomy":"product_cat","embeddable":true,"href":"https:\/\/toolhouse.fi\/sv\/wp-json\/wp\/v2\/product_cat?post=21268"},{"taxonomy":"product_tag","embeddable":true,"href":"https:\/\/toolhouse.fi\/sv\/wp-json\/wp\/v2\/product_tag?post=21268"}],"curies":[{"name":"wp","href":"https:\/\/api.w.org\/{rel}","templated":true}]}}