{"id":21320,"date":"2024-11-06T16:28:59","date_gmt":"2024-11-06T14:28:59","guid":{"rendered":"https:\/\/toolhouse.fi\/?post_type=product&#038;p=21320"},"modified":"2026-03-12T15:26:44","modified_gmt":"2026-03-12T13:26:44","slug":"icarsoft-inspektionskamera","status":"publish","type":"product","link":"https:\/\/toolhouse.fi\/sv\/produkt\/icarsoft-inspektionskamera\/","title":{"rendered":"iCarsoft Inspektionskamera"},"content":{"rendered":"","protected":false},"excerpt":{"rendered":"<p id=\"ArtikelnamnFalt\">iCarsoft VDSP2000 Videoskop\/inspektionskamera f\u00f6r CR MAX och CR MAX BT.<\/p>\n<p>VDSP2000 \u00e4r ett perfekt verktyg f\u00f6r att se och f\u00e5nga video och stillbilder av sv\u00e5r\u00e5tkomliga omr\u00e5den och \u00e4r\u00a0ett idealiskt tillbeh\u00f6r till\u00a0 CR MAX och CR MAX BT.<\/p>\n<p>Med sin v\u00e4tskebest\u00e4ndiga 5,5 mm kamera och LED-belysning \u00e4r m\u00f6rka och v\u00e4tskefyllda omr\u00e5den inte l\u00e4ngre ett problem.<\/p>\n<ul>\n<li>Visa och spela in bilder och videor.<\/li>\n<li>Ta bilder enkelt med ett klick p\u00e5 snapshot-knappen.<\/li>\n<li>L\u00e4tt att justera ljusstyrkan (6 niv\u00e5er).<\/li>\n<li>Extremt liten kamera p\u00e5 5,5 mm &#8211; IP67-certifierad f\u00f6r neds\u00e4nkning, vilket m\u00f6jligg\u00f6r anv\u00e4ndning i v\u00e5ta, v\u00e4tskeindr\u00e4nkta utrymmen.<\/li>\n<li>Kamerahuvudet p\u00e5 5,5 mm passar enkelt in i tex t\u00e4ndstiftsh\u00e5l f\u00f6r inspektion.<\/li>\n<\/ul>\n<p>&nbsp;<\/p>\n<p>Tekniska parametrar:<\/p>\n<ul>\n<li>Kamera diameter: 5,5 mm.<\/li>\n<li>Kamera-r\u00f6r diameter: 4,8 mm.<\/li>\n<li>R\u00f6rets l\u00e4ngd: 1000mm.<\/li>\n<li>USB-kabelns l\u00e4ngd: 1500mm.<\/li>\n<li>Uppl\u00f6sning: 1280&#215;720.<\/li>\n<li>Anv\u00e4ndningstemperatur: 0\u2103~65\u2103.<\/li>\n<li>Str\u00f6mf\u00f6rs\u00f6rjning: USB 5V.<\/li>\n<li>USB-port: USB2.0.<\/li>\n<li>Adaptrar: Typ C\/Mikro USB.<\/li>\n<\/ul>\n<p><strong>Obs!<\/strong> Passar till de CR MAX OCH CR MAX BT som har USB-A kontakt och videoscope ikon i huvudmenyn, passar ej till \u00e4ldre modeller som saknar USB-A och videoscope funktion.<\/p>\n<p>&nbsp;<\/p>\n","protected":false},"featured_media":21327,"template":"","meta":{"_acf_changed":false,"_seopress_robots_primary_cat":"none","_seopress_titles_title":"","_seopress_titles_desc":"","_seopress_robots_index":""},"product_cat":[607,226,608],"product_tag":[],"class_list":{"0":"post-21320","1":"product","2":"type-product","3":"status-publish","4":"has-post-thumbnail","6":"product_cat-adaptrar","7":"product_cat-felkodslasare","8":"product_cat-person-paketbil","10":"first","11":"outofstock","12":"taxable","13":"shipping-taxable","14":"purchasable","15":"product-type-simple","swatches":"rey-swatches","show_selected":""},"acf":[],"_links":{"self":[{"href":"https:\/\/toolhouse.fi\/sv\/wp-json\/wp\/v2\/product\/21320","targetHints":{"allow":["GET"]}}],"collection":[{"href":"https:\/\/toolhouse.fi\/sv\/wp-json\/wp\/v2\/product"}],"about":[{"href":"https:\/\/toolhouse.fi\/sv\/wp-json\/wp\/v2\/types\/product"}],"version-history":[{"count":1,"href":"https:\/\/toolhouse.fi\/sv\/wp-json\/wp\/v2\/product\/21320\/revisions"}],"predecessor-version":[{"id":21333,"href":"https:\/\/toolhouse.fi\/sv\/wp-json\/wp\/v2\/product\/21320\/revisions\/21333"}],"wp:featuredmedia":[{"embeddable":true,"href":"https:\/\/toolhouse.fi\/sv\/wp-json\/wp\/v2\/media\/21327"}],"wp:attachment":[{"href":"https:\/\/toolhouse.fi\/sv\/wp-json\/wp\/v2\/media?parent=21320"}],"wp:term":[{"taxonomy":"product_cat","embeddable":true,"href":"https:\/\/toolhouse.fi\/sv\/wp-json\/wp\/v2\/product_cat?post=21320"},{"taxonomy":"product_tag","embeddable":true,"href":"https:\/\/toolhouse.fi\/sv\/wp-json\/wp\/v2\/product_tag?post=21320"}],"curies":[{"name":"wp","href":"https:\/\/api.w.org\/{rel}","templated":true}]}}