{"id":2136,"date":"2020-12-16T16:55:46","date_gmt":"2020-12-16T14:55:46","guid":{"rendered":"https:\/\/toolhouse.fi\/?post_type=product&#038;p=2136"},"modified":"2026-02-05T15:19:05","modified_gmt":"2026-02-05T13:19:05","slug":"pelarborrmaskin-cormak-25","status":"publish","type":"product","link":"https:\/\/toolhouse.fi\/sv\/produkt\/pelarborrmaskin-cormak-25\/","title":{"rendered":"Pelarborrmaskin Cormak 25."},"content":{"rendered":"<table border=\"1\" width=\"500\" cellspacing=\"0\" cellpadding=\"0\">\n<tbody>\n<tr>\n<td>St\u00f6rsta borrdiameter<\/td>\n<td>\n<p align=\"center\"><strong>25 mm<\/strong><\/p>\n<\/td>\n<\/tr>\n<tr>\n<td>Chuck kapacitet<\/td>\n<td>\n<p align=\"center\"><strong>16 mm<\/strong><\/p>\n<\/td>\n<\/tr>\n<tr>\n<td>Morsekona<\/td>\n<td>\n<p align=\"center\"><strong>MK3<\/strong><\/p>\n<\/td>\n<\/tr>\n<tr>\n<td>Avst\u00e5nd fr\u00e5n pelaren till spindeln<\/td>\n<td>\n<p align=\"center\"><strong>216 mm<\/strong><\/p>\n<\/td>\n<\/tr>\n<tr>\n<td>Spindel slagl\u00e4ngd<\/td>\n<td>\n<p align=\"center\"><strong>80 mm<\/strong><\/p>\n<\/td>\n<\/tr>\n<tr>\n<td>St\u00f6rsta avst\u00e5nd fr\u00e5n bord till spindel<\/td>\n<td>\n<p align=\"center\"><strong>540 mm<\/strong><\/p>\n<\/td>\n<\/tr>\n<tr>\n<td>Sp\u00e4nning<\/td>\n<td>\n<p align=\"center\"><strong>3-fas, 400V<\/strong><\/p>\n<\/td>\n<\/tr>\n<tr>\n<td>Avst\u00e5nd basplatta till chuck<\/td>\n<td>\n<p align=\"center\"><strong>1135 mm<\/strong><\/p>\n<\/td>\n<\/tr>\n<tr>\n<td>Bord m\u00e5tt<\/td>\n<td>\n<p align=\"center\"><b>355\u00d7355 mm<\/b><\/p>\n<\/td>\n<\/tr>\n<tr>\n<td>Pelardiameter<\/td>\n<td>\n<p align=\"center\"><strong>92 mm<\/strong><\/p>\n<\/td>\n<\/tr>\n<tr>\n<td>Motoreffekt<\/td>\n<td>\n<p align=\"center\"><strong>1.1 \/ 1,5 kW<\/strong><\/p>\n<\/td>\n<\/tr>\n<tr>\n<td>M\u00e5tt<\/td>\n<td>\n<p align=\"center\"><b>1635\u00d7642\u00d7356 mm<\/b><\/p>\n<\/td>\n<\/tr>\n<tr>\n<td>Nettovikt<\/td>\n<td>\n<p align=\"center\"><strong>88 kg<\/strong><\/p>\n<\/td>\n<\/tr>\n<\/tbody>\n<\/table>\n<h3>Varvtal<\/h3>\n<table border=\"1\" width=\"525\">\n<tbody>\n<tr>\n<td>Motor effekt<\/td>\n<td colspan=\"17\">Spindel hastighet (min-1)<\/td>\n<\/tr>\n<tr>\n<td>1400 min-1<\/td>\n<td><strong>160<\/strong><\/td>\n<td><strong>240<\/strong><\/td>\n<td><strong>290<\/strong><\/td>\n<td><strong>350<\/strong><\/td>\n<td><strong>410<\/strong><\/td>\n<td><strong>480<\/strong><\/td>\n<td><strong>530<\/strong><\/td>\n<td><strong>590<\/strong><\/td>\n<td><strong>660<\/strong><\/td>\n<td><strong>720<\/strong><\/td>\n<td><strong>1190<\/strong><\/td>\n<td><strong>1350<\/strong><\/td>\n<td><strong>1510<\/strong><\/td>\n<td><strong>1970<\/strong><\/td>\n<td><strong>2100<\/strong><\/td>\n<td><strong>3000<\/strong><\/td>\n<\/tr>\n<tr>\n<td>700 min-1<\/td>\n<td><strong>80<\/strong><\/td>\n<td><strong>120<\/strong><\/td>\n<td><strong>140<\/strong><\/td>\n<td><strong>170<\/strong><\/td>\n<td><strong>200<\/strong><\/td>\n<td><strong>240<\/strong><\/td>\n<td><strong>260<\/strong><\/td>\n<td><strong>290<\/strong><\/td>\n<td><strong>330<\/strong><\/td>\n<td><strong>360<\/strong><\/td>\n<td><strong>590<\/strong><\/td>\n<td><strong>670<\/strong><\/td>\n<td><strong>750<\/strong><\/td>\n<td><strong>980<\/strong><\/td>\n<td><strong>1050<\/strong><\/td>\n<td><strong>1500<\/strong><\/td>\n<\/tr>\n<\/tbody>\n<\/table>\n","protected":false},"excerpt":{"rendered":"<p>&nbsp;<\/p>\n<h3>Cormak 25 \u00e4r en stabil pelarborrmaskin av h\u00f6g kvalitet,med stort varvtalsomr\u00e5de.<\/h3>\n<p>&nbsp;<\/p>\n<p>De st\u00f6rsta f\u00f6rdelarna \u00e4r:<\/p>\n<p>Varvtalsomr\u00e5de mellan<strong>\u00a080 \u2013 3000 rpm<\/strong>! Vilket g\u00f6r att Cormak 25 \u00e4r idealisk f\u00f6r metall och f\u00f6rst\u00e5s \u00e4ven\u00a0 andra material.<\/p>\n<p>H\u00f6ger och v\u00e4nster rotation vilket m\u00f6jligg\u00f6r att tex g\u00e4nga i metall.<\/p>\n<p>Motor med tv\u00e5 hastigheter p\u00e5 1100w.<\/p>\n<p>Borrkapacitet p\u00e5\u00a0 25mm.<\/p>\n<p>Snabbchuck som klarar 16mm borr.<\/p>\n<p>Tilt och sv\u00e4ngbart bord.<\/p>\n<p>Slipat bord med T sp\u00e5r.<\/p>\n<p>Belysning.<\/p>\n<p>T sp\u00e5r \u00e4ven i basplattan.<\/p>\n<p>Remskivor i gjutj\u00e4rn.<\/p>\n<p>N\u00f6dstopp.<\/p>\n<p>Ce-m\u00e4rkt.<\/p>\n<p>Garanti 1 \u00e5r.<\/p>\n<p>Tillverkad i Europa.<\/p>\n<p><strong><em>L\u00e4nk till produktvideo (Cormak 32):<\/em><\/strong><\/p>\n<p><a href=\"https:\/\/www.youtube.com\/watch?v=xyGtyIYV-TY\">https:\/\/www.youtube.com\/watch?v=xyGtyIYV-TY<\/a><\/p>\n","protected":false},"featured_media":5496,"template":"","meta":{"_acf_changed":false,"_seopress_robots_primary_cat":"none","_seopress_titles_title":"","_seopress_titles_desc":"","_seopress_robots_index":"","_seopress_analysis_target_kw":""},"product_cat":[255],"product_tag":[],"class_list":{"0":"post-2136","1":"product","2":"type-product","3":"status-publish","4":"has-post-thumbnail","6":"product_cat-pelarborrmaskiner","7":"product_shipping_class-w-220-230","9":"first","10":"outofstock","11":"taxable","12":"shipping-taxable","13":"purchasable","14":"product-type-simple","swatches":"rey-swatches","show_selected":""},"acf":[],"_links":{"self":[{"href":"https:\/\/toolhouse.fi\/sv\/wp-json\/wp\/v2\/product\/2136","targetHints":{"allow":["GET"]}}],"collection":[{"href":"https:\/\/toolhouse.fi\/sv\/wp-json\/wp\/v2\/product"}],"about":[{"href":"https:\/\/toolhouse.fi\/sv\/wp-json\/wp\/v2\/types\/product"}],"version-history":[{"count":0,"href":"https:\/\/toolhouse.fi\/sv\/wp-json\/wp\/v2\/product\/2136\/revisions"}],"wp:featuredmedia":[{"embeddable":true,"href":"https:\/\/toolhouse.fi\/sv\/wp-json\/wp\/v2\/media\/5496"}],"wp:attachment":[{"href":"https:\/\/toolhouse.fi\/sv\/wp-json\/wp\/v2\/media?parent=2136"}],"wp:term":[{"taxonomy":"product_cat","embeddable":true,"href":"https:\/\/toolhouse.fi\/sv\/wp-json\/wp\/v2\/product_cat?post=2136"},{"taxonomy":"product_tag","embeddable":true,"href":"https:\/\/toolhouse.fi\/sv\/wp-json\/wp\/v2\/product_tag?post=2136"}],"curies":[{"name":"wp","href":"https:\/\/api.w.org\/{rel}","templated":true}]}}