{"id":21360,"date":"2024-11-07T18:49:14","date_gmt":"2024-11-07T16:49:14","guid":{"rendered":"https:\/\/toolhouse.fi\/?post_type=product&#038;p=21360"},"modified":"2026-02-04T15:58:34","modified_gmt":"2026-02-04T13:58:34","slug":"dieselvarmare-8kw","status":"publish","type":"product","link":"https:\/\/toolhouse.fi\/sv\/produkt\/dieselvarmare-8kw\/","title":{"rendered":"Dieselv\u00e4rmare 8kW"},"content":{"rendered":"","protected":false},"excerpt":{"rendered":"<p>Geko Dieselv\u00e4rmare 12V 8kW med inbyggd br\u00e4nsletank<\/p>\n<p>&nbsp;<\/p>\n<p>Dieselv\u00e4rmaren p\u00e5 8kW \u00e4r designad f\u00f6r att ge snabb och effektiv v\u00e4rmekomfort. Med en integrerad br\u00e4nsletank och modern design \u00e4r enheten inte bara effektiv utan \u00e4ven enkel att transportera och installera. V\u00e4rmaren har en kontrollpanel som m\u00f6jligg\u00f6r exakt justering av driftparametrar, samt en fj\u00e4rrkontroll, vilket g\u00f6r den l\u00e4tt att anv\u00e4nda utan direkt \u00e5tkomst till enheten.<\/p>\n<p>&nbsp;<\/p>\n<p>Denna kraftfulla v\u00e4rmare, som drivs med diesel, \u00e4r en idealisk l\u00f6sning f\u00f6r att v\u00e4rma upp utrymmen som tex garage, stugor och f\u00f6rr\u00e5d. Med sin effektivitet, som ger upp till 55 m3\/h av varm luft och l\u00e5ga CO2-utsl\u00e4pp, \u00e4r den ett utm\u00e4rkt val \u00e4ven i tuffa v\u00e4derf\u00f6rh\u00e5llanden.<\/p>\n<p>&nbsp;<\/p>\n<p>Egenskaper:<\/p>\n<p>&nbsp;<\/p>\n<ul>\n<li>Snabb och effektiv uppv\u00e4rmning med v\u00e4rmekapacitet p\u00e5 8 kW och varmluftsfl\u00f6de p\u00e5 55 m3\/h g\u00f6r att v\u00e4rmaren \u00e4r perfekt \u00e4ven f\u00f6r stora utrymmen<\/li>\n<li>Integrerad br\u00e4nsletank \u2013 \u00d6kar installations- och anv\u00e4ndarv\u00e4nligheten, minimerar behovet av extra br\u00e4nslebeh\u00e5llare.<\/li>\n<li>L\u00e4ttanv\u00e4nd kontrollpanel \u2013 En intuitiv display och tydliga knappar g\u00f6r det enkelt att justera inst\u00e4llningar.<\/li>\n<li>Fj\u00e4rrkontroll \u2013 Ger full kontroll \u00f6ver enheten.<\/li>\n<li>Ekonomisk br\u00e4nslef\u00f6rbrukning \u2013 Mellan 0,35 till 0,78 L\/h, vilket m\u00f6jligg\u00f6r l\u00e4ngre anv\u00e4ndning utan frekvent tankning.<\/li>\n<li>Robust konstruktion \u2013 H\u00e5llbart h\u00f6lje och kompakt storlek s\u00e4kerst\u00e4ller p\u00e5litlighet \u00e4ven under sv\u00e5ra f\u00f6rh\u00e5llanden.<\/li>\n<li>Anv\u00e4ndningsomr\u00e5den: garage, f\u00f6rr\u00e5d, stugor, byggplatser, t\u00e4lt mm.<\/li>\n<\/ul>\n<p>&nbsp;<\/p>\n<p>Tekniska specifikationer:<\/p>\n<p>&nbsp;<\/p>\n<ul>\n<li>Str\u00f6mf\u00f6rs\u00f6rjning: 12 V<\/li>\n<li>Br\u00e4nsle: Diesel enligt EN590<\/li>\n<li>Teoretisk maxeffekt: 8 kW<\/li>\n<li>Varmt luftfl\u00f6de: 55 m3\/h<\/li>\n<li>Br\u00e4nslef\u00f6rbrukning: 0,35 &#8211; 0,78 L\/h<\/li>\n<li>Effektf\u00f6rbrukning: 20\u201345 W<\/li>\n<li>Drifts-\/lagringstemperatur: -30\u2103 till 55\u2103<\/li>\n<li>Driftsh\u00f6jd: Upp till 4300 m \u00f6ver havet<\/li>\n<li>CO2-utsl\u00e4pp: &lt;10%<\/li>\n<li>M\u00e5tt (LxBxH): 420x275x320mm<\/li>\n<li>Vikt (v\u00e4rmare): 7,0 kg<\/li>\n<li>Vikt med tillbeh\u00f6r: 7,5 kg<\/li>\n<\/ul>\n<p>Paketet inneh\u00e5ller:<\/p>\n<p>&nbsp;<\/p>\n<ul>\n<li>Luftv\u00e4rmare med inbyggd br\u00e4nsletank<\/li>\n<li>Fj\u00e4rrkontroll<\/li>\n<li>Kompakt kontrollpanel<\/li>\n<li>Alla n\u00f6dv\u00e4ndiga monteringsdelar, inklusive slangar, kl\u00e4mmor och f\u00e4sten<\/li>\n<li>Bruksanvisning<\/li>\n<\/ul>\n<p>Tillverkare: Geko<\/p>\n","protected":false},"featured_media":21378,"template":"","meta":{"_acf_changed":false,"_seopress_robots_primary_cat":"none","_seopress_titles_title":"","_seopress_titles_desc":"","_seopress_robots_index":""},"product_cat":[349,21],"product_tag":[],"class_list":{"0":"post-21360","1":"product","2":"type-product","3":"status-publish","4":"has-post-thumbnail","6":"product_cat-ovrigt","7":"product_cat-verkstadsutrustning","9":"first","10":"outofstock","11":"taxable","12":"shipping-taxable","13":"purchasable","14":"product-type-simple","swatches":"rey-swatches","show_selected":""},"acf":[],"_links":{"self":[{"href":"https:\/\/toolhouse.fi\/sv\/wp-json\/wp\/v2\/product\/21360","targetHints":{"allow":["GET"]}}],"collection":[{"href":"https:\/\/toolhouse.fi\/sv\/wp-json\/wp\/v2\/product"}],"about":[{"href":"https:\/\/toolhouse.fi\/sv\/wp-json\/wp\/v2\/types\/product"}],"version-history":[{"count":0,"href":"https:\/\/toolhouse.fi\/sv\/wp-json\/wp\/v2\/product\/21360\/revisions"}],"wp:featuredmedia":[{"embeddable":true,"href":"https:\/\/toolhouse.fi\/sv\/wp-json\/wp\/v2\/media\/21378"}],"wp:attachment":[{"href":"https:\/\/toolhouse.fi\/sv\/wp-json\/wp\/v2\/media?parent=21360"}],"wp:term":[{"taxonomy":"product_cat","embeddable":true,"href":"https:\/\/toolhouse.fi\/sv\/wp-json\/wp\/v2\/product_cat?post=21360"},{"taxonomy":"product_tag","embeddable":true,"href":"https:\/\/toolhouse.fi\/sv\/wp-json\/wp\/v2\/product_tag?post=21360"}],"curies":[{"name":"wp","href":"https:\/\/api.w.org\/{rel}","templated":true}]}}