{"id":21396,"date":"2024-11-08T11:04:28","date_gmt":"2024-11-08T09:04:28","guid":{"rendered":"https:\/\/toolhouse.fi\/?post_type=product&#038;p=21396"},"modified":"2026-02-04T16:00:13","modified_gmt":"2026-02-04T14:00:13","slug":"dieselvarmare-2kw","status":"publish","type":"product","link":"https:\/\/toolhouse.fi\/sv\/produkt\/dieselvarmare-2kw\/","title":{"rendered":"Dieselv\u00e4rmare 2kW"},"content":{"rendered":"","protected":false},"excerpt":{"rendered":"<p>Geko Dieselv\u00e4rmare 12V 2kW med fj\u00e4rkontroll<\/p>\n<p>&nbsp;<\/p>\n<p>Dieselv\u00e4rmaren p\u00e5 2kW \u00e4r designad f\u00f6r att ge snabb och effektiv v\u00e4rmekomfort. Enheten inte bara effektiv utan \u00e4ven enkel att anv\u00e4nda och installera. V\u00e4rmaren har en kontrollpanel som m\u00f6jligg\u00f6r exakt justering av driftparametrar, samt en fj\u00e4rrkontroll, vilket g\u00f6r den l\u00e4tt att anv\u00e4nda utan direkt \u00e5tkomst till enheten.<\/p>\n<p>&nbsp;<\/p>\n<p>V\u00e4rmaren drivs med diesel och \u00e4r en idealisk l\u00f6sning f\u00f6r att v\u00e4rma upp utrymmen som tex garage, stugor och f\u00f6rr\u00e5d. Med sin effektivitet, som ger upp till 50 m3\/h av varm luft och l\u00e5ga CO2-utsl\u00e4pp, \u00e4r den ett utm\u00e4rkt val \u00e4ven i tuffa v\u00e4derf\u00f6rh\u00e5llanden.<\/p>\n<p>&nbsp;<\/p>\n<p>Egenskaper:<\/p>\n<p>&nbsp;<\/p>\n<ul>\n<li>Snabb\u00a0 uppv\u00e4rmning med v\u00e4rmekapacitet p\u00e5 2 kW och varmluftsfl\u00f6de p\u00e5 50 m3\/h g\u00f6r att v\u00e4rmaren \u00e4r perfekt till mindre utrymmen<\/li>\n<li>L\u00e4ttanv\u00e4nd kontrollpanel \u2013 En intuitiv display och tydliga knappar g\u00f6r det enkelt att justera inst\u00e4llningar.<\/li>\n<li>Fj\u00e4rrkontroll \u2013 Ger full kontroll \u00f6ver enheten.<\/li>\n<li>Ekonomisk br\u00e4nslef\u00f6rbrukning \u2013 Mellan 0.23 &#8211; 0.51 L\/h, vilket m\u00f6jligg\u00f6r l\u00e4ngre anv\u00e4ndning utan frekvent tankning.<\/li>\n<li>Robust konstruktion och kompakt storlek s\u00e4kerst\u00e4ller p\u00e5litlighet \u00e4ven under sv\u00e5ra f\u00f6rh\u00e5llanden.<\/li>\n<li>Anv\u00e4ndningsomr\u00e5den: garage, f\u00f6rr\u00e5d, stugor, byggplatser, t\u00e4lt mm.<\/li>\n<\/ul>\n<p>&nbsp;<\/p>\n<p>Tekniska specifikationer:<\/p>\n<p>&nbsp;<\/p>\n<ul>\n<li>Str\u00f6mf\u00f6rs\u00f6rjning: 12 V<\/li>\n<li>Br\u00e4nsle: Diesel enligt EN590<\/li>\n<li>Teoretisk maxeffekt: 2 kW<\/li>\n<li>Varmt luftfl\u00f6de: 50 m3\/h<\/li>\n<li>Br\u00e4nslef\u00f6rbrukning: 0.23 &#8211; 0.51 L\/h<\/li>\n<li>Effektf\u00f6rbrukning: 15\u201340 W<\/li>\n<li>Drifts-\/lagringstemperatur: -30\u2103 till 55\u2103<\/li>\n<li>Driftsh\u00f6jd: Upp till 4300 m \u00f6ver havet<\/li>\n<li>CO2-utsl\u00e4pp: &lt;10%<\/li>\n<li>M\u00e5tt (v\u00e4rmare): 40 x 13 x 14 cm<\/li>\n<li>Vikt (v\u00e4rmare): 3,3 kg<\/li>\n<li>Vikt med tillbeh\u00f6r: 4,9 kg<\/li>\n<\/ul>\n<p>Paketet inneh\u00e5ller:<\/p>\n<p>&nbsp;<\/p>\n<ul>\n<li>Luftv\u00e4rmare<\/li>\n<li>Fj\u00e4rrkontroll<\/li>\n<li>Kompakt kontrollpanel<\/li>\n<li>Alla n\u00f6dv\u00e4ndiga monteringsdelar, inklusive br\u00e4nsletank, slangar, kl\u00e4mmor, f\u00e4sten mm<\/li>\n<li>Bruksanvisning<\/li>\n<\/ul>\n<p>Tillverkare: Geko<\/p>\n","protected":false},"featured_media":21424,"template":"","meta":{"_acf_changed":false,"_seopress_robots_primary_cat":"none","_seopress_titles_title":"","_seopress_titles_desc":"","_seopress_robots_index":""},"product_cat":[349,21],"product_tag":[],"class_list":{"0":"post-21396","1":"product","2":"type-product","3":"status-publish","4":"has-post-thumbnail","6":"product_cat-ovrigt","7":"product_cat-verkstadsutrustning","9":"first","10":"instock","11":"taxable","12":"shipping-taxable","13":"purchasable","14":"product-type-simple","swatches":"rey-swatches","show_selected":""},"acf":[],"_links":{"self":[{"href":"https:\/\/toolhouse.fi\/sv\/wp-json\/wp\/v2\/product\/21396","targetHints":{"allow":["GET"]}}],"collection":[{"href":"https:\/\/toolhouse.fi\/sv\/wp-json\/wp\/v2\/product"}],"about":[{"href":"https:\/\/toolhouse.fi\/sv\/wp-json\/wp\/v2\/types\/product"}],"version-history":[{"count":0,"href":"https:\/\/toolhouse.fi\/sv\/wp-json\/wp\/v2\/product\/21396\/revisions"}],"wp:featuredmedia":[{"embeddable":true,"href":"https:\/\/toolhouse.fi\/sv\/wp-json\/wp\/v2\/media\/21424"}],"wp:attachment":[{"href":"https:\/\/toolhouse.fi\/sv\/wp-json\/wp\/v2\/media?parent=21396"}],"wp:term":[{"taxonomy":"product_cat","embeddable":true,"href":"https:\/\/toolhouse.fi\/sv\/wp-json\/wp\/v2\/product_cat?post=21396"},{"taxonomy":"product_tag","embeddable":true,"href":"https:\/\/toolhouse.fi\/sv\/wp-json\/wp\/v2\/product_tag?post=21396"}],"curies":[{"name":"wp","href":"https:\/\/api.w.org\/{rel}","templated":true}]}}