{"id":214,"date":"2020-05-18T20:57:42","date_gmt":"2020-05-18T17:57:42","guid":{"rendered":"https:\/\/toolhouse.fi\/?post_type=product&#038;p=214"},"modified":"2025-05-02T15:00:12","modified_gmt":"2025-05-02T12:00:12","slug":"tr-413-ventil-100","status":"publish","type":"product","link":"https:\/\/toolhouse.fi\/sv\/produkt\/tr-413-ventil-100\/","title":{"rendered":"TR413 ventil f\u00f6r slangl\u00f6sa d\u00e4ck 100 pack Epdm"},"content":{"rendered":"","protected":false},"excerpt":{"rendered":"<section id=\"projector_productname\" class=\"product_name d-flex mb-2 mb-sm-4 justify-content-between col-12\">\n<div class=\"product_name__wrapper pr-md-2\">\n<h1 class=\"product_name__name m-0\">TR 413 &#8211; 100 st EPDM<\/h1>\n<\/div>\n<\/section>\n<section id=\"projector_photos\" class=\"photos col-12 col-md-6 col-lg-7 d-flex align-items-start mb-2 mb-md-4\">\n<div id=\"photos_nav\" class=\"photos__nav d-none d-md-flex flex-md-column\" data-more-slides=\"6\"><\/div>\n<\/section>\n<ul>\n<li>Passar de flesta st\u00e5l och l\u00e4ttmetallf\u00e4lgar.<\/li>\n<li>Kompletta med ventiln\u00e5l och kork.<\/li>\n<li>K\u00e4rna och ventiln\u00e5l av m\u00e4ssing.<\/li>\n<li>Tillverkade i EPDM-gummi och m\u00e4ssing f\u00f6r extra h\u00e5llbarhet<\/li>\n<li>Tillverkade i Tyskland &amp; T\u00dcV-godk\u00e4nda<\/li>\n<li>Tillverkare: Tip-Topol<\/li>\n<li>F\u00e4lgh\u00e5l 11,3mm<\/li>\n<li>L\u00e4ngd 45mm<\/li>\n<\/ul>\n","protected":false},"featured_media":23849,"template":"","meta":{"_acf_changed":false,"_seopress_robots_primary_cat":"none","_seopress_titles_title":"","_seopress_titles_desc":"","_seopress_robots_index":""},"product_cat":[294],"product_tag":[],"class_list":{"0":"post-214","1":"product","2":"type-product","3":"status-publish","4":"has-post-thumbnail","6":"product_cat-dackventiler","7":"product_shipping_class-tillbehor-590","9":"first","10":"outofstock","11":"taxable","12":"shipping-taxable","13":"purchasable","14":"product-type-simple","swatches":"rey-swatches","show_selected":""},"acf":[],"_links":{"self":[{"href":"https:\/\/toolhouse.fi\/sv\/wp-json\/wp\/v2\/product\/214","targetHints":{"allow":["GET"]}}],"collection":[{"href":"https:\/\/toolhouse.fi\/sv\/wp-json\/wp\/v2\/product"}],"about":[{"href":"https:\/\/toolhouse.fi\/sv\/wp-json\/wp\/v2\/types\/product"}],"version-history":[{"count":2,"href":"https:\/\/toolhouse.fi\/sv\/wp-json\/wp\/v2\/product\/214\/revisions"}],"predecessor-version":[{"id":23853,"href":"https:\/\/toolhouse.fi\/sv\/wp-json\/wp\/v2\/product\/214\/revisions\/23853"}],"wp:featuredmedia":[{"embeddable":true,"href":"https:\/\/toolhouse.fi\/sv\/wp-json\/wp\/v2\/media\/23849"}],"wp:attachment":[{"href":"https:\/\/toolhouse.fi\/sv\/wp-json\/wp\/v2\/media?parent=214"}],"wp:term":[{"taxonomy":"product_cat","embeddable":true,"href":"https:\/\/toolhouse.fi\/sv\/wp-json\/wp\/v2\/product_cat?post=214"},{"taxonomy":"product_tag","embeddable":true,"href":"https:\/\/toolhouse.fi\/sv\/wp-json\/wp\/v2\/product_tag?post=214"}],"curies":[{"name":"wp","href":"https:\/\/api.w.org\/{rel}","templated":true}]}}