{"id":21446,"date":"2024-11-11T11:53:52","date_gmt":"2024-11-11T09:53:52","guid":{"rendered":"https:\/\/toolhouse.fi\/?post_type=product&#038;p=21446"},"modified":"2026-03-03T15:07:22","modified_gmt":"2026-03-03T13:07:22","slug":"bransletrycksmatare-testsats-for-insprutningssystem","status":"publish","type":"product","link":"https:\/\/toolhouse.fi\/sv\/produkt\/bransletrycksmatare-testsats-for-insprutningssystem\/","title":{"rendered":"Br\u00e4nsletrycksm\u00e4tare \/ testsats f\u00f6r insprutningssystem"},"content":{"rendered":"","protected":false},"excerpt":{"rendered":"<p><strong>Br\u00e4nsletrycksm\u00e4tare f\u00f6r insprutningssystem<\/strong><\/p>\n<p>Denna br\u00e4nsletrycksm\u00e4tare \u00e4r designad f\u00f6r testning av insprutningssystemet och insprutningstrycket, och passar de flesta bensinmotorer samt dieselmotorer med l\u00e5gt br\u00e4nsletryck.<\/p>\n<p><strong>Specifikationer:<\/strong><\/p>\n<ul>\n<li>Tryckomr\u00e5de: 0-10 bar (0-140 PSI)<\/li>\n<li>Inneh\u00e5ll: Br\u00e4nsleslangar, kopplingar och f\u00e4sten (Schrader 7\/16 x 20)<\/li>\n<li>M\u00e4tare: Utrustad med tryckavlastningsventil<\/li>\n<li>Tillverkare: Geko<\/li>\n<\/ul>\n<p><strong>Medf\u00f6ljande nipplar:<\/strong><\/p>\n<ul>\n<li>M12 x 1,5, 7\/16&#8243;-20 UNF<\/li>\n<li>M12 x 1,25, 7\/16&#8243;-20 UNF<\/li>\n<li>M8 x 1,7, 7\/16&#8243;-20 UNF<\/li>\n<li>M12 x 1,5, M14 x 1,5<\/li>\n<li>M10 x 1, M12 x 1,5<\/li>\n<li>M14 x 1,5, M12 x 1,5<\/li>\n<li>M8 x 1, M12 x 1,5<\/li>\n<li>M8 x 1, M12 x 1,5, vinklad<\/li>\n<\/ul>\n","protected":false},"featured_media":21454,"template":"","meta":{"_acf_changed":false,"_seopress_robots_primary_cat":"none","_seopress_titles_title":"","_seopress_titles_desc":"","_seopress_robots_index":""},"product_cat":[338,582,21],"product_tag":[],"class_list":{"0":"post-21446","1":"product","2":"type-product","3":"status-publish","4":"has-post-thumbnail","6":"product_cat-fordonsverktyg","7":"product_cat-motorverktyg","8":"product_cat-verkstadsutrustning","10":"first","11":"instock","12":"taxable","13":"shipping-taxable","14":"purchasable","15":"product-type-simple","swatches":"rey-swatches","show_selected":""},"acf":[],"_links":{"self":[{"href":"https:\/\/toolhouse.fi\/sv\/wp-json\/wp\/v2\/product\/21446","targetHints":{"allow":["GET"]}}],"collection":[{"href":"https:\/\/toolhouse.fi\/sv\/wp-json\/wp\/v2\/product"}],"about":[{"href":"https:\/\/toolhouse.fi\/sv\/wp-json\/wp\/v2\/types\/product"}],"version-history":[{"count":0,"href":"https:\/\/toolhouse.fi\/sv\/wp-json\/wp\/v2\/product\/21446\/revisions"}],"wp:featuredmedia":[{"embeddable":true,"href":"https:\/\/toolhouse.fi\/sv\/wp-json\/wp\/v2\/media\/21454"}],"wp:attachment":[{"href":"https:\/\/toolhouse.fi\/sv\/wp-json\/wp\/v2\/media?parent=21446"}],"wp:term":[{"taxonomy":"product_cat","embeddable":true,"href":"https:\/\/toolhouse.fi\/sv\/wp-json\/wp\/v2\/product_cat?post=21446"},{"taxonomy":"product_tag","embeddable":true,"href":"https:\/\/toolhouse.fi\/sv\/wp-json\/wp\/v2\/product_tag?post=21446"}],"curies":[{"name":"wp","href":"https:\/\/api.w.org\/{rel}","templated":true}]}}