{"id":21521,"date":"2024-11-12T11:41:16","date_gmt":"2024-11-12T09:41:16","guid":{"rendered":"https:\/\/toolhouse.fi\/?post_type=product&#038;p=21521"},"modified":"2025-09-21T22:15:11","modified_gmt":"2025-09-21T19:15:11","slug":"mikrometer-0-25-mm","status":"publish","type":"product","link":"https:\/\/toolhouse.fi\/sv\/produkt\/mikrometer-0-25-mm\/","title":{"rendered":"Mikrometer 0\u201325 mm"},"content":{"rendered":"","protected":false},"excerpt":{"rendered":"<div class=\"flex-shrink-0 flex flex-col relative items-end\">\n<div>\n<div class=\"pt-0\">\n<div class=\"gizmo-bot-avatar flex h-8 w-8 items-center justify-center overflow-hidden rounded-full\">\n<div class=\"relative p-1 rounded-sm flex items-center justify-center bg-token-main-surface-primary text-token-text-primary h-8 w-8\"><\/div>\n<\/div>\n<\/div>\n<\/div>\n<\/div>\n<div class=\"group\/conversation-turn relative flex w-full min-w-0 flex-col agent-turn\">\n<div class=\"flex-col gap-1 md:gap-3\">\n<div class=\"flex max-w-full flex-col flex-grow\">\n<div class=\"min-h-8 text-message flex w-full flex-col items-end gap-2 whitespace-normal break-words [.text-message+&amp;]:mt-5\" dir=\"auto\" data-message-author-role=\"assistant\" data-message-id=\"39b8223a-82e6-4b0f-80fb-23395c15b372\" data-message-model-slug=\"gpt-4o\">\n<div class=\"flex w-full flex-col gap-1 empty:hidden first:pt-[3px]\">\n<div class=\"markdown prose w-full break-words dark:prose-invert light\">\n<p><strong>Mikrometer f\u00f6r externa m\u00e4tningar 0\u201325 mm<\/strong><\/p>\n<p>En precisionsmikrometer designad f\u00f6r externa m\u00e4tningar med h\u00f6g noggrannhet p\u00e5 upp till 0,01 mm. Mikrometern anv\u00e4nder en mikrometerskruv och en nonieskala f\u00f6r exakta avl\u00e4sningar. Mikrometerskruven, med en g\u00e4ngstigning p\u00e5 0,5 mm, \u00e4r kopplad till mikrometertrumman som har en ingraverad skala (nonie). Friktionshylsan, kopplad till mikrometertrumman, s\u00e4kerst\u00e4ller ett konstant och korrekt tryck mellan m\u00e4tk\u00e4ftarna.<\/p>\n<p><strong>Produktfunktioner:<\/strong><\/p>\n<ul>\n<li>M\u00e4tskala: 0\u201325 mm<\/li>\n<li>Friktionshylsa och l\u00e5svred<\/li>\n<li>Hj\u00e4lpskala (nonie) f\u00f6r f\u00f6rb\u00e4ttrad avl\u00e4sningsnoggrannhet<\/li>\n<li>Precisionsslipade, h\u00e4rdade m\u00e4tspetsar<\/li>\n<li>Noggrannhet: upp till 0,01 mm<\/li>\n<li>M\u00e4tenhet: mm<\/li>\n<li>F\u00f6rvaringsl\u00e5da i plast<\/li>\n<li>Tillverkare<strong>:<\/strong> Geko<\/li>\n<\/ul>\n<\/div>\n<\/div>\n<\/div>\n<\/div>\n<\/div>\n<\/div>\n","protected":false},"featured_media":21535,"template":"","meta":{"_acf_changed":false,"_seopress_robots_primary_cat":"none","_seopress_titles_title":"","_seopress_titles_desc":"","_seopress_robots_index":""},"product_cat":[577,336,21],"product_tag":[],"class_list":{"0":"post-21521","1":"product","2":"type-product","3":"status-publish","4":"has-post-thumbnail","6":"product_cat-matverktyg","7":"product_cat-verktyg","8":"product_cat-verkstadsutrustning","10":"first","11":"instock","12":"taxable","13":"shipping-taxable","14":"purchasable","15":"product-type-simple","swatches":"rey-swatches","show_selected":""},"acf":[],"_links":{"self":[{"href":"https:\/\/toolhouse.fi\/sv\/wp-json\/wp\/v2\/product\/21521","targetHints":{"allow":["GET"]}}],"collection":[{"href":"https:\/\/toolhouse.fi\/sv\/wp-json\/wp\/v2\/product"}],"about":[{"href":"https:\/\/toolhouse.fi\/sv\/wp-json\/wp\/v2\/types\/product"}],"version-history":[{"count":1,"href":"https:\/\/toolhouse.fi\/sv\/wp-json\/wp\/v2\/product\/21521\/revisions"}],"predecessor-version":[{"id":21524,"href":"https:\/\/toolhouse.fi\/sv\/wp-json\/wp\/v2\/product\/21521\/revisions\/21524"}],"wp:featuredmedia":[{"embeddable":true,"href":"https:\/\/toolhouse.fi\/sv\/wp-json\/wp\/v2\/media\/21535"}],"wp:attachment":[{"href":"https:\/\/toolhouse.fi\/sv\/wp-json\/wp\/v2\/media?parent=21521"}],"wp:term":[{"taxonomy":"product_cat","embeddable":true,"href":"https:\/\/toolhouse.fi\/sv\/wp-json\/wp\/v2\/product_cat?post=21521"},{"taxonomy":"product_tag","embeddable":true,"href":"https:\/\/toolhouse.fi\/sv\/wp-json\/wp\/v2\/product_tag?post=21521"}],"curies":[{"name":"wp","href":"https:\/\/api.w.org\/{rel}","templated":true}]}}