{"id":21652,"date":"2024-11-13T17:35:18","date_gmt":"2024-11-13T15:35:18","guid":{"rendered":"https:\/\/toolhouse.fi\/?post_type=product&#038;p=21652"},"modified":"2026-02-25T15:30:57","modified_gmt":"2026-02-25T13:30:57","slug":"verktyg-for-inre-styrled-28-35mm","status":"publish","type":"product","link":"https:\/\/toolhouse.fi\/sv\/produkt\/verktyg-for-inre-styrled-28-35mm\/","title":{"rendered":"Verktyg f\u00f6r inre styrled 28-35mm"},"content":{"rendered":"","protected":false},"excerpt":{"rendered":"<p>Styrstagsnyckel f\u00f6r professionell och snabb demontering och montering av inre styrled p\u00e5 alla typer av personbilar och sk\u00e5pbilar.<\/p>\n<p>&nbsp;<\/p>\n<ul>\n<li>Passar styrstags\u00e4ndar med en diameter p\u00e5 28\u201335 mm<\/li>\n<li>Anv\u00e4nds med 1\/2&#8243; sp\u00e4rrnyckel eller 27 mm fastnyckel<\/li>\n<li>Totall\u00e4ngd: 400 mm<\/li>\n<li>Diameter p\u00e5 huvudet: 73 mm<\/li>\n<li>Tillverkare: Geko<\/li>\n<\/ul>\n","protected":false},"featured_media":21672,"template":"","meta":{"_acf_changed":false,"_seopress_robots_primary_cat":"none","_seopress_titles_title":"","_seopress_titles_desc":"","_seopress_robots_index":""},"product_cat":[338,585,21],"product_tag":[],"class_list":{"0":"post-21652","1":"product","2":"type-product","3":"status-publish","4":"has-post-thumbnail","6":"product_cat-fordonsverktyg","7":"product_cat-verktyg-for-underrede-och-transmission","8":"product_cat-verkstadsutrustning","10":"first","11":"instock","12":"taxable","13":"shipping-taxable","14":"purchasable","15":"product-type-simple","swatches":"rey-swatches","show_selected":""},"acf":[],"_links":{"self":[{"href":"https:\/\/toolhouse.fi\/sv\/wp-json\/wp\/v2\/product\/21652","targetHints":{"allow":["GET"]}}],"collection":[{"href":"https:\/\/toolhouse.fi\/sv\/wp-json\/wp\/v2\/product"}],"about":[{"href":"https:\/\/toolhouse.fi\/sv\/wp-json\/wp\/v2\/types\/product"}],"version-history":[{"count":4,"href":"https:\/\/toolhouse.fi\/sv\/wp-json\/wp\/v2\/product\/21652\/revisions"}],"predecessor-version":[{"id":21705,"href":"https:\/\/toolhouse.fi\/sv\/wp-json\/wp\/v2\/product\/21652\/revisions\/21705"}],"wp:featuredmedia":[{"embeddable":true,"href":"https:\/\/toolhouse.fi\/sv\/wp-json\/wp\/v2\/media\/21672"}],"wp:attachment":[{"href":"https:\/\/toolhouse.fi\/sv\/wp-json\/wp\/v2\/media?parent=21652"}],"wp:term":[{"taxonomy":"product_cat","embeddable":true,"href":"https:\/\/toolhouse.fi\/sv\/wp-json\/wp\/v2\/product_cat?post=21652"},{"taxonomy":"product_tag","embeddable":true,"href":"https:\/\/toolhouse.fi\/sv\/wp-json\/wp\/v2\/product_tag?post=21652"}],"curies":[{"name":"wp","href":"https:\/\/api.w.org\/{rel}","templated":true}]}}