{"id":21695,"date":"2024-11-14T12:48:28","date_gmt":"2024-11-14T10:48:28","guid":{"rendered":"https:\/\/toolhouse.fi\/?post_type=product&#038;p=21695"},"modified":"2026-05-07T13:51:51","modified_gmt":"2026-05-07T10:51:51","slug":"drivknutsavdragare","status":"publish","type":"product","link":"https:\/\/toolhouse.fi\/sv\/produkt\/drivknutsavdragare\/","title":{"rendered":"Drivknutsavdragare"},"content":{"rendered":"","protected":false},"excerpt":{"rendered":"<p>Universell avdragare f\u00f6r drivaxelknutar. Designad f\u00f6r enkel och s\u00e4ker borttagning av drivknutar utan att drivaxeln beh\u00f6ver demonteras fr\u00e5n bilen.<\/p>\n<p>&nbsp;<\/p>\n<p><strong>Egenskaper:<\/strong><\/p>\n<ul>\n<li>Passar de flesta personbilar.<\/li>\n<li>Robust och h\u00e5llbar konstruktion f\u00f6r l\u00e5ngvarig anv\u00e4ndning.<\/li>\n<li>M\u00f6jligg\u00f6r demontering av drivknut utan att skada v\u00e4xell\u00e5dan och drivknuten.<\/li>\n<li>Drivknutsverktyget h\u00e5ller h\u00e4nderna fria f\u00f6r att ta bort l\u00e5sringen.<\/li>\n<li>Justerbar i 9 l\u00e4gen<\/li>\n<\/ul>\n<p><strong>Teknisk information:<\/strong><\/p>\n<ul>\n<li>L\u00e4ngd: 253 mm<\/li>\n<li>Inv\u00e4ndig bredd: 98 mm<\/li>\n<li>Utv\u00e4ndig bredd: 140 mm<\/li>\n<li>Justerbart omr\u00e5de(9 l\u00e4gen): 132 mm<\/li>\n<li>H\u00e5ldiameter: 30 mm<\/li>\n<li>Tillverkare: Smart equipment<\/li>\n<\/ul>\n","protected":false},"featured_media":21707,"template":"","meta":{"_acf_changed":false,"_seopress_robots_primary_cat":"none","_seopress_titles_title":"","_seopress_titles_desc":"","_seopress_robots_index":""},"product_cat":[338,585,21],"product_tag":[],"class_list":{"0":"post-21695","1":"product","2":"type-product","3":"status-publish","4":"has-post-thumbnail","6":"product_cat-fordonsverktyg","7":"product_cat-verktyg-for-underrede-och-transmission","8":"product_cat-verkstadsutrustning","10":"first","11":"instock","12":"taxable","13":"shipping-taxable","14":"purchasable","15":"product-type-simple","swatches":"rey-swatches","show_selected":""},"acf":[],"_links":{"self":[{"href":"https:\/\/toolhouse.fi\/sv\/wp-json\/wp\/v2\/product\/21695","targetHints":{"allow":["GET"]}}],"collection":[{"href":"https:\/\/toolhouse.fi\/sv\/wp-json\/wp\/v2\/product"}],"about":[{"href":"https:\/\/toolhouse.fi\/sv\/wp-json\/wp\/v2\/types\/product"}],"version-history":[{"count":1,"href":"https:\/\/toolhouse.fi\/sv\/wp-json\/wp\/v2\/product\/21695\/revisions"}],"predecessor-version":[{"id":32836,"href":"https:\/\/toolhouse.fi\/sv\/wp-json\/wp\/v2\/product\/21695\/revisions\/32836"}],"wp:featuredmedia":[{"embeddable":true,"href":"https:\/\/toolhouse.fi\/sv\/wp-json\/wp\/v2\/media\/21707"}],"wp:attachment":[{"href":"https:\/\/toolhouse.fi\/sv\/wp-json\/wp\/v2\/media?parent=21695"}],"wp:term":[{"taxonomy":"product_cat","embeddable":true,"href":"https:\/\/toolhouse.fi\/sv\/wp-json\/wp\/v2\/product_cat?post=21695"},{"taxonomy":"product_tag","embeddable":true,"href":"https:\/\/toolhouse.fi\/sv\/wp-json\/wp\/v2\/product_tag?post=21695"}],"curies":[{"name":"wp","href":"https:\/\/api.w.org\/{rel}","templated":true}]}}