{"id":21727,"date":"2024-11-15T16:15:53","date_gmt":"2024-11-15T14:15:53","guid":{"rendered":"https:\/\/toolhouse.fi\/?post_type=product&#038;p=21727"},"modified":"2026-04-29T14:28:37","modified_gmt":"2026-04-29T11:28:37","slug":"spindelledsverktyg","status":"publish","type":"product","link":"https:\/\/toolhouse.fi\/sv\/produkt\/spindelledsverktyg\/","title":{"rendered":"Spindelledsverktyg"},"content":{"rendered":"","protected":false},"excerpt":{"rendered":"<p><strong>Verktyg f\u00f6r montering och demontering av spindelleder mm<\/strong><br \/>\nEtt verktyg utformat f\u00f6r att enkelt installera eller ta bort pressade element som spindelleder med mera. Verktygen \u00e4r tillverkade av gjutj\u00e4rn och h\u00e4rdat kolst\u00e5l f\u00f6r h\u00f6g h\u00e5llbarhet. Levereras i en robust plastv\u00e4ska f\u00f6r enkel f\u00f6rvaring och transport.<\/p>\n<p><strong>Anv\u00e4ndningsomr\u00e5de:<\/strong><br \/>\nL\u00e4mplig f\u00f6r en m\u00e4ngd olika person- och sk\u00e5pbilar samt terr\u00e4ngfordon, passar \u00e4ven Dana 30- och 44-framaxlar.<\/p>\n<p>&nbsp;<\/p>\n<p><strong>Inneh\u00e5ll i satsen:<\/strong><\/p>\n<ul>\n<li>C-formad skruvpress<\/li>\n<li>Centreringstapp<\/li>\n<li>3 genomg\u00e5ende hylsor i storlekar [diameter x l\u00e4ngd]:\n<ul>\n<li>2-3\/4&#8243; x 3&#8243; (70\/76mm x 60mm)<\/li>\n<li>2-1\/4&#8243; x 2-1\/2&#8243; (57\/63mm x 45mm)<\/li>\n<li>1-3\/4&#8243; x 2&#8243; (44\/50mm x 46mm)<\/li>\n<\/ul>\n<\/li>\n<li>Extern monteringsadapter [diameter x l\u00e4ngd]: 2-1\/4&#8243; x 0.845&#8243; (48\/52mm x 21mm)<\/li>\n<li>Inv\u00e4ndig monteringshylsa: 1-3\/4&#8243; (46\/50mm x 63mm)<\/li>\n<li>Extern adapter [diameter x l\u00e4ngd]: 2-1\/4&#8243; x 2-1\/2&#8243; (51\/57mm x 63mm)<\/li>\n<li>Inv\u00e4ndig stegadapter f\u00f6r montering: 0.941\u201d<\/li>\n<li>Stegad extern demonteringsadapter: 1\/2&#8243;<\/li>\n<\/ul>\n<p>&nbsp;<\/p>\n<p>Vikt: 7kg<\/p>\n","protected":false},"featured_media":26293,"template":"","meta":{"_acf_changed":false,"_seopress_robots_primary_cat":"none","_seopress_titles_title":"","_seopress_titles_desc":"","_seopress_robots_index":""},"product_cat":[338,585,21],"product_tag":[],"class_list":{"0":"post-21727","1":"product","2":"type-product","3":"status-publish","4":"has-post-thumbnail","6":"product_cat-fordonsverktyg","7":"product_cat-verktyg-for-underrede-och-transmission","8":"product_cat-verkstadsutrustning","10":"first","11":"outofstock","12":"taxable","13":"shipping-taxable","14":"purchasable","15":"product-type-simple","swatches":"rey-swatches","show_selected":""},"acf":[],"_links":{"self":[{"href":"https:\/\/toolhouse.fi\/sv\/wp-json\/wp\/v2\/product\/21727","targetHints":{"allow":["GET"]}}],"collection":[{"href":"https:\/\/toolhouse.fi\/sv\/wp-json\/wp\/v2\/product"}],"about":[{"href":"https:\/\/toolhouse.fi\/sv\/wp-json\/wp\/v2\/types\/product"}],"version-history":[{"count":0,"href":"https:\/\/toolhouse.fi\/sv\/wp-json\/wp\/v2\/product\/21727\/revisions"}],"wp:featuredmedia":[{"embeddable":true,"href":"https:\/\/toolhouse.fi\/sv\/wp-json\/wp\/v2\/media\/26293"}],"wp:attachment":[{"href":"https:\/\/toolhouse.fi\/sv\/wp-json\/wp\/v2\/media?parent=21727"}],"wp:term":[{"taxonomy":"product_cat","embeddable":true,"href":"https:\/\/toolhouse.fi\/sv\/wp-json\/wp\/v2\/product_cat?post=21727"},{"taxonomy":"product_tag","embeddable":true,"href":"https:\/\/toolhouse.fi\/sv\/wp-json\/wp\/v2\/product_tag?post=21727"}],"curies":[{"name":"wp","href":"https:\/\/api.w.org\/{rel}","templated":true}]}}