{"id":21753,"date":"2024-11-18T16:24:59","date_gmt":"2024-11-18T14:24:59","guid":{"rendered":"https:\/\/toolhouse.fi\/?post_type=product&#038;p=21753"},"modified":"2025-06-17T13:06:30","modified_gmt":"2025-06-17T10:06:30","slug":"stetoskop-for-mekaniker","status":"publish","type":"product","link":"https:\/\/toolhouse.fi\/sv\/produkt\/stetoskop-for-mekaniker\/","title":{"rendered":"Stetoskop f\u00f6r mekaniker"},"content":{"rendered":"","protected":false},"excerpt":{"rendered":"<p>Anv\u00e4nds f\u00f6r att lokalisera missljud i motor, lager mm.<\/p>\n<p>H\u00f6rsn\u00e4ckor av gummi och sond av metall.<\/p>\n","protected":false},"featured_media":21756,"template":"","meta":{"_acf_changed":false,"_seopress_robots_primary_cat":"","_seopress_titles_title":"","_seopress_titles_desc":"","_seopress_robots_index":""},"product_cat":[338,349],"product_tag":[],"class_list":{"0":"post-21753","1":"product","2":"type-product","3":"status-publish","4":"has-post-thumbnail","6":"product_cat-fordonsverktyg","7":"product_cat-ovrigt","9":"first","10":"instock","11":"taxable","12":"shipping-taxable","13":"purchasable","14":"product-type-simple","swatches":"rey-swatches","show_selected":""},"acf":[],"_links":{"self":[{"href":"https:\/\/toolhouse.fi\/sv\/wp-json\/wp\/v2\/product\/21753","targetHints":{"allow":["GET"]}}],"collection":[{"href":"https:\/\/toolhouse.fi\/sv\/wp-json\/wp\/v2\/product"}],"about":[{"href":"https:\/\/toolhouse.fi\/sv\/wp-json\/wp\/v2\/types\/product"}],"version-history":[{"count":0,"href":"https:\/\/toolhouse.fi\/sv\/wp-json\/wp\/v2\/product\/21753\/revisions"}],"wp:featuredmedia":[{"embeddable":true,"href":"https:\/\/toolhouse.fi\/sv\/wp-json\/wp\/v2\/media\/21756"}],"wp:attachment":[{"href":"https:\/\/toolhouse.fi\/sv\/wp-json\/wp\/v2\/media?parent=21753"}],"wp:term":[{"taxonomy":"product_cat","embeddable":true,"href":"https:\/\/toolhouse.fi\/sv\/wp-json\/wp\/v2\/product_cat?post=21753"},{"taxonomy":"product_tag","embeddable":true,"href":"https:\/\/toolhouse.fi\/sv\/wp-json\/wp\/v2\/product_tag?post=21753"}],"curies":[{"name":"wp","href":"https:\/\/api.w.org\/{rel}","templated":true}]}}