{"id":21766,"date":"2024-11-18T18:06:57","date_gmt":"2024-11-18T16:06:57","guid":{"rendered":"https:\/\/toolhouse.fi\/?post_type=product&#038;p=21766"},"modified":"2026-03-13T16:45:08","modified_gmt":"2026-03-13T14:45:08","slug":"pneumatisk-injektoravdragare","status":"publish","type":"product","link":"https:\/\/toolhouse.fi\/sv\/produkt\/pneumatisk-injektoravdragare\/","title":{"rendered":"Pneumatisk injektoravdragare"},"content":{"rendered":"","protected":false},"excerpt":{"rendered":"<p>Pneumatisk injektoravdragare f\u00f6r snabb och effektiv borttagning av dieselspridare.<\/p>\n<ul>\n<li>Avl\u00e4gsnar enkelt \u00e4ven riktigt h\u00e5rt sittande spridare fr\u00e5n motorer.<\/li>\n<li>Tar bort spridare utan att skada topplock eller spridare.<\/li>\n<li>Inneh\u00e5ller 19 adaptrar som passar n\u00e4stan alla typer av spridare.<\/li>\n<li>Extremt h\u00f6g slagkraft.<\/li>\n<li>Avdragarg\u00e4nga: M14x1.5<\/li>\n<li>Passar till Bosch-, Delphi-, Denso- och Siemens-spridare.<\/li>\n<li>Tillverkare: Geko<\/li>\n<\/ul>\n<p><strong>Adaptrar till spridare:<\/strong><\/p>\n<ul>\n<li>M12 x 1,5<\/li>\n<li>M14 x 1,5<\/li>\n<li>M16 x 1,5<\/li>\n<li>M17 x 1,0<\/li>\n<li>M18 x 0,75<\/li>\n<li>M18 x 1,5<\/li>\n<li>M20 x 1,0<\/li>\n<li>M20 x 1,5<\/li>\n<li>M22 x 1,5<\/li>\n<li>M25 x 0,5<\/li>\n<li>M25 x 1,0<\/li>\n<li>M25 x 1,0<\/li>\n<li>M26 x 0,75<\/li>\n<li>M27 x 0,75<\/li>\n<li>M27 x 1,0<\/li>\n<li>M27 x 1,0<\/li>\n<li>M29 x 1,0<\/li>\n<li>M31 x 0,75<\/li>\n<\/ul>\n<p><strong>Adaptrar till gl\u00f6dstift:\u00a0<\/strong><\/p>\n<ul>\n<li>M8 x 1,0<\/li>\n<li>M8 x 1,25<\/li>\n<li>M10 x 1,5<\/li>\n<\/ul>\n","protected":false},"featured_media":21787,"template":"","meta":{"_acf_changed":false,"_seopress_robots_primary_cat":"none","_seopress_titles_title":"","_seopress_titles_desc":"","_seopress_robots_index":""},"product_cat":[338,582,21],"product_tag":[],"class_list":{"0":"post-21766","1":"product","2":"type-product","3":"status-publish","4":"has-post-thumbnail","6":"product_cat-fordonsverktyg","7":"product_cat-motorverktyg","8":"product_cat-verkstadsutrustning","10":"first","11":"instock","12":"taxable","13":"shipping-taxable","14":"purchasable","15":"product-type-simple","swatches":"rey-swatches","show_selected":""},"acf":[],"_links":{"self":[{"href":"https:\/\/toolhouse.fi\/sv\/wp-json\/wp\/v2\/product\/21766","targetHints":{"allow":["GET"]}}],"collection":[{"href":"https:\/\/toolhouse.fi\/sv\/wp-json\/wp\/v2\/product"}],"about":[{"href":"https:\/\/toolhouse.fi\/sv\/wp-json\/wp\/v2\/types\/product"}],"version-history":[{"count":0,"href":"https:\/\/toolhouse.fi\/sv\/wp-json\/wp\/v2\/product\/21766\/revisions"}],"wp:featuredmedia":[{"embeddable":true,"href":"https:\/\/toolhouse.fi\/sv\/wp-json\/wp\/v2\/media\/21787"}],"wp:attachment":[{"href":"https:\/\/toolhouse.fi\/sv\/wp-json\/wp\/v2\/media?parent=21766"}],"wp:term":[{"taxonomy":"product_cat","embeddable":true,"href":"https:\/\/toolhouse.fi\/sv\/wp-json\/wp\/v2\/product_cat?post=21766"},{"taxonomy":"product_tag","embeddable":true,"href":"https:\/\/toolhouse.fi\/sv\/wp-json\/wp\/v2\/product_tag?post=21766"}],"curies":[{"name":"wp","href":"https:\/\/api.w.org\/{rel}","templated":true}]}}