{"id":21951,"date":"2024-11-22T11:39:04","date_gmt":"2024-11-22T09:39:04","guid":{"rendered":"https:\/\/toolhouse.fi\/?post_type=product&#038;p=21951"},"modified":"2025-09-19T14:56:58","modified_gmt":"2025-09-19T11:56:58","slug":"dackjarn-750mm","status":"publish","type":"product","link":"https:\/\/toolhouse.fi\/sv\/produkt\/dackjarn-750mm\/","title":{"rendered":"D\u00e4ckj\u00e4rn 750mm"},"content":{"rendered":"","protected":false},"excerpt":{"rendered":"<p>Ett extra l\u00e5ngt d\u00e4ckj\u00e4rn med smidiga och slimmade \u00e4ndar, perfekt f\u00f6r arbete med b\u00e5de standard- och l\u00e5gprofild\u00e4ck.<\/p>\n<p>&nbsp;<\/p>\n<ul>\n<li>L\u00e4ngd: 750 mm<\/li>\n<li>Material: h\u00e4rdat,f\u00f6rkromat st\u00e5l<\/li>\n<li>Tillverkare: Geko<\/li>\n<\/ul>\n","protected":false},"featured_media":21954,"template":"","meta":{"_acf_changed":false,"_seopress_robots_primary_cat":"none","_seopress_titles_title":"","_seopress_titles_desc":"","_seopress_robots_index":""},"product_cat":[185,18,186,593,160],"product_tag":[],"class_list":{"0":"post-21951","1":"product","2":"type-product","3":"status-publish","4":"has-post-thumbnail","6":"product_cat-balanseringsmaskiner","7":"product_cat-dackarbete","8":"product_cat-dackmaskiner","9":"product_cat-tillbehor-och-reservdelar","10":"product_cat-tillbehor-verktyg","12":"first","13":"instock","14":"taxable","15":"shipping-taxable","16":"purchasable","17":"product-type-simple","swatches":"rey-swatches","show_selected":""},"acf":[],"_links":{"self":[{"href":"https:\/\/toolhouse.fi\/sv\/wp-json\/wp\/v2\/product\/21951","targetHints":{"allow":["GET"]}}],"collection":[{"href":"https:\/\/toolhouse.fi\/sv\/wp-json\/wp\/v2\/product"}],"about":[{"href":"https:\/\/toolhouse.fi\/sv\/wp-json\/wp\/v2\/types\/product"}],"version-history":[{"count":1,"href":"https:\/\/toolhouse.fi\/sv\/wp-json\/wp\/v2\/product\/21951\/revisions"}],"predecessor-version":[{"id":21960,"href":"https:\/\/toolhouse.fi\/sv\/wp-json\/wp\/v2\/product\/21951\/revisions\/21960"}],"wp:featuredmedia":[{"embeddable":true,"href":"https:\/\/toolhouse.fi\/sv\/wp-json\/wp\/v2\/media\/21954"}],"wp:attachment":[{"href":"https:\/\/toolhouse.fi\/sv\/wp-json\/wp\/v2\/media?parent=21951"}],"wp:term":[{"taxonomy":"product_cat","embeddable":true,"href":"https:\/\/toolhouse.fi\/sv\/wp-json\/wp\/v2\/product_cat?post=21951"},{"taxonomy":"product_tag","embeddable":true,"href":"https:\/\/toolhouse.fi\/sv\/wp-json\/wp\/v2\/product_tag?post=21951"}],"curies":[{"name":"wp","href":"https:\/\/api.w.org\/{rel}","templated":true}]}}