{"id":21969,"date":"2024-11-22T15:51:27","date_gmt":"2024-11-22T13:51:27","guid":{"rendered":"https:\/\/toolhouse.fi\/?post_type=product&#038;p=21969"},"modified":"2026-03-03T15:20:14","modified_gmt":"2026-03-03T13:20:14","slug":"verktyg-for-trasiga-glodstift","status":"publish","type":"product","link":"https:\/\/toolhouse.fi\/sv\/produkt\/verktyg-for-trasiga-glodstift\/","title":{"rendered":"Verktyg f\u00f6r trasiga gl\u00f6dstift"},"content":{"rendered":"","protected":false},"excerpt":{"rendered":"<p>Verktygssats f\u00f6r borttagning av avbrutna gl\u00f6dstift och reparation av g\u00e4ngor. Satsen \u00e4r s\u00e4rskilt utformad f\u00f6r att enkelt och effektivt hantera gl\u00f6dstift med M8- och M10-g\u00e4ngor, b\u00e5de vid borttagning och g\u00e4ngreparation.<\/p>\n<p>Passar gl\u00f6dstift med M8 x 1.0 och M10 x 1.0 g\u00e4nga.<\/p>\n<p>Tillverkare: Geko<\/p>\n<p>&nbsp;<\/p>\n<p>&nbsp;<\/p>\n","protected":false},"featured_media":21974,"template":"","meta":{"_acf_changed":false,"_seopress_robots_primary_cat":"none","_seopress_titles_title":"","_seopress_titles_desc":"","_seopress_robots_index":""},"product_cat":[338,582,21],"product_tag":[],"class_list":{"0":"post-21969","1":"product","2":"type-product","3":"status-publish","4":"has-post-thumbnail","6":"product_cat-fordonsverktyg","7":"product_cat-motorverktyg","8":"product_cat-verkstadsutrustning","10":"first","11":"instock","12":"taxable","13":"shipping-taxable","14":"purchasable","15":"product-type-simple","swatches":"rey-swatches","show_selected":""},"acf":[],"_links":{"self":[{"href":"https:\/\/toolhouse.fi\/sv\/wp-json\/wp\/v2\/product\/21969","targetHints":{"allow":["GET"]}}],"collection":[{"href":"https:\/\/toolhouse.fi\/sv\/wp-json\/wp\/v2\/product"}],"about":[{"href":"https:\/\/toolhouse.fi\/sv\/wp-json\/wp\/v2\/types\/product"}],"version-history":[{"count":1,"href":"https:\/\/toolhouse.fi\/sv\/wp-json\/wp\/v2\/product\/21969\/revisions"}],"predecessor-version":[{"id":21982,"href":"https:\/\/toolhouse.fi\/sv\/wp-json\/wp\/v2\/product\/21969\/revisions\/21982"}],"wp:featuredmedia":[{"embeddable":true,"href":"https:\/\/toolhouse.fi\/sv\/wp-json\/wp\/v2\/media\/21974"}],"wp:attachment":[{"href":"https:\/\/toolhouse.fi\/sv\/wp-json\/wp\/v2\/media?parent=21969"}],"wp:term":[{"taxonomy":"product_cat","embeddable":true,"href":"https:\/\/toolhouse.fi\/sv\/wp-json\/wp\/v2\/product_cat?post=21969"},{"taxonomy":"product_tag","embeddable":true,"href":"https:\/\/toolhouse.fi\/sv\/wp-json\/wp\/v2\/product_tag?post=21969"}],"curies":[{"name":"wp","href":"https:\/\/api.w.org\/{rel}","templated":true}]}}