{"id":22093,"date":"2024-12-02T16:17:53","date_gmt":"2024-12-02T14:17:53","guid":{"rendered":"https:\/\/toolhouse.fi\/?post_type=product&#038;p=22093"},"modified":"2024-12-02T16:49:43","modified_gmt":"2024-12-02T14:49:43","slug":"blockeringsverktyg-vag-2-5-4-9d-tdi-pd","status":"publish","type":"product","link":"https:\/\/toolhouse.fi\/sv\/produkt\/blockeringsverktyg-vag-2-5-4-9d-tdi-pd\/","title":{"rendered":"Blockeringsverktyg- VAG 2.5\/4.9D\/ TDI PD"},"content":{"rendered":"","protected":false},"excerpt":{"rendered":"<p><strong>Inneh\u00e5ll i satsen:<\/strong><\/p>\n<ul>\n<li>Kamaxel l\u00e5sverktyg, typ 1<\/li>\n<li>Kamaxel l\u00e5sverktyg, typ 2, passar motorer 4.9 och 5.0<\/li>\n<li>Kamaxel drevl\u00e5sverktyg, typ 1<\/li>\n<li>Kamaxel drevl\u00e5sverktyg, typ 2<\/li>\n<li>Vevaxel vridverktyg<\/li>\n<li>Vevaxel inst\u00e4llningsverktyg<\/li>\n<li>F\u00f6rsp\u00e4nningsverktyg f\u00f6r kamaxelns balanseringshjul<\/li>\n<\/ul>\n<p><strong>Passar till:<\/strong><\/p>\n<ul>\n<li>Touareg 2,5 TDI PD, 4,9 5,0 TDI 2003-2011<\/li>\n<li>Transporter T5 2.5 TDI PD 2003-2011<\/li>\n<\/ul>\n<p><strong>Motorkoder:<\/strong><\/p>\n<p>AXD, AXE, BAC, BLJ, BLK, BPD, BPC, BPE<\/p>\n<p><strong>OEM:<\/strong><\/p>\n<p>\u2022 T10193, T10194, T10199, T10225, T10226<\/p>\n<p>&nbsp;<\/p>\n<p>Tillverkare: Geko<\/p>\n","protected":false},"featured_media":22106,"template":"","meta":{"_acf_changed":false,"_seopress_robots_primary_cat":"none","_seopress_titles_title":"","_seopress_titles_desc":"","_seopress_robots_index":""},"product_cat":[338,582,21],"product_tag":[],"class_list":{"0":"post-22093","1":"product","2":"type-product","3":"status-publish","4":"has-post-thumbnail","6":"product_cat-fordonsverktyg","7":"product_cat-motorverktyg","8":"product_cat-verkstadsutrustning","10":"first","11":"outofstock","12":"taxable","13":"shipping-taxable","14":"purchasable","15":"product-type-simple","swatches":"rey-swatches","show_selected":""},"acf":[],"_links":{"self":[{"href":"https:\/\/toolhouse.fi\/sv\/wp-json\/wp\/v2\/product\/22093","targetHints":{"allow":["GET"]}}],"collection":[{"href":"https:\/\/toolhouse.fi\/sv\/wp-json\/wp\/v2\/product"}],"about":[{"href":"https:\/\/toolhouse.fi\/sv\/wp-json\/wp\/v2\/types\/product"}],"version-history":[{"count":0,"href":"https:\/\/toolhouse.fi\/sv\/wp-json\/wp\/v2\/product\/22093\/revisions"}],"wp:featuredmedia":[{"embeddable":true,"href":"https:\/\/toolhouse.fi\/sv\/wp-json\/wp\/v2\/media\/22106"}],"wp:attachment":[{"href":"https:\/\/toolhouse.fi\/sv\/wp-json\/wp\/v2\/media?parent=22093"}],"wp:term":[{"taxonomy":"product_cat","embeddable":true,"href":"https:\/\/toolhouse.fi\/sv\/wp-json\/wp\/v2\/product_cat?post=22093"},{"taxonomy":"product_tag","embeddable":true,"href":"https:\/\/toolhouse.fi\/sv\/wp-json\/wp\/v2\/product_tag?post=22093"}],"curies":[{"name":"wp","href":"https:\/\/api.w.org\/{rel}","templated":true}]}}