{"id":22134,"date":"2024-12-04T11:41:13","date_gmt":"2024-12-04T09:41:13","guid":{"rendered":"https:\/\/toolhouse.fi\/?post_type=product&#038;p=22134"},"modified":"2025-10-04T11:17:07","modified_gmt":"2025-10-04T08:17:07","slug":"skarande-hylsor-3-8","status":"publish","type":"product","link":"https:\/\/toolhouse.fi\/sv\/produkt\/skarande-hylsor-3-8\/","title":{"rendered":"Sk\u00e4rande hylsor 3\/8&#8243;"},"content":{"rendered":"","protected":false},"excerpt":{"rendered":"<p>Tvardy l\u00e5nghylsset f\u00f6r skadade bultar \u00e4r den perfekta l\u00f6sningen f\u00f6r att lossa bultar som \u00e4r f\u00f6r h\u00e5rt \u00e5tdragna, rostiga eller skadade.<\/p>\n<p>Hylsorna har 3\/8&#8243; fyrkantsf\u00e4ste samt sexkantsfattning.<\/p>\n<p>Inneh\u00e5ll:<\/p>\n<ul>\n<li>9 st hylsor, 6 &#8211; 19mm (1\/4 &#8211; 3\/4&#8243;)<\/li>\n<li>Adapter till skruvdragare 3\/8&#8243;<\/li>\n<li>Drivdorn 90mm<\/li>\n<\/ul>\n<p>&nbsp;<\/p>\n<ul>\n<li>Hylsl\u00e4ngd:65 mm<\/li>\n<li>Material: CR-MO<\/li>\n<li>Tillverkare: Tvardy<\/li>\n<\/ul>\n<p>&nbsp;<\/p>\n","protected":false},"featured_media":22154,"template":"","meta":{"_acf_changed":false,"_seopress_robots_primary_cat":"none","_seopress_titles_title":"","_seopress_titles_desc":"","_seopress_robots_index":""},"product_cat":[588,581,336,21],"product_tag":[],"class_list":{"0":"post-22134","1":"product","2":"type-product","3":"status-publish","4":"has-post-thumbnail","6":"product_cat-avdragare","7":"product_cat-hylsverktyg-och-vridverktyg","8":"product_cat-verktyg","9":"product_cat-verkstadsutrustning","11":"first","12":"instock","13":"taxable","14":"shipping-taxable","15":"purchasable","16":"product-type-simple","swatches":"rey-swatches","show_selected":""},"acf":[],"_links":{"self":[{"href":"https:\/\/toolhouse.fi\/sv\/wp-json\/wp\/v2\/product\/22134","targetHints":{"allow":["GET"]}}],"collection":[{"href":"https:\/\/toolhouse.fi\/sv\/wp-json\/wp\/v2\/product"}],"about":[{"href":"https:\/\/toolhouse.fi\/sv\/wp-json\/wp\/v2\/types\/product"}],"version-history":[{"count":2,"href":"https:\/\/toolhouse.fi\/sv\/wp-json\/wp\/v2\/product\/22134\/revisions"}],"predecessor-version":[{"id":22142,"href":"https:\/\/toolhouse.fi\/sv\/wp-json\/wp\/v2\/product\/22134\/revisions\/22142"}],"wp:featuredmedia":[{"embeddable":true,"href":"https:\/\/toolhouse.fi\/sv\/wp-json\/wp\/v2\/media\/22154"}],"wp:attachment":[{"href":"https:\/\/toolhouse.fi\/sv\/wp-json\/wp\/v2\/media?parent=22134"}],"wp:term":[{"taxonomy":"product_cat","embeddable":true,"href":"https:\/\/toolhouse.fi\/sv\/wp-json\/wp\/v2\/product_cat?post=22134"},{"taxonomy":"product_tag","embeddable":true,"href":"https:\/\/toolhouse.fi\/sv\/wp-json\/wp\/v2\/product_tag?post=22134"}],"curies":[{"name":"wp","href":"https:\/\/api.w.org\/{rel}","templated":true}]}}