{"id":22160,"date":"2024-12-04T14:36:56","date_gmt":"2024-12-04T12:36:56","guid":{"rendered":"https:\/\/toolhouse.fi\/?post_type=product&#038;p=22160"},"modified":"2025-03-31T09:52:34","modified_gmt":"2025-03-31T06:52:34","slug":"blockeringsverktyg-fiat-opel-ford-1-3","status":"publish","type":"product","link":"https:\/\/toolhouse.fi\/sv\/produkt\/blockeringsverktyg-fiat-opel-ford-1-3\/","title":{"rendered":"Blockeringsverktyg Fiat\/Opel\/Ford 1.3"},"content":{"rendered":"","protected":false},"excerpt":{"rendered":"<p>Verktygssats f\u00f6r inst\u00e4llning av kamaxel och vevaxel f\u00f6r Alfa Romeo, Fiat, Ford, Lancia, Suzuki och Opel\/Vauxhall med 1.3L dieselmotor och kedjedriven kamaxel.<\/p>\n<p><strong>Passar till:<\/strong><\/p>\n<p><strong>Alfa Romeo:<\/strong><\/p>\n<ul>\n<li>MiTo (08-12)<\/li>\n<\/ul>\n<p><strong>Fiat:<\/strong><\/p>\n<ul>\n<li>500 (07-12)<\/li>\n<li>Doblo\/Cargo (04-10)<\/li>\n<li>Fiorino (08-11)<\/li>\n<li>Grande Punto (05-11)<\/li>\n<li>Idea (04-11)<\/li>\n<li>Linea (07-11)<\/li>\n<li>Panda (03-11)<\/li>\n<li>Punto (03-11)<\/li>\n<li>Punto Evo (09-12)<\/li>\n<li>Qubo (08-11)<\/li>\n<\/ul>\n<p><strong>Ford:<\/strong><\/p>\n<ul>\n<li>Ka (09-12)<\/li>\n<\/ul>\n<p><strong>Lancia:<\/strong><\/p>\n<ul>\n<li>Musa (04-11)<\/li>\n<li>Ypsilon (03-11)<\/li>\n<\/ul>\n<p><strong>Suzuki:<\/strong><\/p>\n<ul>\n<li>Ignis (03-09)<\/li>\n<li>Splash (08-11)<\/li>\n<li>Swift (06-10)<\/li>\n<li>Wagon R+ (03-08)<\/li>\n<\/ul>\n<p><strong>Opel\/Vauxhall:<\/strong><\/p>\n<ul>\n<li>Agila (03-08)<\/li>\n<li>Agila-B (08-10)<\/li>\n<li>Astra-H (04-11)<\/li>\n<li>Astra-J (09-12)<\/li>\n<li>Combo-C (03-12)<\/li>\n<li>Corsa-C (03-07)<\/li>\n<li>Corsa-D (06-12)<\/li>\n<li>Meriva-A (04-10)<\/li>\n<li>Meriva-B (10-11)<\/li>\n<li>Tigra-B (04-10)<\/li>\n<\/ul>\n<p><strong>Inneh\u00e5ller:<\/strong><\/p>\n<p>\u2022 Verktyg f\u00f6r l\u00e5sning av sv\u00e4nghjulet<br \/>\n\u2022 Verktyg f\u00f6r l\u00e5sning av kamaxeln<br \/>\n\u2022 Verktyg f\u00f6r l\u00e5sning av kedjesp\u00e4nnaren<\/p>\n<p>Tillverkare: Geko<\/p>\n","protected":false},"featured_media":22173,"template":"","meta":{"_acf_changed":false,"_seopress_robots_primary_cat":"none","_seopress_titles_title":"","_seopress_titles_desc":"","_seopress_robots_index":""},"product_cat":[338,582,21],"product_tag":[],"class_list":{"0":"post-22160","1":"product","2":"type-product","3":"status-publish","4":"has-post-thumbnail","6":"product_cat-fordonsverktyg","7":"product_cat-motorverktyg","8":"product_cat-verkstadsutrustning","10":"first","11":"instock","12":"taxable","13":"shipping-taxable","14":"purchasable","15":"product-type-simple","swatches":"rey-swatches","show_selected":""},"acf":[],"_links":{"self":[{"href":"https:\/\/toolhouse.fi\/sv\/wp-json\/wp\/v2\/product\/22160","targetHints":{"allow":["GET"]}}],"collection":[{"href":"https:\/\/toolhouse.fi\/sv\/wp-json\/wp\/v2\/product"}],"about":[{"href":"https:\/\/toolhouse.fi\/sv\/wp-json\/wp\/v2\/types\/product"}],"version-history":[{"count":0,"href":"https:\/\/toolhouse.fi\/sv\/wp-json\/wp\/v2\/product\/22160\/revisions"}],"wp:featuredmedia":[{"embeddable":true,"href":"https:\/\/toolhouse.fi\/sv\/wp-json\/wp\/v2\/media\/22173"}],"wp:attachment":[{"href":"https:\/\/toolhouse.fi\/sv\/wp-json\/wp\/v2\/media?parent=22160"}],"wp:term":[{"taxonomy":"product_cat","embeddable":true,"href":"https:\/\/toolhouse.fi\/sv\/wp-json\/wp\/v2\/product_cat?post=22160"},{"taxonomy":"product_tag","embeddable":true,"href":"https:\/\/toolhouse.fi\/sv\/wp-json\/wp\/v2\/product_tag?post=22160"}],"curies":[{"name":"wp","href":"https:\/\/api.w.org\/{rel}","templated":true}]}}