{"id":22217,"date":"2024-12-05T14:48:25","date_gmt":"2024-12-05T12:48:25","guid":{"rendered":"https:\/\/toolhouse.fi\/?post_type=product&#038;p=22217"},"modified":"2024-12-06T09:58:47","modified_gmt":"2024-12-06T07:58:47","slug":"lasverktyg-vag-1-4-1-6-16v-fsi","status":"publish","type":"product","link":"https:\/\/toolhouse.fi\/sv\/produkt\/lasverktyg-vag-1-4-1-6-16v-fsi\/","title":{"rendered":"L\u00e5sverktyg VAG 1.4 1.6 16V FSi"},"content":{"rendered":"","protected":false},"excerpt":{"rendered":"<p><strong>L\u00e5sverktyg f\u00f6r kamaxel VAG 1.4 1.6 16V FSi<\/strong><\/p>\n<p>F\u00f6r bilar i VAG-gruppen med 1.4, 1.6 16V, \u00e5rsmodeller 1997 &#8211; 2008.<br \/>\nMotorkoder: ARC, AUB, AUA, AUS, APE, ATN, AVY, AFK, AHW, APE, AQQ, AJV, AKQ, AZD<br \/>\nF\u00f6r justering av kamaxeln vid byte av kamrem<br \/>\nOEM-beteckning: T10016<\/p>\n<p><strong>Audi:<\/strong><\/p>\n<ul>\n<li>A2<\/li>\n<\/ul>\n<p><strong>Seat:<\/strong><\/p>\n<ul>\n<li>Arosa, Cordoba, Ibiza, Leon, Toledo<\/li>\n<\/ul>\n<p><strong>Skoda:<\/strong><\/p>\n<ul>\n<li>Fabia, Octavia, Roomster<\/li>\n<\/ul>\n<p><strong>Volkswagen:<\/strong><\/p>\n<ul>\n<li>Beetle, Bora, Caddy, Golf, Lupo, Polo<\/li>\n<\/ul>\n<p>Tillverkare: Geko<\/p>\n<p>&nbsp;<\/p>\n","protected":false},"featured_media":22227,"template":"","meta":{"_acf_changed":false,"_seopress_robots_primary_cat":"none","_seopress_titles_title":"","_seopress_titles_desc":"","_seopress_robots_index":""},"product_cat":[338,582,21],"product_tag":[],"class_list":{"0":"post-22217","1":"product","2":"type-product","3":"status-publish","4":"has-post-thumbnail","6":"product_cat-fordonsverktyg","7":"product_cat-motorverktyg","8":"product_cat-verkstadsutrustning","10":"first","11":"instock","12":"taxable","13":"shipping-taxable","14":"purchasable","15":"product-type-simple","swatches":"rey-swatches","show_selected":""},"acf":[],"_links":{"self":[{"href":"https:\/\/toolhouse.fi\/sv\/wp-json\/wp\/v2\/product\/22217","targetHints":{"allow":["GET"]}}],"collection":[{"href":"https:\/\/toolhouse.fi\/sv\/wp-json\/wp\/v2\/product"}],"about":[{"href":"https:\/\/toolhouse.fi\/sv\/wp-json\/wp\/v2\/types\/product"}],"version-history":[{"count":0,"href":"https:\/\/toolhouse.fi\/sv\/wp-json\/wp\/v2\/product\/22217\/revisions"}],"wp:featuredmedia":[{"embeddable":true,"href":"https:\/\/toolhouse.fi\/sv\/wp-json\/wp\/v2\/media\/22227"}],"wp:attachment":[{"href":"https:\/\/toolhouse.fi\/sv\/wp-json\/wp\/v2\/media?parent=22217"}],"wp:term":[{"taxonomy":"product_cat","embeddable":true,"href":"https:\/\/toolhouse.fi\/sv\/wp-json\/wp\/v2\/product_cat?post=22217"},{"taxonomy":"product_tag","embeddable":true,"href":"https:\/\/toolhouse.fi\/sv\/wp-json\/wp\/v2\/product_tag?post=22217"}],"curies":[{"name":"wp","href":"https:\/\/api.w.org\/{rel}","templated":true}]}}