{"id":22234,"date":"2024-12-05T15:25:14","date_gmt":"2024-12-05T13:25:14","guid":{"rendered":"https:\/\/toolhouse.fi\/?post_type=product&#038;p=22234"},"modified":"2025-11-19T14:31:25","modified_gmt":"2025-11-19T12:31:25","slug":"lasverktyg-peugeot-citroen-1-8-2-0-16v","status":"publish","type":"product","link":"https:\/\/toolhouse.fi\/sv\/produkt\/lasverktyg-peugeot-citroen-1-8-2-0-16v\/","title":{"rendered":"L\u00e5sverktyg Peugeot Citroen 1.8 2.0 16V"},"content":{"rendered":"","protected":false},"excerpt":{"rendered":"<p><strong>L\u00e5sverktyg f\u00f6r Citro\u00ebn, Peugeot 1.8 2.0 16V.<\/strong><\/p>\n<p>&nbsp;<\/p>\n<ul>\n<li>F\u00f6r Peugeot och Citro\u00ebn-bilar<\/li>\n<li>1.8 \/ 2.0 16V HPI bensinmotorer &#8211; 1998 och fram\u00e5t<\/li>\n<\/ul>\n<p><strong>Passar till:<\/strong><br \/>\n<strong>Peugeot:<\/strong><\/p>\n<ul>\n<li>206, 307, 406, 607, 407, 806, 807, Expert<\/li>\n<\/ul>\n<p><strong>Citro\u00ebn:<\/strong><\/p>\n<ul>\n<li>Xsara, Picasso, C5, C4, Evasion, Synergie, C8, Jumpy<\/li>\n<\/ul>\n<p><strong>Motorkoder:<\/strong><\/p>\n<ul>\n<li>EW12J4(3FC), EW10D-HPI(RLZ), EW10J4S(RFK), EW10J4(RFN\/RFR), EW7J4(6FZ)<\/li>\n<\/ul>\n<p>Tillverkare: Geko<\/p>\n","protected":false},"featured_media":22243,"template":"","meta":{"_acf_changed":false,"_seopress_robots_primary_cat":"none","_seopress_titles_title":"","_seopress_titles_desc":"","_seopress_robots_index":""},"product_cat":[338,582,21],"product_tag":[],"class_list":{"0":"post-22234","1":"product","2":"type-product","3":"status-publish","4":"has-post-thumbnail","6":"product_cat-fordonsverktyg","7":"product_cat-motorverktyg","8":"product_cat-verkstadsutrustning","10":"first","11":"instock","12":"taxable","13":"shipping-taxable","14":"purchasable","15":"product-type-simple","swatches":"rey-swatches","show_selected":""},"acf":[],"_links":{"self":[{"href":"https:\/\/toolhouse.fi\/sv\/wp-json\/wp\/v2\/product\/22234","targetHints":{"allow":["GET"]}}],"collection":[{"href":"https:\/\/toolhouse.fi\/sv\/wp-json\/wp\/v2\/product"}],"about":[{"href":"https:\/\/toolhouse.fi\/sv\/wp-json\/wp\/v2\/types\/product"}],"version-history":[{"count":0,"href":"https:\/\/toolhouse.fi\/sv\/wp-json\/wp\/v2\/product\/22234\/revisions"}],"wp:featuredmedia":[{"embeddable":true,"href":"https:\/\/toolhouse.fi\/sv\/wp-json\/wp\/v2\/media\/22243"}],"wp:attachment":[{"href":"https:\/\/toolhouse.fi\/sv\/wp-json\/wp\/v2\/media?parent=22234"}],"wp:term":[{"taxonomy":"product_cat","embeddable":true,"href":"https:\/\/toolhouse.fi\/sv\/wp-json\/wp\/v2\/product_cat?post=22234"},{"taxonomy":"product_tag","embeddable":true,"href":"https:\/\/toolhouse.fi\/sv\/wp-json\/wp\/v2\/product_tag?post=22234"}],"curies":[{"name":"wp","href":"https:\/\/api.w.org\/{rel}","templated":true}]}}