{"id":22250,"date":"2024-12-06T10:28:01","date_gmt":"2024-12-06T08:28:01","guid":{"rendered":"https:\/\/toolhouse.fi\/?post_type=product&#038;p=22250"},"modified":"2024-12-13T16:46:48","modified_gmt":"2024-12-13T14:46:48","slug":"blockeringsverktyg-universal","status":"publish","type":"product","link":"https:\/\/toolhouse.fi\/sv\/produkt\/blockeringsverktyg-universal\/","title":{"rendered":"Blockeringsverktyg universal"},"content":{"rendered":"","protected":false},"excerpt":{"rendered":"<div class=\"flex-shrink-0 flex flex-col relative items-end\">\n<div>\n<div class=\"pt-0\">\n<div class=\"gizmo-bot-avatar flex h-8 w-8 items-center justify-center overflow-hidden rounded-full\">\n<div class=\"relative p-1 rounded-sm flex items-center justify-center bg-token-main-surface-primary text-token-text-primary h-8 w-8\"><\/div>\n<\/div>\n<\/div>\n<\/div>\n<\/div>\n<div class=\"group\/conversation-turn relative flex w-full min-w-0 flex-col agent-turn\">\n<div class=\"flex-col gap-1 md:gap-3\">\n<div class=\"flex max-w-full flex-col flex-grow\">\n<div class=\"min-h-8 text-message flex w-full flex-col items-end gap-2 whitespace-normal break-words [.text-message+&amp;]:mt-5\" dir=\"auto\" data-message-author-role=\"assistant\" data-message-id=\"22bf1e87-450b-4ed4-ba32-be7a1ef4cb22\" data-message-model-slug=\"gpt-4o\">\n<div class=\"flex w-full flex-col gap-1 empty:hidden first:pt-[3px]\">\n<div class=\"markdown prose w-full break-words dark:prose-invert light\">\n<p><strong>Universellt l\u00e5sverktyg f\u00f6r kamaxel och vevaxel, 8 delar<\/strong><\/p>\n<p><strong>Anv\u00e4ndning:<\/strong><br \/>\nF\u00f6r bensin- och dieselmotorer, inklusive OPEL, SAAB, ROVER, VW, AUDI, SEAT, SKODA, CITRO\u00cbN, FIAT, PEUGEOT och RENAULT.<\/p>\n<p><strong>Beskrivning:<\/strong><br \/>\nVerktygssatsen best\u00e5r av 8 l\u00e5s, vilket g\u00f6r det m\u00f6jligt att l\u00e5sa fast kamaxelns och vevaxelns kugghjul i serviceposition vid byte av kamrem. Verktygens speciella form m\u00f6jligg\u00f6r en exakt inst\u00e4llning av t\u00e4ndpunkterna. Verktygen l\u00e5ser kamaxelns kugghjul och vevaxeln.<\/p>\n<p><strong>Inneh\u00e5ll och kompatibilitet:<\/strong><\/p>\n<ul>\n<li><strong>Kamaxell\u00e5s Gul:<\/strong>\n<ul>\n<li><strong>VAUXHALL \/ OPEL:<\/strong> ECOTEC Astra, Frontiera, Sintra, Vectra, Omega 1.8\/2.0\/2.2 16V fr\u00e5n 1995<\/li>\n<\/ul>\n<\/li>\n<li><strong>Kamaxell\u00e5s Bl\u00e5:<\/strong>\n<ul>\n<li><strong>VAUXHALL \/ OPEL:<\/strong> ECOTEC Astra F, Corsa B, Tigra, Vectra 1.4\/1.6 16V fr\u00e5n 1993<\/li>\n<\/ul>\n<\/li>\n<li><strong>Kamaxell\u00e5s R\u00f6d och Gr\u00f6n:<\/strong>\n<ul>\n<li><strong>SAAB:<\/strong> 900 2.5, 9000 3.0 V6<\/li>\n<li><strong>VAUXHALL \/ OPEL:<\/strong> Calibra 2.5\/2.5i\/2.6 V6, Cavalier 2.5i V6, Omega B 2.5\/2.6\/3.0\/3.2 V6, Frontiera, Sintra 3.0 V6, Vectra A 2.5\/2.5L\/2.6 V6<\/li>\n<\/ul>\n<\/li>\n<li><strong>Kamaxell\u00e5s Bl\u00e5 smal:<\/strong>\n<ul>\n<li><strong>ROVER:<\/strong> 25 1.4\/1.6\/1.8 VVC, 45 1.4\/1.6\/1.8, 75 1.8, MGF 1.8 VVC, Metro GTI\/GTA 16V<\/li>\n<\/ul>\n<\/li>\n<li><strong>Vevaxell\u00e5s Svart:<\/strong>\n<ul>\n<li><strong>VW, AUDI, SEAT, SKODA:<\/strong> TDI-motorer fr\u00e5n 2000<\/li>\n<\/ul>\n<\/li>\n<li><strong>Sv\u00e4nghjulsl\u00e5s:<\/strong>\n<ul>\n<li><strong>CITRO\u00cbN:<\/strong> Synergie 2.0\/Turbo, ZX 1.9D\/TD, Xantia 1.9D\/TD, Berlingo 1.9D<\/li>\n<li><strong>FIAT:<\/strong> Ulysse 2.0\/Turbo, Ducato 2.0FSO: 1.9D<\/li>\n<li><strong>PEUGEOT:<\/strong> 205, 305, 309, 405, 605 med olika motoralternativ<\/li>\n<li><strong>RENAULT:<\/strong> Diesel- och bensinmotorer som F8M, F8Q, J8S, E7F\/E7J, F3N, F7P, F7R, N7Q\/N7U<\/li>\n<li><strong>VAUXHALL \/ OPEL:<\/strong> OHC bensin- och dieselmotorer inklusive ISUZU 1.5D och 1.7D<\/li>\n<\/ul>\n<\/li>\n<\/ul>\n<p><strong>Tillverkare:<\/strong> Geko<\/p>\n<\/div>\n<\/div>\n<\/div>\n<\/div>\n<\/div>\n<\/div>\n","protected":false},"featured_media":22260,"template":"","meta":{"_acf_changed":false,"_seopress_robots_primary_cat":"none","_seopress_titles_title":"","_seopress_titles_desc":"","_seopress_robots_index":""},"product_cat":[338,582,21],"product_tag":[],"class_list":{"0":"post-22250","1":"product","2":"type-product","3":"status-publish","4":"has-post-thumbnail","6":"product_cat-fordonsverktyg","7":"product_cat-motorverktyg","8":"product_cat-verkstadsutrustning","10":"first","11":"instock","12":"taxable","13":"shipping-taxable","14":"purchasable","15":"product-type-simple","swatches":"rey-swatches","show_selected":""},"acf":[],"_links":{"self":[{"href":"https:\/\/toolhouse.fi\/sv\/wp-json\/wp\/v2\/product\/22250","targetHints":{"allow":["GET"]}}],"collection":[{"href":"https:\/\/toolhouse.fi\/sv\/wp-json\/wp\/v2\/product"}],"about":[{"href":"https:\/\/toolhouse.fi\/sv\/wp-json\/wp\/v2\/types\/product"}],"version-history":[{"count":0,"href":"https:\/\/toolhouse.fi\/sv\/wp-json\/wp\/v2\/product\/22250\/revisions"}],"wp:featuredmedia":[{"embeddable":true,"href":"https:\/\/toolhouse.fi\/sv\/wp-json\/wp\/v2\/media\/22260"}],"wp:attachment":[{"href":"https:\/\/toolhouse.fi\/sv\/wp-json\/wp\/v2\/media?parent=22250"}],"wp:term":[{"taxonomy":"product_cat","embeddable":true,"href":"https:\/\/toolhouse.fi\/sv\/wp-json\/wp\/v2\/product_cat?post=22250"},{"taxonomy":"product_tag","embeddable":true,"href":"https:\/\/toolhouse.fi\/sv\/wp-json\/wp\/v2\/product_tag?post=22250"}],"curies":[{"name":"wp","href":"https:\/\/api.w.org\/{rel}","templated":true}]}}