{"id":2246,"date":"2021-01-10T10:51:24","date_gmt":"2021-01-10T08:51:24","guid":{"rendered":"https:\/\/toolhouse.fi\/?post_type=product&#038;p=2246"},"modified":"2025-12-11T18:12:24","modified_gmt":"2025-12-11T16:12:24","slug":"smadelstvatt-d-440","status":"publish","type":"product","link":"https:\/\/toolhouse.fi\/sv\/produkt\/smadelstvatt-d-440\/","title":{"rendered":"Sm\u00e5delstv\u00e4tt D-440."},"content":{"rendered":"<table class=\"n54117_dictionary\">\n<tbody>\n<tr>\n<td class=\"n54117_item_a1\">Max m\u00e4ngd p\u00e5 tv\u00e4ttmedel<span class=\"n67256colon\">:<\/span><\/td>\n<td class=\"n54117_item_b1\">\n<div class=\"n54117_item_b_sub\">76L<\/div>\n<\/td>\n<\/tr>\n<tr>\n<td class=\"n54117_item_a2\">Storlek (B x D x H) <span class=\"n67256colon\">:<\/span><\/td>\n<td class=\"n54117_item_b2\">\n<div class=\"n54117_item_b_sub\">781 x 539 x \u200b\u200b875 mm<\/div>\n<\/td>\n<\/tr>\n<tr>\n<td class=\"n54117_item_a1\">Max fl\u00f6de(pump kapacitet) <span class=\"n67256colon\">:<\/span><\/td>\n<td class=\"n54117_item_b1\">\n<div class=\"n54117_item_b_sub\">12 L \/ min<\/div>\n<\/td>\n<\/tr>\n<tr>\n<td class=\"n54117_item_a2\">L\u00e4ngd tv\u00e4ttmunstycke <span class=\"n67256colon\">:<\/span><\/td>\n<td class=\"n54117_item_b2\">\n<div class=\"n54117_item_b_sub\">30 cm<\/div>\n<\/td>\n<\/tr>\n<tr>\n<td class=\"n54117_item_a1\">\u00c5tercirkulerande <span class=\"n67256colon\">:<\/span><\/td>\n<td class=\"n54117_item_b1\">\n<div class=\"n54117_item_b_sub\">Ja<\/div>\n<\/td>\n<\/tr>\n<tr>\n<td class=\"n54117_item_a2\">Sp\u00e4nning<span class=\"n67256colon\">:<\/span><\/td>\n<td class=\"n54117_item_b2\">\n<div class=\"n54117_item_b_sub\">230V 50Hz<\/div>\n<\/td>\n<\/tr>\n<tr>\n<td class=\"n54117_item_a1\">Anv\u00e4ndning av flyktiga v\u00e4tskor <span class=\"n67256colon\">:<\/span><\/td>\n<td class=\"n54117_item_b1\">\n<div class=\"n54117_item_b_sub\">Nej<\/div>\n<\/td>\n<\/tr>\n<tr>\n<td class=\"n54117_item_a2\">Min tv\u00e4ttmedel niv\u00e5 <span class=\"n67256colon\">:<\/span><\/td>\n<td class=\"n54117_item_b2\">\n<div class=\"n54117_item_b_sub\">40%<\/div>\n<\/td>\n<\/tr>\n<tr>\n<td class=\"n54117_item_a1\">Vikt<span class=\"n67256colon\">:<\/span><\/td>\n<td class=\"n54117_item_b1\">\n<div class=\"n54117_item_b_sub\">28 kg<\/div>\n<\/td>\n<\/tr>\n<tr>\n<td class=\"n54117_item_a2\">Garanti<\/td>\n<td class=\"n54117_item_b2\">\n<div class=\"n54117_item_b_sub\">1 \u00e5r<\/div>\n<\/td>\n<\/tr>\n<tr>\n<td class=\"n54117_item_a1\">CE-M\u00e4rkt <span class=\"n67256colon\">:<\/span><\/td>\n<td class=\"n54117_item_b1\">\n<div class=\"n54117_item_b_sub\">Ja<\/div>\n<\/td>\n<\/tr>\n<\/tbody>\n<\/table>\n","protected":false},"excerpt":{"rendered":"<h3>Redats D-440<\/h3>\n<p>&nbsp;<\/p>\n<p>Med Redats D-440 sm\u00e5delstv\u00e4tt kan du snabbt och enkelt reng\u00f6ra exempelvis verktyg, maskin- och motordelar .<\/p>\n<p>Tv\u00e4tten best\u00e5r av ett\u00a0 tr\u00e5g\u00a0 som fylls upp med l\u00e4mplig m\u00e4ngd vatten eller tv\u00e4ttmedel (76L). En cirkulationspump pumpar sedan upp v\u00e4tskan i ett flexibelt metallmunstycke som du anv\u00e4nder f\u00f6r att spola av de smutsiga delarna med.<\/p>\n<p>Effektiv pump som cirkulerar 12 liter v\u00e4tska per minut.<\/p>\n<p>Tr\u00e5get har perforerad botten som \u00e4r perfekt\u00a0 n\u00e4r du vill tv\u00e4tta av riktigt sm\u00e5 delar, exempelvis muttrar eller brickor.<\/p>\n<p>Hela konstruktionen \u00e4r tillverkad av st\u00e5lpl\u00e5t.<\/p>\n","protected":false},"featured_media":7066,"template":"","meta":{"_acf_changed":false,"_seopress_robots_primary_cat":"none","_seopress_titles_title":"","_seopress_titles_desc":"","_seopress_robots_index":""},"product_cat":[334,21],"product_tag":[],"class_list":{"0":"post-2246","1":"product","2":"type-product","3":"status-publish","4":"has-post-thumbnail","6":"product_cat-verkstadstvatt","7":"product_cat-verkstadsutrustning","8":"product_shipping_class-frakt-1390","10":"first","11":"instock","12":"sale","13":"taxable","14":"shipping-taxable","15":"purchasable","16":"product-type-simple","swatches":"rey-swatches","show_selected":""},"acf":[],"_links":{"self":[{"href":"https:\/\/toolhouse.fi\/sv\/wp-json\/wp\/v2\/product\/2246","targetHints":{"allow":["GET"]}}],"collection":[{"href":"https:\/\/toolhouse.fi\/sv\/wp-json\/wp\/v2\/product"}],"about":[{"href":"https:\/\/toolhouse.fi\/sv\/wp-json\/wp\/v2\/types\/product"}],"version-history":[{"count":1,"href":"https:\/\/toolhouse.fi\/sv\/wp-json\/wp\/v2\/product\/2246\/revisions"}],"predecessor-version":[{"id":18227,"href":"https:\/\/toolhouse.fi\/sv\/wp-json\/wp\/v2\/product\/2246\/revisions\/18227"}],"wp:featuredmedia":[{"embeddable":true,"href":"https:\/\/toolhouse.fi\/sv\/wp-json\/wp\/v2\/media\/7066"}],"wp:attachment":[{"href":"https:\/\/toolhouse.fi\/sv\/wp-json\/wp\/v2\/media?parent=2246"}],"wp:term":[{"taxonomy":"product_cat","embeddable":true,"href":"https:\/\/toolhouse.fi\/sv\/wp-json\/wp\/v2\/product_cat?post=2246"},{"taxonomy":"product_tag","embeddable":true,"href":"https:\/\/toolhouse.fi\/sv\/wp-json\/wp\/v2\/product_tag?post=2246"}],"curies":[{"name":"wp","href":"https:\/\/api.w.org\/{rel}","templated":true}]}}