{"id":22467,"date":"2024-12-16T14:29:16","date_gmt":"2024-12-16T12:29:16","guid":{"rendered":"https:\/\/toolhouse.fi\/?post_type=product&#038;p=22467"},"modified":"2026-02-11T09:45:17","modified_gmt":"2026-02-11T07:45:17","slug":"blockeringsverktyg-chrysler-voyager-jeep-2-5-2-8-crd","status":"publish","type":"product","link":"https:\/\/toolhouse.fi\/sv\/produkt\/blockeringsverktyg-chrysler-voyager-jeep-2-5-2-8-crd\/","title":{"rendered":"Blockeringsverktyg Chrysler Voyager, Jeep 2.5 2.8 CRD"},"content":{"rendered":"","protected":false},"excerpt":{"rendered":"<p><strong>Blockeringsverktyg Chrysler, Jeep<\/strong><\/p>\n<p><strong>Passar till:<\/strong><\/p>\n<ul>\n<li><strong>Chrysler<\/strong>: Voyager, Grand Voyager motorer R2516C, R2516L, R2816K<\/li>\n<li><strong>Jeep<\/strong>: Cherokee (01\u201308) 2.5 \/ 2.8 motorer<\/li>\n<li><strong>LDV<\/strong>: Maxus (05\u201308) VM2516L motorer<\/li>\n<\/ul>\n<p><strong>Motorkoder:<\/strong><br \/>\nR2516C, R2516L, R2816K, VM2516L<\/p>\n<p>Inneh\u00e5ller l\u00e5stappar f\u00f6r kamaxel, vevaxel och balansaxel samt en justerare f\u00f6r kamremmens sp\u00e4nnare.<\/p>\n<p>&nbsp;<\/p>\n<p>Tillverkare: Geko<\/p>\n","protected":false},"featured_media":22478,"template":"","meta":{"_acf_changed":false,"_seopress_robots_primary_cat":"none","_seopress_titles_title":"","_seopress_titles_desc":"","_seopress_robots_index":""},"product_cat":[338,582,21],"product_tag":[],"class_list":{"0":"post-22467","1":"product","2":"type-product","3":"status-publish","4":"has-post-thumbnail","6":"product_cat-fordonsverktyg","7":"product_cat-motorverktyg","8":"product_cat-verkstadsutrustning","10":"first","11":"outofstock","12":"taxable","13":"shipping-taxable","14":"purchasable","15":"product-type-simple","swatches":"rey-swatches","show_selected":""},"acf":[],"_links":{"self":[{"href":"https:\/\/toolhouse.fi\/sv\/wp-json\/wp\/v2\/product\/22467","targetHints":{"allow":["GET"]}}],"collection":[{"href":"https:\/\/toolhouse.fi\/sv\/wp-json\/wp\/v2\/product"}],"about":[{"href":"https:\/\/toolhouse.fi\/sv\/wp-json\/wp\/v2\/types\/product"}],"version-history":[{"count":3,"href":"https:\/\/toolhouse.fi\/sv\/wp-json\/wp\/v2\/product\/22467\/revisions"}],"predecessor-version":[{"id":22485,"href":"https:\/\/toolhouse.fi\/sv\/wp-json\/wp\/v2\/product\/22467\/revisions\/22485"}],"wp:featuredmedia":[{"embeddable":true,"href":"https:\/\/toolhouse.fi\/sv\/wp-json\/wp\/v2\/media\/22478"}],"wp:attachment":[{"href":"https:\/\/toolhouse.fi\/sv\/wp-json\/wp\/v2\/media?parent=22467"}],"wp:term":[{"taxonomy":"product_cat","embeddable":true,"href":"https:\/\/toolhouse.fi\/sv\/wp-json\/wp\/v2\/product_cat?post=22467"},{"taxonomy":"product_tag","embeddable":true,"href":"https:\/\/toolhouse.fi\/sv\/wp-json\/wp\/v2\/product_tag?post=22467"}],"curies":[{"name":"wp","href":"https:\/\/api.w.org\/{rel}","templated":true}]}}