{"id":22486,"date":"2024-12-16T15:59:58","date_gmt":"2024-12-16T13:59:58","guid":{"rendered":"https:\/\/toolhouse.fi\/?post_type=product&#038;p=22486"},"modified":"2026-04-17T15:08:36","modified_gmt":"2026-04-17T12:08:36","slug":"mk-250e-3r","status":"publish","type":"product","link":"https:\/\/toolhouse.fi\/sv\/produkt\/mk-250e-3r\/","title":{"rendered":"MK-250E 3R"},"content":{"rendered":"<table class=\"n54117_dictionary\">\n<tbody>\n<tr>\n<td class=\"n54117_item_a1\"><strong>Typ\u00a0<span class=\"n67256colon\">:<\/span><\/strong><\/td>\n<td class=\"n54117_item_b1\">\n<div class=\"n54117_item_b_sub\"><strong>Automatisk d\u00e4ckmaskin<\/strong><\/div>\n<\/td>\n<\/tr>\n<tr>\n<td class=\"n54117_item_a2\"><strong>Sp\u00e4nning\u00a0<span class=\"n67256colon\">:<\/span><\/strong><\/td>\n<td class=\"n54117_item_b2\">\n<div class=\"n54117_item_b_sub\"><strong>3-fas (400V)<\/strong><\/div>\n<\/td>\n<\/tr>\n<tr>\n<td class=\"n54117_item_a1\"><strong><span class=\"n67256colon\">Rotationshastighet:<\/span><\/strong><\/td>\n<td class=\"n54117_item_b1\">\n<div class=\"n54117_item_b_sub\"><strong>0 \u2013 12 rpm<\/strong><\/div>\n<\/td>\n<\/tr>\n<tr>\n<td class=\"n54117_item_a2\"><strong><span class=\"n67256colon\">Klinchpress kraft:<\/span><\/strong><\/td>\n<td class=\"n54117_item_b2\">\n<div class=\"n54117_item_b_sub\"><strong>2600 kg<\/strong><\/div>\n<\/td>\n<\/tr>\n<tr>\n<td class=\"n54117_item_a1\"><strong>Maximal hjuldiameter\u00a0:\u00a0<span class=\"n67256colon\">:<\/span><\/strong><\/td>\n<td class=\"n54117_item_b1\">\n<div class=\"n54117_item_b_sub\"><strong>1110 mm<\/strong><\/div>\n<\/td>\n<\/tr>\n<tr>\n<td class=\"n54117_item_a2\"><strong><span class=\"n67256colon\">Maximal hjulbredd\u00a0::<\/span><\/strong><\/td>\n<td class=\"n54117_item_b2\">\n<div class=\"n54117_item_b_sub\"><strong>385 mm<\/strong><\/div>\n<\/td>\n<\/tr>\n<tr>\n<td class=\"n54117_item_a1\"><strong><span class=\"n67256colon\">F\u00e4lgstorlek inv\u00e4ndig\u00a0::<\/span><\/strong><\/td>\n<td class=\"n54117_item_b1\">\n<div class=\"n54117_item_b_sub\"><strong>13 \u201c- 26\u201d<\/strong><\/div>\n<\/td>\n<\/tr>\n<tr>\n<td class=\"n54117_item_a2\"><strong>F\u00e4lgstorlek utv\u00e4ndig<\/strong><\/td>\n<td class=\"n54117_item_b2\">\n<div class=\"n54117_item_b_sub\"><strong>11 \u201c- 23\u201d<\/strong><\/div>\n<\/td>\n<\/tr>\n<tr>\n<td class=\"n54117_item_a1\"><strong><span class=\"n67256colon\">Lufttryck::<\/span><\/strong><\/td>\n<td class=\"n54117_item_b1\">\n<div class=\"n54117_item_b_sub\"><strong>8 \u2013 10 Bar<\/strong><\/div>\n<\/td>\n<\/tr>\n<tr>\n<td class=\"n54117_item_a2\"><strong>Ljudniv\u00e5\u00a0:<\/strong><\/td>\n<td class=\"n54117_item_b2\">\n<div class=\"n54117_item_b_sub\"><strong>&lt;75 dB<\/strong><\/div>\n<\/td>\n<\/tr>\n<tr>\n<td class=\"n54117_item_a1\"><strong>Motoreffekt\u00a0:<\/strong><\/td>\n<td class=\"n54117_item_b1\">\n<div class=\"n54117_item_b_sub\"><strong>hastighet 1: 0.75 kW<\/strong><\/div>\n<p><strong>,<\/strong><\/p>\n<div class=\"n54117_item_b_sub\"><strong>Hastighet 2: 1.1 kW<\/strong><\/div>\n<\/td>\n<\/tr>\n<tr>\n<td class=\"n54117_item_a2\"><\/td>\n<td class=\"n54117_item_b2\"><\/td>\n<\/tr>\n<tr>\n<td class=\"n54117_item_a1\"><strong><span class=\"n67256colon\">Maximal bord vridmoment\u00a0::<\/span><\/strong><\/td>\n<td class=\"n54117_item_b1\">\n<div class=\"n54117_item_b_sub\"><strong>1080 Nm<\/strong><\/div>\n<\/td>\n<\/tr>\n<tr>\n<td class=\"n54117_item_a2\"><strong>Dimensioner (H x D x B)\u00a0:<\/strong><\/td>\n<td class=\"n54117_item_b2\">\n<div class=\"n54117_item_b_sub\"><\/div>\n<\/td>\n<\/tr>\n<tr>\n<td class=\"n54117_item_a1\"><strong>Standardutrustning\u00a0:<\/strong><\/td>\n<td class=\"n54117_item_b1\">\n<div class=\"n54117_item_b_sub\">\n<p><strong>Tryckregulator med sm\u00f6rjare och vattenavskiljare.<\/strong><\/p>\n<p><strong>D\u00e4ckj\u00e4rn rft<\/strong><\/p>\n<p><strong>D\u00e4ckmonteringspasta 1kg<\/strong><\/p>\n<p><strong>Borste till d\u00e4ckpasta<\/strong><\/p>\n<p><strong>Snabbreglage till monteringshuvud<\/strong><\/p>\n<p><strong>Luftp\u00e5fyllare automatisk,digital<\/strong><\/p>\n<p><strong>Plastskydd till monteringshuvud.<\/strong><\/p>\n<p><strong>Plastskydd till k\u00e4ftar<\/strong><\/p>\n<p><strong>Plastskydd till klinchpress<\/strong><\/p>\n<p><strong>Justerbar klinchpress (teleskopisk i 2 l\u00e4gen)<\/strong><\/p>\n<\/div>\n<div class=\"n54117_item_b_sub\"><strong>Hj\u00e4lparm 3R-RUN FLAT (2x monteringsrullar, monteringstallrik,<\/strong><br \/>\n<strong>Centering cone)<\/strong><\/div>\n<\/td>\n<\/tr>\n<tr>\n<td class=\"n54117_item_a2\"><strong>Vikt\u00a0<span class=\"n67256colon\">:<\/span><\/strong><\/td>\n<td class=\"n54117_item_b2\">\n<div class=\"n54117_item_b_sub\"><strong>335 kg<\/strong><\/div>\n<\/td>\n<\/tr>\n<tr>\n<td class=\"n54117_item_a1\"><strong>Garanti\u00a0<span class=\"n67256colon\">:<\/span><\/strong><\/td>\n<td class=\"n54117_item_b1\">\n<div class=\"n54117_item_b_sub\"><strong>12 m\u00e5nader<\/strong><\/div>\n<\/td>\n<\/tr>\n<\/tbody>\n<\/table>\n","protected":false},"excerpt":{"rendered":"<div class=\"flex-shrink-0 flex flex-col relative items-end\">\n<div>\n<div class=\"pt-0\">\n<div class=\"gizmo-bot-avatar flex h-8 w-8 items-center justify-center overflow-hidden rounded-full\">\n<div class=\"relative p-1 rounded-sm flex items-center justify-center bg-token-main-surface-primary text-token-text-primary h-8 w-8\"><\/div>\n<\/div>\n<\/div>\n<\/div>\n<\/div>\n<div class=\"group\/conversation-turn relative flex w-full min-w-0 flex-col agent-turn\">\n<div class=\"flex-col gap-1 md:gap-3\">\n<div class=\"flex max-w-full flex-col flex-grow\">\n<div class=\"min-h-8 text-message flex w-full flex-col items-end gap-2 whitespace-normal break-words text-start [.text-message+&amp;]:mt-5\" dir=\"auto\" data-message-author-role=\"assistant\" data-message-id=\"7540cc87-8cba-462f-aafa-5d79332fc4a5\" data-message-model-slug=\"gpt-4o\">\n<div class=\"flex w-full flex-col gap-1 empty:hidden first:pt-[3px]\">\n<div class=\"markdown prose w-full break-words dark:prose-invert light\">\n<p><strong>D\u00e4ckmaskin MK-250E 3R<\/strong><\/p>\n<p>&nbsp;<\/p>\n<ul>\n<li><strong>3R-hj\u00e4lparm:<\/strong> F\u00f6r enkel hantering av RUN-FLAT och l\u00e5gprofilsd\u00e4ck<\/li>\n<li><strong>2 hastighets rotation:<\/strong> F\u00f6r snabb och smidig d\u00e4ckmontering<\/li>\n<li><strong>Snabbreglage till monteringshuvud:<\/strong> F\u00f6r enkel justering<\/li>\n<li><strong>Pneumatiskt tiltbar pelare<\/strong><\/li>\n<li><strong>F\u00e4lgstorlek inv\u00e4ndig:<\/strong> 13\u201d &#8211; 26\u201d<\/li>\n<li><strong>F\u00e4lgstorlek utv\u00e4ndig:<\/strong> 11\u201d &#8211; 23\u201d<\/li>\n<li><strong>Maximal hjuldiameter:<\/strong> 1110 mm<\/li>\n<li><strong>Maximal hjulbredd:<\/strong> 385 mm<\/li>\n<li><strong>Justerbar l\u00e4ngd p\u00e5 klinchpress:<\/strong>\u00a0 2 l\u00e4gen<\/li>\n<li><strong>Presskraft:<\/strong> 2600 kg<\/li>\n<li><strong>Automatisk digital lyftp\u00e5fyllare<\/strong><\/li>\n<li><strong>Str\u00f6mf\u00f6rs\u00f6rjning:<\/strong> 400V<\/li>\n<li><strong>Vikt: <\/strong>335 kg<\/li>\n<\/ul>\n<p>Denna d\u00e4ckmaskin \u00e4r avsedd f\u00f6r att montera d\u00e4ck p\u00e5 personbilar, terr\u00e4ngfordon och transportfordon upp till 26&#8243;. Tack vare 3R-armen \u00e4r maskinen idealisk \u00e4ven f\u00f6r montering av RUN-FLAT och l\u00e5gprofilsd\u00e4ck.<\/p>\n<div class=\"flex-shrink-0 flex flex-col relative items-end\">\n<div>\n<div class=\"pt-0\">\n<div class=\"gizmo-bot-avatar flex h-8 w-8 items-center justify-center overflow-hidden rounded-full\">\n<div class=\"relative p-1 rounded-sm flex items-center justify-center bg-token-main-surface-primary text-token-text-primary h-8 w-8\"><\/div>\n<\/div>\n<\/div>\n<\/div>\n<\/div>\n<div class=\"group\/conversation-turn relative flex w-full min-w-0 flex-col agent-turn\">\n<div class=\"flex-col gap-1 md:gap-3\">\n<div class=\"flex max-w-full flex-col flex-grow\">\n<div class=\"min-h-8 text-message flex w-full flex-col items-end gap-2 whitespace-normal break-words text-start [.text-message+&amp;]:mt-5\" dir=\"auto\" data-message-author-role=\"assistant\" data-message-id=\"aa71444c-09f9-4939-b9cb-b24c347bf126\" data-message-model-slug=\"gpt-4o\">\n<div class=\"flex w-full flex-col gap-1 empty:hidden first:pt-[3px]\">\n<div class=\"markdown prose w-full break-words dark:prose-invert light\">\n<p>Med en robust konstruktion och tillverkad av h\u00f6gkvalitativa material s\u00e4kerst\u00e4ller maskinen l\u00e5ng h\u00e5llbarhet och p\u00e5litlig prestanda \u00f6ver m\u00e5nga \u00e5rs anv\u00e4ndning.<\/p>\n<\/div>\n<\/div>\n<\/div>\n<\/div>\n<\/div>\n<\/div>\n<p>D\u00e4ckmaskinen \u00e4r utrustad med tiltbar pelare, 3R-hj\u00e4lparm och monteringsbord med tv\u00e5 hastigheter, vilket g\u00f6r den b\u00e5de flexibel och effektiv f\u00f6r alla typer av d\u00e4ckarbeten.<\/p>\n<\/div>\n<\/div>\n<p><strong>Automatisk luftp\u00e5fyllare<\/strong><\/p>\n<div class=\"flex w-full flex-col gap-1 empty:hidden first:pt-[3px]\">\n<p>D\u00e4ckmaskinen \u00e4r utrustad med en automatisk digital luftp\u00e5fyllare med extra l\u00e5ng slang.<\/p>\n<ol>\n<li>St\u00e4ll enkelt in det \u00f6nskade lufttrycket.<\/li>\n<li>Koppla munstycket till ventilen och tryck p\u00e5 start.<\/li>\n<li>Luftfyllaren st\u00e4nger automatiskt av sig n\u00e4r det f\u00f6rinst\u00e4llda trycket uppn\u00e5tts.<\/li>\n<\/ol>\n<div><\/div>\n<div class=\"markdown prose w-full break-words dark:prose-invert light\">Maskinen \u00e4r CE-godk\u00e4nd och levereras med 12 m\u00e5naders garanti. Alla reservdelar finns tillg\u00e4ngliga.<\/div>\n<\/div>\n<\/div>\n<\/div>\n<\/div>\n<\/div>\n","protected":false},"featured_media":22508,"template":"","meta":{"_acf_changed":false,"_seopress_robots_primary_cat":"none","_seopress_titles_title":"","_seopress_titles_desc":"","_seopress_robots_index":""},"product_cat":[18,186,591],"product_tag":[],"class_list":{"0":"post-22486","1":"product","2":"type-product","3":"status-publish","4":"has-post-thumbnail","6":"product_cat-dackarbete","7":"product_cat-dackmaskiner","8":"product_cat-dackmonteringsmaskiner","10":"first","11":"instock","12":"sale","13":"taxable","14":"shipping-taxable","15":"purchasable","16":"product-type-simple","swatches":"rey-swatches","show_selected":""},"acf":[],"_links":{"self":[{"href":"https:\/\/toolhouse.fi\/sv\/wp-json\/wp\/v2\/product\/22486","targetHints":{"allow":["GET"]}}],"collection":[{"href":"https:\/\/toolhouse.fi\/sv\/wp-json\/wp\/v2\/product"}],"about":[{"href":"https:\/\/toolhouse.fi\/sv\/wp-json\/wp\/v2\/types\/product"}],"version-history":[{"count":5,"href":"https:\/\/toolhouse.fi\/sv\/wp-json\/wp\/v2\/product\/22486\/revisions"}],"predecessor-version":[{"id":22491,"href":"https:\/\/toolhouse.fi\/sv\/wp-json\/wp\/v2\/product\/22486\/revisions\/22491"}],"wp:featuredmedia":[{"embeddable":true,"href":"https:\/\/toolhouse.fi\/sv\/wp-json\/wp\/v2\/media\/22508"}],"wp:attachment":[{"href":"https:\/\/toolhouse.fi\/sv\/wp-json\/wp\/v2\/media?parent=22486"}],"wp:term":[{"taxonomy":"product_cat","embeddable":true,"href":"https:\/\/toolhouse.fi\/sv\/wp-json\/wp\/v2\/product_cat?post=22486"},{"taxonomy":"product_tag","embeddable":true,"href":"https:\/\/toolhouse.fi\/sv\/wp-json\/wp\/v2\/product_tag?post=22486"}],"curies":[{"name":"wp","href":"https:\/\/api.w.org\/{rel}","templated":true}]}}