{"id":22564,"date":"2024-12-17T15:05:25","date_gmt":"2024-12-17T13:05:25","guid":{"rendered":"https:\/\/toolhouse.fi\/?post_type=product&#038;p=22564"},"modified":"2024-12-17T15:05:26","modified_gmt":"2024-12-17T13:05:26","slug":"skjutmatt-0-150mm-keltin","status":"publish","type":"product","link":"https:\/\/toolhouse.fi\/sv\/produkt\/skjutmatt-0-150mm-keltin\/","title":{"rendered":"Skjutm\u00e5tt 0-150mm Keltin"},"content":{"rendered":"","protected":false},"excerpt":{"rendered":"<div class=\"woocommerce-product-details__short-description\">\n<div class=\"flex-shrink-0 flex flex-col relative items-end\">\n<div>\n<div class=\"pt-0\">\n<div class=\"gizmo-bot-avatar flex h-8 w-8 items-center justify-center overflow-hidden rounded-full\">\n<div class=\"relative p-1 rounded-sm flex items-center justify-center bg-token-main-surface-primary text-token-text-primary h-8 w-8\"><\/div>\n<\/div>\n<\/div>\n<\/div>\n<\/div>\n<div class=\"group\/conversation-turn relative flex w-full min-w-0 flex-col agent-turn\">\n<div class=\"flex-col gap-1 md:gap-3\">\n<div class=\"flex max-w-full flex-col flex-grow\">\n<div class=\"min-h-8 text-message flex w-full flex-col items-end gap-2 whitespace-normal break-words text-start [.text-message+&amp;]:mt-5\" dir=\"auto\" data-message-author-role=\"assistant\" data-message-id=\"3a242e31-6f8a-477d-9e38-5786b0a1c6db\" data-message-model-slug=\"gpt-4o\">\n<div class=\"flex w-full flex-col gap-1 empty:hidden first:pt-[3px]\">\n<div class=\"markdown prose w-full break-words dark:prose-invert light\">\n<p><strong>Skjutm\u00e5tt fr\u00e5n Keltin<\/strong><\/p>\n<p>H\u00f6gkvalitativt skjutm\u00e5tt med l\u00e4ttavl\u00e4sta skalor och h\u00f6g precision.<\/p>\n<ul>\n<li><strong>M\u00e4tomr\u00e5de:<\/strong> 0\u2013150 mm<\/li>\n<li><strong>Totall\u00e4ngd:<\/strong> 230 mm<\/li>\n<li><strong>Noggrannhet:<\/strong> 0,02 mm<\/li>\n<li><strong>L\u00e5sbart\u00a0<\/strong><\/li>\n<li><strong>Material:<\/strong> H\u00e4rdat st\u00e5l<\/li>\n<\/ul>\n<p><strong>Tillverkare:<\/strong> Keltin<\/p>\n<\/div>\n<\/div>\n<\/div>\n<\/div>\n<\/div>\n<\/div>\n<\/div>\n<p class=\"stock in-stock\">\n","protected":false},"featured_media":22571,"template":"","meta":{"_acf_changed":false,"_seopress_robots_primary_cat":"","_seopress_titles_title":"","_seopress_titles_desc":"","_seopress_robots_index":""},"product_cat":[577,336,21],"product_tag":[],"class_list":{"0":"post-22564","1":"product","2":"type-product","3":"status-publish","4":"has-post-thumbnail","6":"product_cat-matverktyg","7":"product_cat-verktyg","8":"product_cat-verkstadsutrustning","10":"first","11":"instock","12":"taxable","13":"shipping-taxable","14":"purchasable","15":"product-type-simple","swatches":"rey-swatches","show_selected":""},"acf":[],"_links":{"self":[{"href":"https:\/\/toolhouse.fi\/sv\/wp-json\/wp\/v2\/product\/22564","targetHints":{"allow":["GET"]}}],"collection":[{"href":"https:\/\/toolhouse.fi\/sv\/wp-json\/wp\/v2\/product"}],"about":[{"href":"https:\/\/toolhouse.fi\/sv\/wp-json\/wp\/v2\/types\/product"}],"version-history":[{"count":2,"href":"https:\/\/toolhouse.fi\/sv\/wp-json\/wp\/v2\/product\/22564\/revisions"}],"predecessor-version":[{"id":22576,"href":"https:\/\/toolhouse.fi\/sv\/wp-json\/wp\/v2\/product\/22564\/revisions\/22576"}],"wp:featuredmedia":[{"embeddable":true,"href":"https:\/\/toolhouse.fi\/sv\/wp-json\/wp\/v2\/media\/22571"}],"wp:attachment":[{"href":"https:\/\/toolhouse.fi\/sv\/wp-json\/wp\/v2\/media?parent=22564"}],"wp:term":[{"taxonomy":"product_cat","embeddable":true,"href":"https:\/\/toolhouse.fi\/sv\/wp-json\/wp\/v2\/product_cat?post=22564"},{"taxonomy":"product_tag","embeddable":true,"href":"https:\/\/toolhouse.fi\/sv\/wp-json\/wp\/v2\/product_tag?post=22564"}],"curies":[{"name":"wp","href":"https:\/\/api.w.org\/{rel}","templated":true}]}}