{"id":22595,"date":"2024-12-19T16:14:45","date_gmt":"2024-12-19T14:14:45","guid":{"rendered":"https:\/\/toolhouse.fi\/?post_type=product&#038;p=22595"},"modified":"2025-12-16T21:25:34","modified_gmt":"2025-12-16T19:25:34","slug":"fjaderkompressor-med-stodskena","status":"publish","type":"product","link":"https:\/\/toolhouse.fi\/sv\/produkt\/fjaderkompressor-med-stodskena\/","title":{"rendered":"Fj\u00e4derkompressor med st\u00f6dskena"},"content":{"rendered":"","protected":false},"excerpt":{"rendered":"<p><strong>Stabil fj\u00e4derkompressor med st\u00f6dskena<\/strong><\/p>\n<p>Denna fj\u00e4derkompressor \u00e4r f\u00f6rsedd med en robust st\u00f6dskena som effektivt f\u00f6rhindrar att fj\u00e4dern lossnar oavsiktligt och s\u00e4kerst\u00e4ller att kompressorn h\u00e5ller sig i r\u00e4tt linje under belastning.<\/p>\n<p>Fj\u00e4derkompressorn \u00e4r utformad f\u00f6r att fungera med b\u00e5de h\u00f6ger- och v\u00e4nstervridna fj\u00e4drar, exempelvis p\u00e5 Nissan Qashqai och Honda CR-V.<\/p>\n<ul>\n<li>Arbetsomr\u00e5de: 23\u2013280 mm<\/li>\n<li>Max kapacitet: 1200 kg\/par<\/li>\n<li>19 mm sexkantsf\u00e4ste.<\/li>\n<li>Justerbar st\u00f6dskena<\/li>\n<li>Vikt: 4,5 kg<\/li>\n<li>Tillverkare: Geko<\/li>\n<\/ul>\n<p>&nbsp;<\/p>\n","protected":false},"featured_media":22600,"template":"","meta":{"_acf_changed":false,"_seopress_robots_primary_cat":"none","_seopress_titles_title":"","_seopress_titles_desc":"","_seopress_robots_index":""},"product_cat":[338,585,21],"product_tag":[],"class_list":{"0":"post-22595","1":"product","2":"type-product","3":"status-publish","4":"has-post-thumbnail","6":"product_cat-fordonsverktyg","7":"product_cat-verktyg-for-underrede-och-transmission","8":"product_cat-verkstadsutrustning","10":"first","11":"instock","12":"taxable","13":"shipping-taxable","14":"purchasable","15":"product-type-simple","swatches":"rey-swatches","show_selected":""},"acf":[],"_links":{"self":[{"href":"https:\/\/toolhouse.fi\/sv\/wp-json\/wp\/v2\/product\/22595","targetHints":{"allow":["GET"]}}],"collection":[{"href":"https:\/\/toolhouse.fi\/sv\/wp-json\/wp\/v2\/product"}],"about":[{"href":"https:\/\/toolhouse.fi\/sv\/wp-json\/wp\/v2\/types\/product"}],"version-history":[{"count":0,"href":"https:\/\/toolhouse.fi\/sv\/wp-json\/wp\/v2\/product\/22595\/revisions"}],"wp:featuredmedia":[{"embeddable":true,"href":"https:\/\/toolhouse.fi\/sv\/wp-json\/wp\/v2\/media\/22600"}],"wp:attachment":[{"href":"https:\/\/toolhouse.fi\/sv\/wp-json\/wp\/v2\/media?parent=22595"}],"wp:term":[{"taxonomy":"product_cat","embeddable":true,"href":"https:\/\/toolhouse.fi\/sv\/wp-json\/wp\/v2\/product_cat?post=22595"},{"taxonomy":"product_tag","embeddable":true,"href":"https:\/\/toolhouse.fi\/sv\/wp-json\/wp\/v2\/product_tag?post=22595"}],"curies":[{"name":"wp","href":"https:\/\/api.w.org\/{rel}","templated":true}]}}