{"id":22715,"date":"2024-12-27T17:28:30","date_gmt":"2024-12-27T15:28:30","guid":{"rendered":"https:\/\/toolhouse.fi\/?post_type=product&#038;p=22715"},"modified":"2025-09-19T15:15:13","modified_gmt":"2025-09-19T12:15:13","slug":"blockeringsverktyg-ford-1-6-ti-vct","status":"publish","type":"product","link":"https:\/\/toolhouse.fi\/sv\/produkt\/blockeringsverktyg-ford-1-6-ti-vct\/","title":{"rendered":"Blockeringsverktyg FORD 1.6 Ti-VCT"},"content":{"rendered":"","protected":false},"excerpt":{"rendered":"<p>Kamaxell\u00e5s designat f\u00f6r Ford personbilar utrustade med 1.6 TI-VCT (variabla ventiltider) bensinmotorer. Verktyget m\u00f6jligg\u00f6r problemfritt byte av kamrem och inst\u00e4llning av kamtider.<\/p>\n<p><strong>Anv\u00e4ndningsomr\u00e5de (FORD):<\/strong><\/p>\n<ul>\n<li>C-MAX (07\u201312)<\/li>\n<li>Fiesta (08\u201312)<\/li>\n<li>Focus (04\u201312)<\/li>\n<li>Focus C-MAX (03\u201307)<\/li>\n<li>Grand C-MAX (10\u201312)<\/li>\n<li>Mondeo (07\u201310)<\/li>\n<\/ul>\n<p><strong>Motor:<\/strong> 1.6 TI-VCT<br \/>\n<strong>Motorkoder:<\/strong> HXJA, HXJB, HXDA, IQDA, IQDB, PNBA, PNDA, RHBA, SIDA, 1.6Ti-VCTFFV, PNDA<\/p>\n<p>&nbsp;<\/p>\n<p>Tillverkare: Geko<\/p>\n","protected":false},"featured_media":22718,"template":"","meta":{"_acf_changed":false,"_seopress_robots_primary_cat":"none","_seopress_titles_title":"","_seopress_titles_desc":"","_seopress_robots_index":""},"product_cat":[338,582,21],"product_tag":[],"class_list":{"0":"post-22715","1":"product","2":"type-product","3":"status-publish","4":"has-post-thumbnail","6":"product_cat-fordonsverktyg","7":"product_cat-motorverktyg","8":"product_cat-verkstadsutrustning","10":"first","11":"instock","12":"taxable","13":"shipping-taxable","14":"purchasable","15":"product-type-simple","swatches":"rey-swatches","show_selected":""},"acf":[],"_links":{"self":[{"href":"https:\/\/toolhouse.fi\/sv\/wp-json\/wp\/v2\/product\/22715","targetHints":{"allow":["GET"]}}],"collection":[{"href":"https:\/\/toolhouse.fi\/sv\/wp-json\/wp\/v2\/product"}],"about":[{"href":"https:\/\/toolhouse.fi\/sv\/wp-json\/wp\/v2\/types\/product"}],"version-history":[{"count":0,"href":"https:\/\/toolhouse.fi\/sv\/wp-json\/wp\/v2\/product\/22715\/revisions"}],"wp:featuredmedia":[{"embeddable":true,"href":"https:\/\/toolhouse.fi\/sv\/wp-json\/wp\/v2\/media\/22718"}],"wp:attachment":[{"href":"https:\/\/toolhouse.fi\/sv\/wp-json\/wp\/v2\/media?parent=22715"}],"wp:term":[{"taxonomy":"product_cat","embeddable":true,"href":"https:\/\/toolhouse.fi\/sv\/wp-json\/wp\/v2\/product_cat?post=22715"},{"taxonomy":"product_tag","embeddable":true,"href":"https:\/\/toolhouse.fi\/sv\/wp-json\/wp\/v2\/product_tag?post=22715"}],"curies":[{"name":"wp","href":"https:\/\/api.w.org\/{rel}","templated":true}]}}