{"id":22769,"date":"2024-12-30T15:55:56","date_gmt":"2024-12-30T13:55:56","guid":{"rendered":"https:\/\/toolhouse.fi\/?post_type=product&#038;p=22769"},"modified":"2026-03-03T14:59:57","modified_gmt":"2026-03-03T12:59:57","slug":"blockeringsverktyg-opel-nissan-renault-1-6-2-0-2-3-dci-cdti","status":"publish","type":"product","link":"https:\/\/toolhouse.fi\/sv\/produkt\/blockeringsverktyg-opel-nissan-renault-1-6-2-0-2-3-dci-cdti\/","title":{"rendered":"Blockeringsverktyg OPEL, NISSAN, RENAULT, 1.6, 2.0, 2.3, DCI, CDTI"},"content":{"rendered":"","protected":false},"excerpt":{"rendered":"<p><strong>L\u00e5sverktyg OPEL NISSAN RENAULT 1.6 2.0 2.3 DCI TDCI<\/strong><\/p>\n<p><strong>Inneh\u00e5ll i satsen:<\/strong><\/p>\n<ul>\n<li>Vevaxell\u00e5sningsverktyg<\/li>\n<li>L\u00e5sstift f\u00f6r sp\u00e4nnare<\/li>\n<li>H\u00e5llverktyg f\u00f6r vevaxelns remskiva (OEM: MOT 1770 \/ EN48334)<\/li>\n<li>Inst\u00e4llningsverktyg f\u00f6r kamaxel (OEM: MOT1769 \/ EN48332)<\/li>\n<li>Rikth\u00e5llare f\u00f6r kamaxeldrev (OEM: MOT 1773 \/ EN48331)<\/li>\n<li>L\u00e5sstift f\u00f6r vevaxel (OEM: MOT1776 \/ EN48330)<\/li>\n<li>L\u00e5sstift f\u00f6r kedjesp\u00e4nnare<\/li>\n<li>M6-bult (f\u00f6r anv\u00e4ndning med kamaxelns inst\u00e4llningsverktyg)<\/li>\n<li>4 mm insexnyckel (f\u00f6r anv\u00e4ndning med rikth\u00e5llaren)<\/li>\n<\/ul>\n<p><strong>Anv\u00e4ndningsomr\u00e5de:<\/strong><\/p>\n<ul>\n<li><strong>Nissan:<\/strong> Primastar X83 (06\u201310), Qashqai\/Qashqai+2 J10 (07\u201310), X-Trail T31 (07\u201314)<\/li>\n<li><strong>Renault:<\/strong> Espace\/Grand Espace IV (06\u201310), Kaleos (08\u201311), Laguna II (05\u201307), Laguna III (07\u201314), Master III (10\u201315), Megane II (06\u201310), Scenic\/Grand Scenic II (06\u201309), Scenic\/Grand Scenic III (09\u201315), Trafic II (06\u201312), Vel Satis (05\u201310)<\/li>\n<li><strong>Opel:<\/strong> Movano-B (10\u201315), Vivaro (06\u201315)<\/li>\n<\/ul>\n<p><strong>Motorkoder:<\/strong><\/p>\n<ul>\n<li><strong>Renault:<\/strong> M9R 700, M9R 721, M9R 724, M9R 740, M9R 742, M9R 746, M9R 760, M9R 761, M9R 780, M9R 802, M9R 805, M9R 830, M9R 832, M9R 833<\/li>\n<li><strong>Nissan:<\/strong> M9R 780, M9R 830, M9R 832, M9R 833<\/li>\n<li><strong>Opel:<\/strong> M9R 780, M9R 782, M9R 784<\/li>\n<\/ul>\n<p><strong>Tillverkare:<\/strong> Geko<\/p>\n","protected":false},"featured_media":22772,"template":"","meta":{"_acf_changed":false,"_seopress_robots_primary_cat":"none","_seopress_titles_title":"","_seopress_titles_desc":"","_seopress_robots_index":""},"product_cat":[338,582,21],"product_tag":[],"class_list":{"0":"post-22769","1":"product","2":"type-product","3":"status-publish","4":"has-post-thumbnail","6":"product_cat-fordonsverktyg","7":"product_cat-motorverktyg","8":"product_cat-verkstadsutrustning","10":"first","11":"instock","12":"taxable","13":"shipping-taxable","14":"purchasable","15":"product-type-simple","swatches":"rey-swatches","show_selected":""},"acf":[],"_links":{"self":[{"href":"https:\/\/toolhouse.fi\/sv\/wp-json\/wp\/v2\/product\/22769","targetHints":{"allow":["GET"]}}],"collection":[{"href":"https:\/\/toolhouse.fi\/sv\/wp-json\/wp\/v2\/product"}],"about":[{"href":"https:\/\/toolhouse.fi\/sv\/wp-json\/wp\/v2\/types\/product"}],"version-history":[{"count":1,"href":"https:\/\/toolhouse.fi\/sv\/wp-json\/wp\/v2\/product\/22769\/revisions"}],"predecessor-version":[{"id":22778,"href":"https:\/\/toolhouse.fi\/sv\/wp-json\/wp\/v2\/product\/22769\/revisions\/22778"}],"wp:featuredmedia":[{"embeddable":true,"href":"https:\/\/toolhouse.fi\/sv\/wp-json\/wp\/v2\/media\/22772"}],"wp:attachment":[{"href":"https:\/\/toolhouse.fi\/sv\/wp-json\/wp\/v2\/media?parent=22769"}],"wp:term":[{"taxonomy":"product_cat","embeddable":true,"href":"https:\/\/toolhouse.fi\/sv\/wp-json\/wp\/v2\/product_cat?post=22769"},{"taxonomy":"product_tag","embeddable":true,"href":"https:\/\/toolhouse.fi\/sv\/wp-json\/wp\/v2\/product_tag?post=22769"}],"curies":[{"name":"wp","href":"https:\/\/api.w.org\/{rel}","templated":true}]}}