{"id":22921,"date":"2025-01-08T12:32:27","date_gmt":"2025-01-08T10:32:27","guid":{"rendered":"https:\/\/toolhouse.fi\/?post_type=product&#038;p=22921"},"modified":"2025-05-09T15:50:21","modified_gmt":"2025-05-09T12:50:21","slug":"magnetvinkel-190-mm","status":"publish","type":"product","link":"https:\/\/toolhouse.fi\/sv\/produkt\/magnetvinkel-190-mm\/","title":{"rendered":"Magnetvinkel 190 mm"},"content":{"rendered":"","protected":false},"excerpt":{"rendered":"<p>Svetsvinkel 190mm med dragkraft p\u00e5 34,5 kg. Oumb\u00e4rligt verktyg f\u00f6r svetsning, l\u00f6dning och montering av metallelement. H\u00e5llaren g\u00f6r det enkelt att fixera material i vinklarna 45\u00b0, 90\u00b0 och 135\u00b0 och ger en stabil, or\u00f6rlig position tack vare sin starka magnet.<\/p>\n<h3><\/h3>\n<ul>\n<li>Dragkraft: 34,5 kg<\/li>\n<li>L\u00e4ngd 190mm<\/li>\n<li>H\u00f6jd 121mm<\/li>\n<li>Bredd: 25mm<\/li>\n<li>Vikt: 1kg<\/li>\n<li>Vinkelfixering: M\u00f6jlighet att st\u00e4lla material i vinklarna 45\u00b0, 90\u00b0 och 135\u00b0.<\/li>\n<li>Tillverkare: Geko<\/li>\n<\/ul>\n<p>&nbsp;<\/p>\n","protected":false},"featured_media":22924,"template":"","meta":{"_acf_changed":false,"_seopress_robots_primary_cat":"none","_seopress_titles_title":"","_seopress_titles_desc":"","_seopress_robots_index":""},"product_cat":[55,615],"product_tag":[],"class_list":{"0":"post-22921","1":"product","2":"type-product","3":"status-publish","4":"has-post-thumbnail","6":"product_cat-svets-metallarbete","7":"product_cat-svetstillbehor","9":"first","10":"instock","11":"taxable","12":"shipping-taxable","13":"purchasable","14":"product-type-simple","swatches":"rey-swatches","show_selected":""},"acf":[],"_links":{"self":[{"href":"https:\/\/toolhouse.fi\/sv\/wp-json\/wp\/v2\/product\/22921","targetHints":{"allow":["GET"]}}],"collection":[{"href":"https:\/\/toolhouse.fi\/sv\/wp-json\/wp\/v2\/product"}],"about":[{"href":"https:\/\/toolhouse.fi\/sv\/wp-json\/wp\/v2\/types\/product"}],"version-history":[{"count":2,"href":"https:\/\/toolhouse.fi\/sv\/wp-json\/wp\/v2\/product\/22921\/revisions"}],"predecessor-version":[{"id":22931,"href":"https:\/\/toolhouse.fi\/sv\/wp-json\/wp\/v2\/product\/22921\/revisions\/22931"}],"wp:featuredmedia":[{"embeddable":true,"href":"https:\/\/toolhouse.fi\/sv\/wp-json\/wp\/v2\/media\/22924"}],"wp:attachment":[{"href":"https:\/\/toolhouse.fi\/sv\/wp-json\/wp\/v2\/media?parent=22921"}],"wp:term":[{"taxonomy":"product_cat","embeddable":true,"href":"https:\/\/toolhouse.fi\/sv\/wp-json\/wp\/v2\/product_cat?post=22921"},{"taxonomy":"product_tag","embeddable":true,"href":"https:\/\/toolhouse.fi\/sv\/wp-json\/wp\/v2\/product_tag?post=22921"}],"curies":[{"name":"wp","href":"https:\/\/api.w.org\/{rel}","templated":true}]}}